{"id":10802,"date":"2021-12-05T02:29:24","date_gmt":"2021-12-05T01:29:24","guid":{"rendered":"https:\/\/stularplus.com\/65mm-swiftach-schlaufen-ny-befestigungen\/"},"modified":"2025-10-21T21:29:28","modified_gmt":"2025-10-21T19:29:28","slug":"65mm-swiftach-schlaufen-ny-befestigungen","status":"publish","type":"product","link":"https:\/\/stularplus.com\/de\/65mm-swiftach-schlaufen-ny-befestigungen\/","title":{"rendered":"65mm Swiftach Schlaufen NY Befestigungen"},"content":{"rendered":"<div class=\"elementor-element elementor-element-93a7a1e elementor-widget elementor-widget-woocommerce-product-content\" data-id=\"93a7a1e\" data-element_type=\"widget\" data-widget_type=\"woocommerce-product-content.default\">\n<div class=\"elementor-widget-container\">\n<div class=\"elementor-element elementor-element-219ff3a elementor-widget elementor-widget-woocommerce-product-content\" data-id=\"219ff3a\" data-element_type=\"widget\" data-widget_type=\"woocommerce-product-content.default\">\n<div class=\"elementor-widget-container\">\n<p><strong>65MM NY Schlaufenbefestigungen (Stifte)<\/strong> sind aus Nylon gefertigt und sehr einfach zu verwenden.<\/p>\n<p>Bringen Sie ein <strong>Etikett<\/strong> an und stellen Sie einen Aufh\u00e4nger zur Pr\u00e4sentation in einem Arbeitsgang bereit.<br \/>\nMit <strong>Loop Fasteners<\/strong> k\u00f6nnen Sie <strong>Artikel lose miteinander verbinden<\/strong> oder weiche Waren aufh\u00e4ngen. Ideal zur Sicherung von Produkten in Verpackungsanwendungen. Muss zweimal ausgel\u00f6st werden.   Ein Karton enth\u00e4lt 5.000 Heftf\u00e4den.<\/p>\n<p><strong>Schlaufenbefestigungen<\/strong> sind mit allen <strong>Standard-Etikettierpistolen<\/strong> kompatibel.<\/p>\n<p><strong>Profitieren Sie von Mengenrabatten!<\/strong><br \/>\nGewicht: 0,12 kg\/TH<\/p>\n<\/div>\n<\/div>\n<\/div>\n<\/div>\n","protected":false},"excerpt":{"rendered":"<p><b>65mm Nylon Schlaufe SWIFTACH NY<\/b> &#8211; zum Anbringen von Etiketten an H\u00fcten, M\u00fctzen, Socken, Handschuhen usw. Premium-Qualit\u00e4tsprodukt von Avery Dennison. Der Preis gilt pro Karton mit 5.000 Stiften.  <\/p>\n","protected":false},"featured_media":10804,"template":"","meta":[],"product_cat":[249],"product_tag":[],"_links":{"self":[{"href":"https:\/\/stularplus.com\/de\/wp-json\/wp\/v2\/product\/10802"}],"collection":[{"href":"https:\/\/stularplus.com\/de\/wp-json\/wp\/v2\/product"}],"about":[{"href":"https:\/\/stularplus.com\/de\/wp-json\/wp\/v2\/types\/product"}],"wp:featuredmedia":[{"embeddable":true,"href":"https:\/\/stularplus.com\/de\/wp-json\/wp\/v2\/media\/10804"}],"wp:attachment":[{"href":"https:\/\/stularplus.com\/de\/wp-json\/wp\/v2\/media?parent=10802"}],"wp:term":[{"taxonomy":"product_cat","embeddable":true,"href":"https:\/\/stularplus.com\/de\/wp-json\/wp\/v2\/product_cat?post=10802"},{"taxonomy":"product_tag","embeddable":true,"href":"https:\/\/stularplus.com\/de\/wp-json\/wp\/v2\/product_tag?post=10802"}],"curies":[{"name":"wp","href":"https:\/\/api.w.org\/{rel}","templated":true}]}}