{"id":10811,"date":"2021-12-05T02:29:25","date_gmt":"2021-12-05T01:29:25","guid":{"rendered":"https:\/\/stularplus.com\/20mm-feintextil-trockenreinigung-nylon\/"},"modified":"2025-10-17T15:37:31","modified_gmt":"2025-10-17T13:37:31","slug":"20mm-feintextil-trockenreinigung-nylon","status":"publish","type":"product","link":"https:\/\/stularplus.com\/de\/20mm-feintextil-trockenreinigung-nylon\/","title":{"rendered":"20mm Feintextil-Trockenreinigung Nylon"},"content":{"rendered":"<p><strong>20 MM Fine Najlon Splinte <\/strong>so narejene<strong> za ozna\u010devanje izdelkov v kemi\u010dnih \u010distilnicah.<\/strong> Splinte so narejene iz<strong> 100% najlona<\/strong>, ki omogo\u010da izredno trdnost in odpornost.<\/p>\n<p>Posebne najlon splinte so narejene, da vzdr\u017eijo tudi ob vlagi in ostrih kemikalijah, ki se pojavljajo pri procesu kemi\u010dnega \u010di\u0161\u010denja. <strong>Fine splinte prepre\u010dujejo nastanek po\u0161kodb pri njihovem odstranjevanju<\/strong> ter nastanek luknjic na tkaninah.<\/p>\n<p><strong>Nadomestite kovinske sponke s finimi splintami.<\/strong>  Prepre\u010dite po\u0161kodbe na oblekah in nezadovoljstvo strank zaradi kovinskih sponk. Uporabite Avery Dennison Dry Cleaning najlon splinte! <\/p>\n<p>&#8211; Ne pu\u0161\u010dajo rjastih sledi na oblekah, kot se je to dogajalo pri kovinskih sponkah.<\/p>\n<p>&#8211; uporaba teh splint omogo\u010da najve\u010djo varnost pritrjevanja obesnih etiket v pralnicah in \u010distilnicah<\/p>\n<p>&#8211; uporaba sistema &#8222;Dry Cleaning&#8220; prepre\u010duje po\u0161kodbe na prine\u0161enih oblekah v \u010di\u0161\u010denje in stranke bodo \u0161e bolj zadovoljne z va\u0161o storitvijo<\/p>\n<p>&#8211; z uporabo fine etiketirne pi\u0161tole, ki ima tanj\u0161o iglo (Fine), posledi\u010dno zagotovi minimalen vbod v tekstilu, kar je seveda nujnost<\/p>\n<p><strong>Die Splinte sind in Schachteln zu je 10.000 St\u00fcck verpackt.<\/strong><\/p>\n<p>Die Avery Dennison Blue Box Standard Splinte sind <strong>kompatibel mit allen FINE Etikettierpistolen.<\/strong><\/p>\n<p>Uporaba: <strong>pralnice, kemi\u010dne \u010distilnice<\/strong><\/p>\n<p>F\u00fcr Etikettierpistolen des Typs: <strong>FINE<\/strong><\/p>\n<p>Avery Dennison, MKIII FINE FABRIC PG TOOL (10312)<\/p>\n<p>Farbe des Splints: neutral<\/p>\n<p>Material: Nylon<\/p>\n<p>Dol\u017eina splinte: 20 mm<\/p>\n<p>Max.mo\u010d oz vzdr\u017eljivost splinte: 1,27 kg<\/p>\n<p>Koli\u010dina splint na sar\u017eerju: <strong>100 kos<\/strong><\/p>\n<p>Verpackt: min. 10.000 Splinte \/ Schachtel<\/p>\n<p>100.000 Splinte \/ Karton<\/p>\n<p>Te\u017ea:<br \/>\n0,04 kg\/tiso\u010d<\/p>\n","protected":false},"excerpt":{"rendered":"<p><b>20mm NY fine splinte za kemi\u010dne \u010distilnice.<\/b>  Enostavno ozna\u010devanje in sledenje izdelkov v kemi\u010dnih \u010distilnicah. Idealna alternativa kovinskim sponkam so posebne splinte, ki ne po\u0161kodujejo tkanine. Cena velja za \u0161katlo (10.000 kos).  <\/p>\n","protected":false},"featured_media":10813,"template":"","meta":[],"product_cat":[251],"product_tag":[],"_links":{"self":[{"href":"https:\/\/stularplus.com\/de\/wp-json\/wp\/v2\/product\/10811"}],"collection":[{"href":"https:\/\/stularplus.com\/de\/wp-json\/wp\/v2\/product"}],"about":[{"href":"https:\/\/stularplus.com\/de\/wp-json\/wp\/v2\/types\/product"}],"wp:featuredmedia":[{"embeddable":true,"href":"https:\/\/stularplus.com\/de\/wp-json\/wp\/v2\/media\/10813"}],"wp:attachment":[{"href":"https:\/\/stularplus.com\/de\/wp-json\/wp\/v2\/media?parent=10811"}],"wp:term":[{"taxonomy":"product_cat","embeddable":true,"href":"https:\/\/stularplus.com\/de\/wp-json\/wp\/v2\/product_cat?post=10811"},{"taxonomy":"product_tag","embeddable":true,"href":"https:\/\/stularplus.com\/de\/wp-json\/wp\/v2\/product_tag?post=10811"}],"curies":[{"name":"wp","href":"https:\/\/api.w.org\/{rel}","templated":true}]}}