{"id":10818,"date":"2021-12-05T02:29:24","date_gmt":"2021-12-05T01:29:24","guid":{"rendered":"https:\/\/stularplus.com\/65-mm-swiftach-schlaufen-pp-befestiger\/"},"modified":"2025-10-17T15:37:15","modified_gmt":"2025-10-17T13:37:15","slug":"65-mm-swiftach-schlaufen-pp-befestiger","status":"publish","type":"product","link":"https:\/\/stularplus.com\/de\/65-mm-swiftach-schlaufen-pp-befestiger\/","title":{"rendered":"65 mm Swiftach Schlaufen-PP-Befestiger"},"content":{"rendered":"<div class=\"elementor-element elementor-element-219ff3a elementor-widget elementor-widget-woocommerce-product-content\" data-id=\"219ff3a\" data-element_type=\"widget\" data-widget_type=\"woocommerce-product-content.default\">\n<div class=\"elementor-widget-container\">\n<div class=\"elementor-element elementor-element-93a7a1e elementor-widget elementor-widget-woocommerce-product-content\" data-id=\"93a7a1e\" data-element_type=\"widget\" data-widget_type=\"woocommerce-product-content.default\">\n<div class=\"elementor-widget-container\">\n<div class=\"elementor-element elementor-element-219ff3a elementor-widget elementor-widget-woocommerce-product-content\" data-id=\"219ff3a\" data-element_type=\"widget\" data-widget_type=\"woocommerce-product-content.default\">\n<div class=\"elementor-widget-container\">\n<p><strong>65 mm PP-Schlaufenbefestiger (Pins)<\/strong> bestehen aus PP und sind sehr einfach zu verwenden.<\/p>\n<p>Befestigen Sie ein <strong>Etikett<\/strong> und bieten Sie in einem Arbeitsgang eine Aufh\u00e4ngung zur Pr\u00e4sentation.<br \/>\nMit <strong>Schlaufenbefestigungen<\/strong> k\u00f6nnen Sie <strong>Artikel locker miteinander verbinden<\/strong> oder Textilien aufh\u00e4ngen. Ideal zur Sicherung von Produkten in Verpackungsanwendungen. Muss zweimal ausgel\u00f6st werden. Eine Packung enth\u00e4lt 5000 Befestigungselemente.   <\/p>\n<p><strong>Schlaufenbefestigungen<\/strong> sind mit allen <strong>Standard-Etikettierpistolen<\/strong> kompatibel.<\/p>\n<p><strong>Profitieren Sie von Mengenrabatten!<\/strong><br \/>\nGewicht: 0,12 kg\/TH<\/p>\n<\/div>\n<\/div>\n<\/div>\n<\/div>\n<\/div>\n<\/div>\n<p>&nbsp;<\/p>\n<p>&nbsp;<\/p>\n","protected":false},"excerpt":{"rendered":"<p><b>65 mm PP-Schlaufen SWIFTACH <\/b> &#8211; zum Etikettieren von H\u00fcten, M\u00fctzen, Socken, Handschuhen usw. Premium-Qualit\u00e4tsprodukt von Avery Dennison. Der Preis gilt pro Karton mit 5.000 Pins.  <\/p>\n","protected":false},"featured_media":10820,"template":"","meta":[],"product_cat":[249],"product_tag":[],"_links":{"self":[{"href":"https:\/\/stularplus.com\/de\/wp-json\/wp\/v2\/product\/10818"}],"collection":[{"href":"https:\/\/stularplus.com\/de\/wp-json\/wp\/v2\/product"}],"about":[{"href":"https:\/\/stularplus.com\/de\/wp-json\/wp\/v2\/types\/product"}],"wp:featuredmedia":[{"embeddable":true,"href":"https:\/\/stularplus.com\/de\/wp-json\/wp\/v2\/media\/10820"}],"wp:attachment":[{"href":"https:\/\/stularplus.com\/de\/wp-json\/wp\/v2\/media?parent=10818"}],"wp:term":[{"taxonomy":"product_cat","embeddable":true,"href":"https:\/\/stularplus.com\/de\/wp-json\/wp\/v2\/product_cat?post=10818"},{"taxonomy":"product_tag","embeddable":true,"href":"https:\/\/stularplus.com\/de\/wp-json\/wp\/v2\/product_tag?post=10818"}],"curies":[{"name":"wp","href":"https:\/\/api.w.org\/{rel}","templated":true}]}}