{"id":10819,"date":"2021-12-05T02:29:25","date_gmt":"2021-12-05T01:29:25","guid":{"rendered":"https:\/\/stularplus.com\/11-mm-feingewebe-t-end-ny-befestigungen\/"},"modified":"2025-10-17T15:37:34","modified_gmt":"2025-10-17T13:37:34","slug":"11-mm-feingewebe-t-end-ny-befestigungen","status":"publish","type":"product","link":"https:\/\/stularplus.com\/de\/11-mm-feingewebe-t-end-ny-befestigungen\/","title":{"rendered":"11 mm Feingewebe T-End NY-Befestigungen"},"content":{"rendered":"<p><strong>11 MM NY T-END Splinte sind aus 100 % Nylon gefertigt<\/strong>, was eine au\u00dfergew\u00f6hnliche Festigkeit und Widerstandsf\u00e4higkeit erm\u00f6glicht. Die speziellen T-END Nylon-Splinte sind ohne Paddel gefertigt und ideal <strong>zum Markieren<\/strong> bzw. <strong>Verpacken von Socken<\/strong> und anderen Textilprodukten. <\/p>\n<p>Durch die Verwendung einer feinen Etikettierpistole mit einer d\u00fcnneren Nadel (Fine) wird ein minimaler Einstich in die Socke gew\u00e4hrleistet, was nat\u00fcrlich eine Notwendigkeit ist. Die T-End Splinte erm\u00f6glichen eine ideale Etikettierung bzw. Verpackung von Socken eines Paares. <\/p>\n<p>Die Splinte sind in Schachteln zu je 10.000 St\u00fcck verpackt.<\/p>\n<p>T-Splinte sind weniger auff\u00e4llig als normale Splinte. Sie werden zur Kennzeichnung von Produkten und zur Verpackung verwendet (z. B. Socken). Sie bestehen aus strapazierf\u00e4higem Nylon, das eine feste Befestigung gew\u00e4hrleistet. <strong>T-Splinte sorgen f\u00fcr ein sch\u00f6neres Endergebnis des Produkts<\/strong>, was ein Vorteil im Vergleich zu anderen Splinten mit einem paddelf\u00f6rmigen Ende ist.  <\/p>\n<p>Die Avery Dennison Blue Box Standard Splinte sind <strong>kompatibel mit allen FINE Etikettierpistolen.<\/strong><\/p>\n<p>Verwendung: <strong>Verpackung von Socken<\/strong> (d\u00fcnner)<\/p>\n<p>F\u00fcr Etikettierpistolen des Typs: <strong>FINE<\/strong><\/p>\n<p>Avery Dennison, MKIII FINE FABRIC PG TOOL (10312)<\/p>\n<p>Farbe des Splints: neutral<\/p>\n<p>Material: Nylon<\/p>\n<p>L\u00e4nge der Splinte: 11 mm<\/p>\n<p>Max. Kraft bzw. Haltbarkeit der Splinte: 1,58 kg<\/p>\n<p>Anzahl der Splinte pro Magazin: <strong>50 St\u00fcck<\/strong><\/p>\n<p>Verpackt: min. 10.000 Splinte \/ Schachtel<\/p>\n<p>100.000 Splinte \/ Karton<\/p>\n<p>Gewicht: 0,02 kg\/Tausend<\/p>\n","protected":false},"excerpt":{"rendered":"<p><b>11mm NY T-End Fine Splinte zur Kennzeichnung von Socken.<\/b> H\u00f6chste Nylonqualit\u00e4t garantiert Festigkeit und Widerstandsf\u00e4higkeit.<\/p>\n<p>Der Preis gilt f\u00fcr eine Schachtel (10.000 St\u00fcck).<\/p>\n","protected":false},"featured_media":10821,"template":"","meta":[],"product_cat":[252],"product_tag":[],"_links":{"self":[{"href":"https:\/\/stularplus.com\/de\/wp-json\/wp\/v2\/product\/10819"}],"collection":[{"href":"https:\/\/stularplus.com\/de\/wp-json\/wp\/v2\/product"}],"about":[{"href":"https:\/\/stularplus.com\/de\/wp-json\/wp\/v2\/types\/product"}],"wp:featuredmedia":[{"embeddable":true,"href":"https:\/\/stularplus.com\/de\/wp-json\/wp\/v2\/media\/10821"}],"wp:attachment":[{"href":"https:\/\/stularplus.com\/de\/wp-json\/wp\/v2\/media?parent=10819"}],"wp:term":[{"taxonomy":"product_cat","embeddable":true,"href":"https:\/\/stularplus.com\/de\/wp-json\/wp\/v2\/product_cat?post=10819"},{"taxonomy":"product_tag","embeddable":true,"href":"https:\/\/stularplus.com\/de\/wp-json\/wp\/v2\/product_tag?post=10819"}],"curies":[{"name":"wp","href":"https:\/\/api.w.org\/{rel}","templated":true}]}}