{"id":10945,"date":"2025-10-09T11:08:46","date_gmt":"2025-10-09T09:08:46","guid":{"rendered":"https:\/\/stularplus.com\/?post_type=product&#038;p=10945"},"modified":"2025-10-17T15:26:58","modified_gmt":"2025-10-17T13:26:58","slug":"tagson-astrid-bekleidungsetikettiermaschine","status":"publish","type":"product","link":"https:\/\/stularplus.com\/de\/tagson-astrid-bekleidungsetikettiermaschine\/","title":{"rendered":"TAGSON Astrid (Etikettiermaschine f\u00fcr Bekleidung)"},"content":{"rendered":"<h4><strong>Bringen Sie Etiketten mit Befestigungselementen in Sekundenschnelle an Kleidungsst\u00fccken an. Steigern Sie die Produktivit\u00e4t um 80 % <\/strong><\/h4>\n<p>Kleine Maschine, die in jede Bekleidungsproduktion passt.<\/p>\n<p>Sehen Sie sich das Pr\u00e4sentationsvideo <a href=\"https:\/\/www.youtube.com\/watch?v=FqRdt9tcRrY\" target=\"_blank\" rel=\"noopener\">hier<\/a> an.<\/p>\n<p>Zuverl\u00e4ssigkeit, Produktivit\u00e4t, Geschwindigkeit, Ergonomie und Genauigkeit sind die Hauptmerkmale der neuen pneumatischen, automatischen, tragbaren Etikettiermaschine. Die ASTRID ist eine leichte, tragbare Plug-and-Play-Etikettierl\u00f6sung, die f\u00fcr jede Bekleidungsproduktionslinie oder Einzelhandelsumgebung geeignet ist. Sie wurde f\u00fcr Effizienz, Benutzerfreundlichkeit und Vielseitigkeit entwickelt und rationalisiert Ihren Bekleidungsetikettierprozess f\u00fcr h\u00f6here Produktivit\u00e4t und Qualit\u00e4t.  <\/p>\n<p><strong>Zum Etikettieren feinster Materialien bis hin zu sehr dicken M\u00e4nteln usw. mit Pr\u00e4zision in Sekundenschnelle.<\/strong><\/p>\n<p>Dank ihres kompakten Designs und der schnellen Aktivierung l\u00e4sst sich die tragbare automatische Etikettiermaschine ASTRID problemlos in alle Arten von Bekleidungslinien integrieren. <strong>Entwickelt f\u00fcr jede Produktionslinie oder Einzelhandelsumgebung, die ihren Arbeitsablauf vereinfachen, die Produktivit\u00e4t steigern und die Verpackungskosten senken m\u00f6chte.<\/strong><\/p>\n<p>Jede Maschine wird mit h\u00f6chster Pr\u00e4zision gefertigt und auf die Anforderungen der Endverbraucher zugeschnitten. Das Herzst\u00fcck der Maschine wird <strong>von einem<\/strong> <strong>Avery Dennison SPU-Modul<\/strong> angetrieben, das den h\u00f6chsten Standard an Industriequalit\u00e4t und Zuverl\u00e4ssigkeit gew\u00e4hrleistet. Das Hauptmodul kann gegen jedes andere Avery Dennison-Modul ausgetauscht werden, was maximale Effizienz gew\u00e4hrleistet. Die Basis der Maschine ist sorgf\u00e4ltig mit den besten Ventilen, Schaltern, handgefertigten Achsen, Aluminiumgestell, St\u00e4nder und PTFE-Haltern ausgestattet.   <\/p>\n<p><em>Die sehr d\u00fcnne Nadel hinterl\u00e4sst keine L\u00f6cher im Material. Die L\u00e4nge der Nadel (40 mm) bietet die M\u00f6glichkeit, Produkte mit einer Dicke von 1 mm bis zu 30 mm zu verpacken. <\/em><\/p>\n<p>Dank ihres kompakten Designs und der schnellen Aktivierung l\u00e4sst sich die tragbare automatische Etikettiermaschine MINI STAR problemlos in alle Arten von Verpackungslinien integrieren. Geeignet f\u00fcr alle Socken-, Handschuh- und Teppichhersteller, die ihren Arbeitsablauf vereinfachen, die Produktivit\u00e4t steigern und die Verpackungskosten senken m\u00f6chten. <\/p>\n<table class=\"specification-table\" width=\"572\">\n<tbody>\n<tr>\n<td>Etikettieranwendung:<\/td>\n<td>Ja<\/td>\n<\/tr>\n<tr>\n<td>Modul:<\/td>\n<td>Avery Dennison Swiftach SPU2M02<\/td>\n<\/tr>\n<tr>\n<td>Betriebsdruck:<\/td>\n<td>Luftzufuhr, 80 psi (6 bar)<\/td>\n<\/tr>\n<tr>\n<td>Gesamte Nadell\u00e4nge:<\/td>\n<td>40 mm<\/td>\n<\/tr>\n<tr>\n<td>Effektive L\u00e4nge:<\/td>\n<td>30 mm<\/td>\n<\/tr>\n<tr>\n<td>Etikettier-Dickenbereich:<\/td>\n<td>1 mm \u2013 30 mm<\/td>\n<\/tr>\n<tr>\n<td>Art der Stifte\/Befestigungselemente:<\/td>\n<td>Feine Stoff-Nylonbefestigungen<\/td>\n<\/tr>\n<tr>\n<td>Max. Geschwindigkeit:<\/td>\n<td>1,5 Sekunden\/Zyklus<\/td>\n<\/tr>\n<tr>\n<td>H\u00f6henverstellungen:<\/td>\n<td>Nein<\/td>\n<\/tr>\n<tr>\n<td>Lasermarkierer:<\/td>\n<td>Ja<\/td>\n<\/tr>\n<tr>\n<td>Zwei Sicherheitsfingerschalter:<\/td>\n<td>Optional<\/td>\n<\/tr>\n<tr>\n<td>J HOOK-Anwendung:<\/td>\n<td>Nein<\/td>\n<\/tr>\n<tr>\n<td>Nadelplattenkompression:<\/td>\n<td>Nein<\/td>\n<\/tr>\n<tr>\n<td>Maschinenabmessungen:<\/td>\n<td>240 x 400 x 380 mm<\/td>\n<\/tr>\n<tr>\n<td>Gesamtverpackungspaket:<\/td>\n<td>\/<\/td>\n<\/tr>\n<tr>\n<td>Gewicht<\/td>\n<td>8,0 kg<\/td>\n<\/tr>\n<\/tbody>\n<\/table>\n<div class=\"wpb_text_column wpb_content_element vc_custom_1574181509010 blue\">\n<div class=\"wpb_wrapper\">\n<p><strong>Kostenlose Tests<\/strong><\/p>\n<\/div>\n<\/div>\n<div class=\"wpb_text_column wpb_content_element vc_custom_1575308221273 white\">\n<div class=\"wpb_wrapper\">\n<p>Wenn Sie ein kostenloses Muster Ihres mit unseren Maschinen verpackten Produkts erhalten m\u00f6chten, kontaktieren Sie uns und wir erstellen Ihnen eine kostenlose Pr\u00e4sentation. Lassen Sie sich von unseren Ingenieuren durch den Prozess der kostenlosen Tests f\u00fchren. <\/p>\n<\/div>\n<\/div>\n<p>Weitere technische Informationen finden Sie auf der offiziellen TAGSON-Website: https:\/\/tagson.eu\/products\/astrid\/<\/p>\n","protected":false},"excerpt":{"rendered":"<p><strong>Kompakte und leichte<\/strong> pneumatische, automatische, tragbare Etikettiermaschine f\u00fcr alle Arten von Bekleidungsindustrien. <strong>Der schnellste Weg, Textilien effizient und genau zu etikettieren.<\/strong> Kleine Maschine, die in jede Bekleidungsproduktion passt und langsame manuelle Etikettierwerkzeuge (\u201eKimble\u201c) ersetzt, die Produktivit\u00e4t und Sicherheit erh\u00f6ht und in jede Produktionslinie oder Einzelhandelsumgebung passt.<\/p>\n","protected":false},"featured_media":10953,"template":"","meta":[],"product_cat":[215],"product_tag":[],"_links":{"self":[{"href":"https:\/\/stularplus.com\/de\/wp-json\/wp\/v2\/product\/10945"}],"collection":[{"href":"https:\/\/stularplus.com\/de\/wp-json\/wp\/v2\/product"}],"about":[{"href":"https:\/\/stularplus.com\/de\/wp-json\/wp\/v2\/types\/product"}],"wp:featuredmedia":[{"embeddable":true,"href":"https:\/\/stularplus.com\/de\/wp-json\/wp\/v2\/media\/10953"}],"wp:attachment":[{"href":"https:\/\/stularplus.com\/de\/wp-json\/wp\/v2\/media?parent=10945"}],"wp:term":[{"taxonomy":"product_cat","embeddable":true,"href":"https:\/\/stularplus.com\/de\/wp-json\/wp\/v2\/product_cat?post=10945"},{"taxonomy":"product_tag","embeddable":true,"href":"https:\/\/stularplus.com\/de\/wp-json\/wp\/v2\/product_tag?post=10945"}],"curies":[{"name":"wp","href":"https:\/\/api.w.org\/{rel}","templated":true}]}}