{"id":10082,"date":"2025-10-06T23:25:22","date_gmt":"2025-10-06T21:25:22","guid":{"rendered":"https:\/\/stularplus.com\/politique-de-confidentialite\/"},"modified":"2025-10-06T23:25:29","modified_gmt":"2025-10-06T21:25:29","slug":"politique-de-confidentialite","status":"publish","type":"page","link":"https:\/\/stularplus.com\/fr\/politique-de-confidentialite\/","title":{"rendered":"Politique de confidentialit\u00e9"},"content":{"rendered":"\t\t<div data-elementor-type=\"wp-page\" data-elementor-id=\"10082\" class=\"elementor elementor-10082 elementor-3542\" data-elementor-post-type=\"page\">\n\t\t\t\t\t\t\t\t\t<section class=\"elementor-section elementor-top-section elementor-element elementor-element-f26e676 elementor-section-boxed elementor-section-height-default elementor-section-height-default\" data-id=\"f26e676\" data-element_type=\"section\">\n\t\t\t\t\t\t<div class=\"elementor-container elementor-column-gap-default\">\n\t\t\t\t\t<div class=\"elementor-column elementor-col-50 elementor-top-column elementor-element elementor-element-23b898e\" data-id=\"23b898e\" data-element_type=\"column\">\n\t\t\t<div class=\"elementor-widget-wrap elementor-element-populated\">\n\t\t\t\t\t\t\t\t<section class=\"elementor-section elementor-inner-section elementor-element elementor-element-ed791f8 elementor-section-content-middle elementor-section-boxed elementor-section-height-default elementor-section-height-default\" data-id=\"ed791f8\" data-element_type=\"section\" data-settings=\"{&quot;background_background&quot;:&quot;classic&quot;}\">\n\t\t\t\t\t\t<div class=\"elementor-container elementor-column-gap-no\">\n\t\t\t\t\t<div class=\"elementor-column elementor-col-50 elementor-inner-column elementor-element elementor-element-d6ce97f\" data-id=\"d6ce97f\" data-element_type=\"column\">\n\t\t\t<div class=\"elementor-widget-wrap elementor-element-populated\">\n\t\t\t\t\t\t\t\t<div class=\"elementor-element elementor-element-b1eee45 elementor-widget elementor-widget-image\" data-id=\"b1eee45\" data-element_type=\"widget\" data-widget_type=\"image.default\">\n\t\t\t\t<div class=\"elementor-widget-container\">\n\t\t\t<style>\/*! elementor - v3.18.0 - 20-12-2023 *\/\n.elementor-widget-image{text-align:center}.elementor-widget-image a{display:inline-block}.elementor-widget-image a img[src$=\".svg\"]{width:48px}.elementor-widget-image img{vertical-align:middle;display:inline-block}<\/style>\t\t\t\t\t\t\t\t\t\t\t\t<img decoding=\"async\" width=\"240\" height=\"150\" src=\"https:\/\/stularplus.com\/wp-content\/uploads\/2021\/12\/menu-avtomatizirano-oznacevanje.jpg\" class=\"attachment-large size-large wp-image-9877\" alt=\"\" srcset=\"https:\/\/stularplus.com\/wp-content\/uploads\/2021\/12\/menu-avtomatizirano-oznacevanje.jpg 240w, https:\/\/stularplus.com\/wp-content\/uploads\/2021\/12\/menu-avtomatizirano-oznacevanje-64x40.jpg 64w\" sizes=\"(max-width: 240px) 100vw, 240px\" title=\"\">\t\t\t\t\t\t\t\t\t\t\t\t\t\t\t<\/div>\n\t\t\t\t<\/div>\n\t\t\t\t\t<\/div>\n\t\t<\/div>\n\t\t\t\t<div class=\"elementor-column elementor-col-50 elementor-inner-column elementor-element elementor-element-f79fde2\" data-id=\"f79fde2\" data-element_type=\"column\">\n\t\t\t<div class=\"elementor-widget-wrap elementor-element-populated\">\n\t\t\t\t\t\t\t\t<div class=\"elementor-element elementor-element-1f0d74c elementor-align-left elementor-widget elementor-widget-button\" data-id=\"1f0d74c\" data-element_type=\"widget\" data-widget_type=\"button.default\">\n\t\t\t\t<div class=\"elementor-widget-container\">\n\t\t\t\t\t<div class=\"elementor-button-wrapper\">\n\t\t\t<a class=\"elementor-button elementor-button-link elementor-size-sm elementor-animation-skew-forward\" href=\"\/?product_cat=industrijsko-oznacevanje\">\n\t\t\t\t\t\t<span class=\"elementor-button-content-wrapper\">\n\t\t\t\t\t\t<span class=\"elementor-button-text\">Automatisation<\/span>\n\t\t<\/span>\n\t\t\t\t\t<\/a>\n\t\t<\/div>\n\t\t\t\t<\/div>\n\t\t\t\t<\/div>\n\t\t\t\t\t<\/div>\n\t\t<\/div>\n\t\t\t\t\t\t\t<\/div>\n\t\t<\/section>\n\t\t\t\t<section class=\"elementor-section elementor-inner-section elementor-element elementor-element-2575c5a elementor-section-content-middle elementor-section-boxed elementor-section-height-default elementor-section-height-default\" data-id=\"2575c5a\" data-element_type=\"section\" data-settings=\"{&quot;background_background&quot;:&quot;classic&quot;}\">\n\t\t\t\t\t\t<div class=\"elementor-container elementor-column-gap-no\">\n\t\t\t\t\t<div class=\"elementor-column elementor-col-50 elementor-inner-column elementor-element elementor-element-6ae102e\" data-id=\"6ae102e\" data-element_type=\"column\">\n\t\t\t<div class=\"elementor-widget-wrap elementor-element-populated\">\n\t\t\t\t\t\t\t\t<div class=\"elementor-element elementor-element-1a1bb84 elementor-widget elementor-widget-image\" data-id=\"1a1bb84\" data-element_type=\"widget\" data-widget_type=\"image.default\">\n\t\t\t\t<div class=\"elementor-widget-container\">\n\t\t\t\t\t\t\t\t\t\t\t\t\t\t\t<img decoding=\"async\" width=\"240\" height=\"150\" src=\"https:\/\/stularplus.com\/wp-content\/uploads\/2021\/12\/menu-fischbein.jpg\" class=\"attachment-large size-large wp-image-9878\" alt=\"\" srcset=\"https:\/\/stularplus.com\/wp-content\/uploads\/2021\/12\/menu-fischbein.jpg 240w, https:\/\/stularplus.com\/wp-content\/uploads\/2021\/12\/menu-fischbein-64x40.jpg 64w\" sizes=\"(max-width: 240px) 100vw, 240px\" title=\"\">\t\t\t\t\t\t\t\t\t\t\t\t\t\t\t<\/div>\n\t\t\t\t<\/div>\n\t\t\t\t\t<\/div>\n\t\t<\/div>\n\t\t\t\t<div class=\"elementor-column elementor-col-50 elementor-inner-column elementor-element elementor-element-308a229\" data-id=\"308a229\" data-element_type=\"column\">\n\t\t\t<div class=\"elementor-widget-wrap elementor-element-populated\">\n\t\t\t\t\t\t\t\t<div class=\"elementor-element elementor-element-e3891b4 elementor-align-left elementor-widget elementor-widget-button\" data-id=\"e3891b4\" data-element_type=\"widget\" data-widget_type=\"button.default\">\n\t\t\t\t<div class=\"elementor-widget-container\">\n\t\t\t\t\t<div class=\"elementor-button-wrapper\">\n\t\t\t<a class=\"elementor-button elementor-button-link elementor-size-sm elementor-animation-skew-forward\" href=\"https:\/\/stularplus.com\/en\/kategorija\/fischbein-machines-and-consumables-en\/\">\n\t\t\t\t\t\t<span class=\"elementor-button-content-wrapper\">\n\t\t\t\t\t\t<span class=\"elementor-button-text\">Fischbein sukanci in stroji<\/span>\n\t\t<\/span>\n\t\t\t\t\t<\/a>\n\t\t<\/div>\n\t\t\t\t<\/div>\n\t\t\t\t<\/div>\n\t\t\t\t\t<\/div>\n\t\t<\/div>\n\t\t\t\t\t\t\t<\/div>\n\t\t<\/section>\n\t\t\t\t<section class=\"elementor-section elementor-inner-section elementor-element elementor-element-b4e4862 elementor-section-content-middle elementor-section-boxed elementor-section-height-default elementor-section-height-default\" data-id=\"b4e4862\" data-element_type=\"section\" data-settings=\"{&quot;background_background&quot;:&quot;classic&quot;}\">\n\t\t\t\t\t\t<div class=\"elementor-container elementor-column-gap-no\">\n\t\t\t\t\t<div class=\"elementor-column elementor-col-50 elementor-inner-column elementor-element elementor-element-75e5942\" data-id=\"75e5942\" data-element_type=\"column\">\n\t\t\t<div class=\"elementor-widget-wrap elementor-element-populated\">\n\t\t\t\t\t\t\t\t<div class=\"elementor-element elementor-element-a3c503a elementor-widget elementor-widget-image\" data-id=\"a3c503a\" data-element_type=\"widget\" data-widget_type=\"image.default\">\n\t\t\t\t<div class=\"elementor-widget-container\">\n\t\t\t\t\t\t\t\t\t\t\t\t\t\t\t<img decoding=\"async\" width=\"240\" height=\"150\" src=\"https:\/\/stularplus.com\/wp-content\/uploads\/2021\/12\/menu-zeleni-program.jpg\" class=\"attachment-large size-large wp-image-9880\" alt=\"\" srcset=\"https:\/\/stularplus.com\/wp-content\/uploads\/2021\/12\/menu-zeleni-program.jpg 240w, https:\/\/stularplus.com\/wp-content\/uploads\/2021\/12\/menu-zeleni-program-64x40.jpg 64w\" sizes=\"(max-width: 240px) 100vw, 240px\" title=\"\">\t\t\t\t\t\t\t\t\t\t\t\t\t\t\t<\/div>\n\t\t\t\t<\/div>\n\t\t\t\t\t<\/div>\n\t\t<\/div>\n\t\t\t\t<div class=\"elementor-column elementor-col-50 elementor-inner-column elementor-element elementor-element-41726a0\" data-id=\"41726a0\" data-element_type=\"column\">\n\t\t\t<div class=\"elementor-widget-wrap elementor-element-populated\">\n\t\t\t\t\t\t\t\t<div class=\"elementor-element elementor-element-f086864 elementor-align-left elementor-widget elementor-widget-button\" data-id=\"f086864\" data-element_type=\"widget\" data-widget_type=\"button.default\">\n\t\t\t\t<div class=\"elementor-widget-container\">\n\t\t\t\t\t<div class=\"elementor-button-wrapper\">\n\t\t\t<a class=\"elementor-button elementor-button-link elementor-size-sm elementor-animation-skew-forward\" href=\"\/?product_tag=zeleni-program\">\n\t\t\t\t\t\t<span class=\"elementor-button-content-wrapper\">\n\t\t\t\t\t\t<span class=\"elementor-button-text\">Programme vert<\/span>\n\t\t<\/span>\n\t\t\t\t\t<\/a>\n\t\t<\/div>\n\t\t\t\t<\/div>\n\t\t\t\t<\/div>\n\t\t\t\t\t<\/div>\n\t\t<\/div>\n\t\t\t\t\t\t\t<\/div>\n\t\t<\/section>\n\t\t\t\t\t<\/div>\n\t\t<\/div>\n\t\t\t\t<div class=\"elementor-column elementor-col-50 elementor-top-column elementor-element elementor-element-86c44c7\" data-id=\"86c44c7\" data-element_type=\"column\">\n\t\t\t<div class=\"elementor-widget-wrap elementor-element-populated\">\n\t\t\t\t\t\t\t\t<div class=\"elementor-element elementor-element-e6a6e85 elementor-widget elementor-widget-heading\" data-id=\"e6a6e85\" data-element_type=\"widget\" data-widget_type=\"heading.default\">\n\t\t\t\t<div class=\"elementor-widget-container\">\n\t\t\t<style>\/*! elementor - v3.18.0 - 20-12-2023 *\/\n.elementor-heading-title{padding:0;margin:0;line-height:1}.elementor-widget-heading .elementor-heading-title[class*=elementor-size-]>a{color:inherit;font-size:inherit;line-height:inherit}.elementor-widget-heading .elementor-heading-title.elementor-size-small{font-size:15px}.elementor-widget-heading .elementor-heading-title.elementor-size-medium{font-size:19px}.elementor-widget-heading .elementor-heading-title.elementor-size-large{font-size:29px}.elementor-widget-heading .elementor-heading-title.elementor-size-xl{font-size:39px}.elementor-widget-heading .elementor-heading-title.elementor-size-xxl{font-size:59px}<\/style><h5 class=\"elementor-heading-title elementor-size-default\">Politique de confidentialit\u00e9<\/h5>\t\t<\/div>\n\t\t\t\t<\/div>\n\t\t\t\t<div class=\"elementor-element elementor-element-005c81c elementor-widget elementor-widget-heading\" data-id=\"005c81c\" data-element_type=\"widget\" data-widget_type=\"heading.default\">\n\t\t\t\t<div class=\"elementor-widget-container\">\n\t\t\t<h1 class=\"elementor-heading-title elementor-size-default\">Politique de confidentialit\u00e9<\/h1>\t\t<\/div>\n\t\t\t\t<\/div>\n\t\t\t\t<div class=\"elementor-element elementor-element-ed53831 elementor-widget elementor-widget-text-editor\" data-id=\"ed53831\" data-element_type=\"widget\" data-widget_type=\"text-editor.default\">\n\t\t\t\t<div class=\"elementor-widget-container\">\n\t\t\t<style>\/*! elementor - v3.18.0 - 20-12-2023 *\/\n.elementor-widget-text-editor.elementor-drop-cap-view-stacked .elementor-drop-cap{background-color:#69727d;color:#fff}.elementor-widget-text-editor.elementor-drop-cap-view-framed .elementor-drop-cap{color:#69727d;border:3px solid;background-color:transparent}.elementor-widget-text-editor:not(.elementor-drop-cap-view-default) .elementor-drop-cap{margin-top:8px}.elementor-widget-text-editor:not(.elementor-drop-cap-view-default) .elementor-drop-cap-letter{width:1em;height:1em}.elementor-widget-text-editor .elementor-drop-cap{float:left;text-align:center;line-height:1;font-size:50px}.elementor-widget-text-editor .elementor-drop-cap-letter{display:inline-block}<\/style>\t\t\t\t<p><strong>Notre engagement envers la confidentialit\u00e9<\/strong><br>Votre confidentialit\u00e9 est importante pour nous. Afin de mieux prot\u00e9ger votre confidentialit\u00e9, nous fournissons cet avis expliquant nos pratiques d&rsquo;information en ligne et les choix que vous pouvez faire concernant la mani\u00e8re dont vos informations sont collect\u00e9es et utilis\u00e9es. Pour rendre cet avis facile \u00e0 trouver, nous le mettons \u00e0 disposition sur notre page d&rsquo;accueil et \u00e0 chaque point o\u00f9 des informations personnellement identifiables peuvent \u00eatre demand\u00e9es.<\/p><p><strong>Les informations que nous collectons&nbsp;:<\/strong><br>Cet avis s&rsquo;applique \u00e0 toutes les informations collect\u00e9es ou soumises sur le site Web de Stular plus d.o.o. Sur certaines pages, vous pouvez commander des produits, faire des demandes et vous inscrire pour recevoir des documents. Les types d&rsquo;informations personnelles collect\u00e9es sur ces pages sont&nbsp;:<br>Nom<br>Adresse<br>Adresse e-mail<br>Num\u00e9ro de t\u00e9l\u00e9phone<\/p><p><strong>La mani\u00e8re dont nous utilisons les informations&nbsp;:<\/strong><br>Nous utilisons les informations que vous fournissez sur vous-m\u00eame lors de la passation d&rsquo;une commande uniquement pour ex\u00e9cuter cette commande. Nous ne partageons pas ces informations avec des tiers, sauf dans la mesure n\u00e9cessaire pour ex\u00e9cuter cette commande. Nous utilisons les informations que vous fournissez sur quelqu&rsquo;un d&rsquo;autre lors de la passation d&rsquo;une commande uniquement pour exp\u00e9dier le produit et confirmer la livraison. Nous ne partageons pas ces informations avec des tiers, sauf dans la mesure n\u00e9cessaire pour ex\u00e9cuter cette commande.<\/p><p>Nous utilisons les adresses e-mail de retour pour r\u00e9pondre aux e-mails que nous recevons. Ces adresses ne sont utilis\u00e9es \u00e0 aucune autre fin et ne sont pas partag\u00e9es avec des tiers.<\/p><p>Vous pouvez vous inscrire sur notre site Web si vous souhaitez recevoir notre catalogue ainsi que des mises \u00e0 jour sur nos nouveaux produits et services. Les informations que vous soumettez sur notre site Web ne seront pas utilis\u00e9es \u00e0 cette fin.<\/p><p>Enfin, nous n&rsquo;utilisons ni ne partageons jamais les informations personnellement identifiables qui nous sont fournies en ligne d&rsquo;une mani\u00e8re non li\u00e9e \u00e0 celles d\u00e9crites ci-dessus sans \u00e9galement vous donner la possibilit\u00e9 de vous retirer ou d&rsquo;interdire autrement ces utilisations non li\u00e9es.<\/p><p><strong>Notre engagement envers la s\u00e9curit\u00e9 des donn\u00e9es<\/strong><br>Pour emp\u00eacher tout acc\u00e8s non autoris\u00e9, maintenir l&rsquo;exactitude des donn\u00e9es et garantir l&rsquo;utilisation correcte des informations, nous avons mis en place des proc\u00e9dures physiques, \u00e9lectroniques et de gestion appropri\u00e9es pour prot\u00e9ger et s\u00e9curiser les informations que nous collectons en ligne.<\/p>\t\t\t\t\t\t<\/div>\n\t\t\t\t<\/div>\n\t\t\t\t<div class=\"elementor-element elementor-element-8208fdd elementor-widget elementor-widget-heading\" data-id=\"8208fdd\" data-element_type=\"widget\" data-widget_type=\"heading.default\">\n\t\t\t\t<div class=\"elementor-widget-container\">\n\t\t\t<h2 class=\"elementor-heading-title elementor-size-default\">PRIX NETS<\/h2>\t\t<\/div>\n\t\t\t\t<\/div>\n\t\t\t\t<div class=\"elementor-element elementor-element-0ba0ac5 elementor-widget elementor-widget-text-editor\" data-id=\"0ba0ac5\" data-element_type=\"widget\" data-widget_type=\"text-editor.default\">\n\t\t\t\t<div class=\"elementor-widget-container\">\n\t\t\t\t\t\t\t<p>Tous les produits de notre boutique en ligne ont des prix nets. Les clients des pays de l&rsquo;UE qui ont \u00e9t\u00e9 autoris\u00e9s \u00e0 effectuer des transactions entre les pays de l&rsquo;UE (qui ont un num\u00e9ro de TVA UE valide) sont exon\u00e9r\u00e9s de 0&nbsp;% de TVA. Si votre entreprise n&rsquo;est pas assujettie \u00e0 la TVA, vous devez payer 22&nbsp;% de TVA slov\u00e8ne. Avant d&rsquo;envoyer votre commande, veuillez indiquer le num\u00e9ro de TVA de votre entreprise dans le formulaire d&rsquo;inscription. Le syst\u00e8me v\u00e9rifiera et, si vous \u00eates assujetti \u00e0 la TVA, supprimera \u00e9galement 22&nbsp;% de TVA de votre carte.<\/p>\t\t\t\t\t\t<\/div>\n\t\t\t\t<\/div>\n\t\t\t\t\t<\/div>\n\t\t<\/div>\n\t\t\t\t\t\t\t<\/div>\n\t\t<\/section>\n\t\t\t\t\t\t\t<\/div>\n\t\t","protected":false},"excerpt":{"rendered":"<p>Automatisation Fischbein sukanci in stroji Programme vert Politique de confidentialit\u00e9 Notre engagement envers la confidentialit\u00e9Votre confidentialit\u00e9 est importante pour nous. Afin de mieux prot\u00e9ger votre confidentialit\u00e9, nous fournissons cet avis expliquant nos pratiques d&rsquo;information en ligne et les choix que vous pouvez faire concernant la mani\u00e8re dont vos informations sont collect\u00e9es et utilis\u00e9es. Pour rendre [&hellip;]<\/p>\n","protected":false},"author":1,"featured_media":0,"parent":0,"menu_order":50,"comment_status":"closed","ping_status":"closed","template":"","meta":{"footnotes":""},"_links":{"self":[{"href":"https:\/\/stularplus.com\/fr\/wp-json\/wp\/v2\/pages\/10082"}],"collection":[{"href":"https:\/\/stularplus.com\/fr\/wp-json\/wp\/v2\/pages"}],"about":[{"href":"https:\/\/stularplus.com\/fr\/wp-json\/wp\/v2\/types\/page"}],"author":[{"embeddable":true,"href":"https:\/\/stularplus.com\/fr\/wp-json\/wp\/v2\/users\/1"}],"replies":[{"embeddable":true,"href":"https:\/\/stularplus.com\/fr\/wp-json\/wp\/v2\/comments?post=10082"}],"version-history":[{"count":0,"href":"https:\/\/stularplus.com\/fr\/wp-json\/wp\/v2\/pages\/10082\/revisions"}],"wp:attachment":[{"href":"https:\/\/stularplus.com\/fr\/wp-json\/wp\/v2\/media?parent=10082"}],"curies":[{"name":"wp","href":"https:\/\/api.w.org\/{rel}","templated":true}]}}