{"id":10103,"date":"2025-10-06T23:26:22","date_gmt":"2025-10-06T21:26:22","guid":{"rendered":"https:\/\/stularplus.com\/faq-2\/"},"modified":"2025-10-06T23:26:23","modified_gmt":"2025-10-06T21:26:23","slug":"faq-2","status":"publish","type":"page","link":"https:\/\/stularplus.com\/fr\/faq-2\/","title":{"rendered":"FAQ"},"content":{"rendered":"\t\t<div data-elementor-type=\"wp-page\" data-elementor-id=\"10103\" class=\"elementor elementor-10103 elementor-3544\" data-elementor-post-type=\"page\">\n\t\t\t\t\t\t\t\t\t<section class=\"elementor-section elementor-top-section elementor-element elementor-element-c34bf79 elementor-section-boxed elementor-section-height-default elementor-section-height-default\" data-id=\"c34bf79\" data-element_type=\"section\">\n\t\t\t\t\t\t<div class=\"elementor-container elementor-column-gap-default\">\n\t\t\t\t\t<div class=\"elementor-column elementor-col-50 elementor-top-column elementor-element elementor-element-52d0168\" data-id=\"52d0168\" data-element_type=\"column\">\n\t\t\t<div class=\"elementor-widget-wrap elementor-element-populated\">\n\t\t\t\t\t\t\t\t<section class=\"elementor-section elementor-inner-section elementor-element elementor-element-d25281d elementor-section-content-middle elementor-section-boxed elementor-section-height-default elementor-section-height-default\" data-id=\"d25281d\" data-element_type=\"section\" data-settings=\"{&quot;background_background&quot;:&quot;classic&quot;}\">\n\t\t\t\t\t\t<div class=\"elementor-container elementor-column-gap-no\">\n\t\t\t\t\t<div class=\"elementor-column elementor-col-50 elementor-inner-column elementor-element elementor-element-dcb8340\" data-id=\"dcb8340\" data-element_type=\"column\">\n\t\t\t<div class=\"elementor-widget-wrap elementor-element-populated\">\n\t\t\t\t\t\t\t\t<div class=\"elementor-element elementor-element-1c19d82 elementor-widget elementor-widget-image\" data-id=\"1c19d82\" data-element_type=\"widget\" data-widget_type=\"image.default\">\n\t\t\t\t<div class=\"elementor-widget-container\">\n\t\t\t<style>\/*! elementor - v3.18.0 - 20-12-2023 *\/\n.elementor-widget-image{text-align:center}.elementor-widget-image a{display:inline-block}.elementor-widget-image a img[src$=\".svg\"]{width:48px}.elementor-widget-image img{vertical-align:middle;display:inline-block}<\/style>\t\t\t\t\t\t\t\t\t\t\t\t<img decoding=\"async\" width=\"240\" height=\"150\" src=\"https:\/\/stularplus.com\/wp-content\/uploads\/2021\/12\/menu-avtomatizirano-oznacevanje.jpg\" class=\"attachment-large size-large wp-image-9877\" alt=\"\" srcset=\"https:\/\/stularplus.com\/wp-content\/uploads\/2021\/12\/menu-avtomatizirano-oznacevanje.jpg 240w, https:\/\/stularplus.com\/wp-content\/uploads\/2021\/12\/menu-avtomatizirano-oznacevanje-64x40.jpg 64w\" sizes=\"(max-width: 240px) 100vw, 240px\" title=\"\">\t\t\t\t\t\t\t\t\t\t\t\t\t\t\t<\/div>\n\t\t\t\t<\/div>\n\t\t\t\t\t<\/div>\n\t\t<\/div>\n\t\t\t\t<div class=\"elementor-column elementor-col-50 elementor-inner-column elementor-element elementor-element-365995b\" data-id=\"365995b\" data-element_type=\"column\">\n\t\t\t<div class=\"elementor-widget-wrap elementor-element-populated\">\n\t\t\t\t\t\t\t\t<div class=\"elementor-element elementor-element-0e6b1f1 elementor-align-left elementor-widget elementor-widget-button\" data-id=\"0e6b1f1\" data-element_type=\"widget\" data-widget_type=\"button.default\">\n\t\t\t\t<div class=\"elementor-widget-container\">\n\t\t\t\t\t<div class=\"elementor-button-wrapper\">\n\t\t\t<a class=\"elementor-button elementor-button-link elementor-size-sm elementor-animation-skew-forward\" href=\"https:\/\/stular.pappiga.si\/kategorija\/industrijsko-oznacevanje\/\" target=\"_blank\" rel=\"noopener\">\n\t\t\t\t\t\t<span class=\"elementor-button-content-wrapper\">\n\t\t\t\t\t\t<span class=\"elementor-button-text\">Automatisation<\/span>\n\t\t<\/span>\n\t\t\t\t\t<\/a>\n\t\t<\/div>\n\t\t\t\t<\/div>\n\t\t\t\t<\/div>\n\t\t\t\t\t<\/div>\n\t\t<\/div>\n\t\t\t\t\t\t\t<\/div>\n\t\t<\/section>\n\t\t\t\t<section class=\"elementor-section elementor-inner-section elementor-element elementor-element-b4bc36f elementor-section-content-middle elementor-section-boxed elementor-section-height-default elementor-section-height-default\" data-id=\"b4bc36f\" data-element_type=\"section\" data-settings=\"{&quot;background_background&quot;:&quot;classic&quot;}\">\n\t\t\t\t\t\t<div class=\"elementor-container elementor-column-gap-no\">\n\t\t\t\t\t<div class=\"elementor-column elementor-col-50 elementor-inner-column elementor-element elementor-element-7349c7d\" data-id=\"7349c7d\" data-element_type=\"column\">\n\t\t\t<div class=\"elementor-widget-wrap elementor-element-populated\">\n\t\t\t\t\t\t\t\t<div class=\"elementor-element elementor-element-929f6aa elementor-widget elementor-widget-image\" data-id=\"929f6aa\" data-element_type=\"widget\" data-widget_type=\"image.default\">\n\t\t\t\t<div class=\"elementor-widget-container\">\n\t\t\t\t\t\t\t\t\t\t\t\t\t\t\t<img decoding=\"async\" width=\"240\" height=\"150\" src=\"https:\/\/stularplus.com\/wp-content\/uploads\/2021\/12\/menu-fischbein.jpg\" class=\"attachment-large size-large wp-image-9878\" alt=\"\" srcset=\"https:\/\/stularplus.com\/wp-content\/uploads\/2021\/12\/menu-fischbein.jpg 240w, https:\/\/stularplus.com\/wp-content\/uploads\/2021\/12\/menu-fischbein-64x40.jpg 64w\" sizes=\"(max-width: 240px) 100vw, 240px\" title=\"\">\t\t\t\t\t\t\t\t\t\t\t\t\t\t\t<\/div>\n\t\t\t\t<\/div>\n\t\t\t\t\t<\/div>\n\t\t<\/div>\n\t\t\t\t<div class=\"elementor-column elementor-col-50 elementor-inner-column elementor-element elementor-element-a1e189b\" data-id=\"a1e189b\" data-element_type=\"column\">\n\t\t\t<div class=\"elementor-widget-wrap elementor-element-populated\">\n\t\t\t\t\t\t\t\t<div class=\"elementor-element elementor-element-28ef275 elementor-align-left elementor-widget elementor-widget-button\" data-id=\"28ef275\" data-element_type=\"widget\" data-widget_type=\"button.default\">\n\t\t\t\t<div class=\"elementor-widget-container\">\n\t\t\t\t\t<div class=\"elementor-button-wrapper\">\n\t\t\t<a class=\"elementor-button elementor-button-link elementor-size-sm elementor-animation-skew-forward\" href=\"https:\/\/stular.pappiga.si\/kategorija\/fischbein-stroji-in-sukanci\/\" target=\"_blank\" rel=\"noopener\">\n\t\t\t\t\t\t<span class=\"elementor-button-content-wrapper\">\n\t\t\t\t\t\t<span class=\"elementor-button-text\">Fischbein<\/span>\n\t\t<\/span>\n\t\t\t\t\t<\/a>\n\t\t<\/div>\n\t\t\t\t<\/div>\n\t\t\t\t<\/div>\n\t\t\t\t\t<\/div>\n\t\t<\/div>\n\t\t\t\t\t\t\t<\/div>\n\t\t<\/section>\n\t\t\t\t<section class=\"elementor-section elementor-inner-section elementor-element elementor-element-27d285c elementor-section-content-middle elementor-section-boxed elementor-section-height-default elementor-section-height-default\" data-id=\"27d285c\" data-element_type=\"section\" data-settings=\"{&quot;background_background&quot;:&quot;classic&quot;}\">\n\t\t\t\t\t\t<div class=\"elementor-container elementor-column-gap-no\">\n\t\t\t\t\t<div class=\"elementor-column elementor-col-50 elementor-inner-column elementor-element elementor-element-3fb0f2c\" data-id=\"3fb0f2c\" data-element_type=\"column\">\n\t\t\t<div class=\"elementor-widget-wrap elementor-element-populated\">\n\t\t\t\t\t\t\t\t<div class=\"elementor-element elementor-element-154cd94 elementor-widget elementor-widget-image\" data-id=\"154cd94\" data-element_type=\"widget\" data-widget_type=\"image.default\">\n\t\t\t\t<div class=\"elementor-widget-container\">\n\t\t\t\t\t\t\t\t\t\t\t\t\t\t\t<img decoding=\"async\" width=\"240\" height=\"150\" src=\"https:\/\/stularplus.com\/wp-content\/uploads\/2021\/12\/menu-zeleni-program.jpg\" class=\"attachment-large size-large wp-image-9880\" alt=\"\" srcset=\"https:\/\/stularplus.com\/wp-content\/uploads\/2021\/12\/menu-zeleni-program.jpg 240w, https:\/\/stularplus.com\/wp-content\/uploads\/2021\/12\/menu-zeleni-program-64x40.jpg 64w\" sizes=\"(max-width: 240px) 100vw, 240px\" title=\"\">\t\t\t\t\t\t\t\t\t\t\t\t\t\t\t<\/div>\n\t\t\t\t<\/div>\n\t\t\t\t\t<\/div>\n\t\t<\/div>\n\t\t\t\t<div class=\"elementor-column elementor-col-50 elementor-inner-column elementor-element elementor-element-562ecf5\" data-id=\"562ecf5\" data-element_type=\"column\">\n\t\t\t<div class=\"elementor-widget-wrap elementor-element-populated\">\n\t\t\t\t\t\t\t\t<div class=\"elementor-element elementor-element-7403e61 elementor-align-left elementor-widget elementor-widget-button\" data-id=\"7403e61\" data-element_type=\"widget\" data-widget_type=\"button.default\">\n\t\t\t\t<div class=\"elementor-widget-container\">\n\t\t\t\t\t<div class=\"elementor-button-wrapper\">\n\t\t\t<a class=\"elementor-button elementor-button-link elementor-size-sm elementor-animation-skew-forward\" href=\"https:\/\/stular.pappiga.si\/oznaka\/zeleni-program\/\" target=\"_blank\" rel=\"noopener\">\n\t\t\t\t\t\t<span class=\"elementor-button-content-wrapper\">\n\t\t\t\t\t\t<span class=\"elementor-button-text\">Programme vert<\/span>\n\t\t<\/span>\n\t\t\t\t\t<\/a>\n\t\t<\/div>\n\t\t\t\t<\/div>\n\t\t\t\t<\/div>\n\t\t\t\t\t<\/div>\n\t\t<\/div>\n\t\t\t\t\t\t\t<\/div>\n\t\t<\/section>\n\t\t\t\t\t<\/div>\n\t\t<\/div>\n\t\t\t\t<div class=\"elementor-column elementor-col-50 elementor-top-column elementor-element elementor-element-b81cbbf\" data-id=\"b81cbbf\" data-element_type=\"column\">\n\t\t\t<div class=\"elementor-widget-wrap elementor-element-populated\">\n\t\t\t\t\t\t\t\t<div class=\"elementor-element elementor-element-7abffbb elementor-widget elementor-widget-heading\" data-id=\"7abffbb\" data-element_type=\"widget\" data-widget_type=\"heading.default\">\n\t\t\t\t<div class=\"elementor-widget-container\">\n\t\t\t<style>\/*! elementor - v3.18.0 - 20-12-2023 *\/\n.elementor-heading-title{padding:0;margin:0;line-height:1}.elementor-widget-heading .elementor-heading-title[class*=elementor-size-]>a{color:inherit;font-size:inherit;line-height:inherit}.elementor-widget-heading .elementor-heading-title.elementor-size-small{font-size:15px}.elementor-widget-heading .elementor-heading-title.elementor-size-medium{font-size:19px}.elementor-widget-heading .elementor-heading-title.elementor-size-large{font-size:29px}.elementor-widget-heading .elementor-heading-title.elementor-size-xl{font-size:39px}.elementor-widget-heading .elementor-heading-title.elementor-size-xxl{font-size:59px}<\/style><h5 class=\"elementor-heading-title elementor-size-default\">FAQ<\/h5>\t\t<\/div>\n\t\t\t\t<\/div>\n\t\t\t\t<div class=\"elementor-element elementor-element-292da8c elementor-widget elementor-widget-heading\" data-id=\"292da8c\" data-element_type=\"widget\" data-widget_type=\"heading.default\">\n\t\t\t\t<div class=\"elementor-widget-container\">\n\t\t\t<h2 class=\"elementor-heading-title elementor-size-default\">FAQ<\/h2>\t\t<\/div>\n\t\t\t\t<\/div>\n\t\t\t\t<div class=\"elementor-element elementor-element-2d3bbfb elementor-widget elementor-widget-text-editor\" data-id=\"2d3bbfb\" data-element_type=\"widget\" data-widget_type=\"text-editor.default\">\n\t\t\t\t<div class=\"elementor-widget-container\">\n\t\t\t<style>\/*! elementor - v3.18.0 - 20-12-2023 *\/\n.elementor-widget-text-editor.elementor-drop-cap-view-stacked .elementor-drop-cap{background-color:#69727d;color:#fff}.elementor-widget-text-editor.elementor-drop-cap-view-framed .elementor-drop-cap{color:#69727d;border:3px solid;background-color:transparent}.elementor-widget-text-editor:not(.elementor-drop-cap-view-default) .elementor-drop-cap{margin-top:8px}.elementor-widget-text-editor:not(.elementor-drop-cap-view-default) .elementor-drop-cap-letter{width:1em;height:1em}.elementor-widget-text-editor .elementor-drop-cap{float:left;text-align:center;line-height:1;font-size:50px}.elementor-widget-text-editor .elementor-drop-cap-letter{display:inline-block}<\/style>\t\t\t\t<p style=\"font-weight: 400;\"><strong>Dois-je avoir un compte pour passer une commande ?<\/strong><br>Non. Vous pouvez passer une commande sans inscription. Nous recommandons aux clients qui pr\u00e9voient de ne passer qu&rsquo;une seule commande. Si vous pensez devenir notre client r\u00e9gulier, nous vous sugg\u00e9rons de cr\u00e9er un compte chez nous.<br><br><strong>J&rsquo;ai oubli\u00e9 mon mot de passe<\/strong><br>Rendez-vous simplement sur la page de connexion et cliquez sur le lien \u00ab Mot de passe oubli\u00e9 \u00bb et vous recevrez sous peu un e-mail vous rappelant votre mot de passe.<br><br><strong>Comment puis-je payer ?<\/strong><br>Nous acceptons actuellement uniquement le paiement \u00e0 l&rsquo;avance. Apr\u00e8s avoir pass\u00e9 votre commande, vous recevrez une facture proforma dans un d\u00e9lai d&rsquo;un jour ouvrable.<br><br><strong>Comment saurai-je que vous avez re\u00e7u ma commande ?<\/strong><br>Vous recevrez un e-mail de confirmation de commande dans les quelques minutes suivant la passation de votre commande. Si vous n&rsquo;avez pas re\u00e7u cet e-mail, v\u00e9rifiez votre dossier de courrier ind\u00e9sirable. Si vous ne trouvez toujours pas votre e-mail de confirmation, veuillez nous appeler au 00 386 (0)59 049 860.<br><br><strong>Puis-je modifier une commande existante ?<\/strong><br>Vous recevrez votre e-mail de confirmation o\u00f9 vous pourrez v\u00e9rifier les produits command\u00e9s et les quantit\u00e9s. S&rsquo;il y a des erreurs, r\u00e9pondez simplement \u00e0 l&rsquo;e-mail de confirmation avec vos modifications et nous corrigerons la commande.<br><br><strong>Puis-je annuler une commande une fois qu&rsquo;elle a \u00e9t\u00e9 pass\u00e9e ?<\/strong><br>Votre commande peut \u00eatre annul\u00e9e jusqu&rsquo;avant que vous payiez la facture proforma. Veuillez nous contacter \u00e0 info@stular.com ou au 00 386 (0)59 049 860. Si votre commande a d\u00e9j\u00e0 \u00e9t\u00e9 exp\u00e9di\u00e9e, vous pouvez la retourner dans les 20 jours suivant l&rsquo;achat.<br><br><strong>Combien de temps prendra la livraison ?<\/strong><br><em>Livraison vers les pays de l&rsquo;UE :<\/em> le traitement des commandes prend g\u00e9n\u00e9ralement 5 \u00e0 10 jours ouvrables et sera livr\u00e9 par le service postal national du pays de destination<br><em>Livraison vers le reste du monde<\/em> : Cela peut prendre jusqu&rsquo;\u00e0 14 jours ouvrables et sera livr\u00e9 par le service postal national du pays de destination.<br><br><strong>Ma commande a-t-elle d\u00e9j\u00e0 \u00e9t\u00e9 exp\u00e9di\u00e9e ?<\/strong><br>Lorsque nous exp\u00e9dions votre commande, vous pouvez voir le statut de la commande dans votre profil sous \u00ab Mes commandes \u00bb<br><br><strong>Un article manque dans ma commande<\/strong><br>Parfois, nous n&rsquo;exp\u00e9dions pas tout en m\u00eame temps. Dans ce cas, vous pouvez voir cela dans votre profil sous \u00ab Mes commandes \u00bb.<br><br><strong>Puis-je exp\u00e9dier vers une adresse alternative ?<\/strong><br>Le bureau peut exp\u00e9dier des articles vers des adresses autres que l&rsquo;adresse de facturation du titulaire de la carte. Si vous souhaitez profiter de ce service, veuillez ajouter les d\u00e9tails appropri\u00e9s pendant le processus de commande.<br>Une fois la commande exp\u00e9di\u00e9e, nous ne pouvons plus modifier l&rsquo;adresse.<br><br><strong>Il y a un probl\u00e8me avec ma commande !<\/strong><br>Si votre commande n&rsquo;est pas conforme \u00e0 vos attentes, veuillez nous appeler au 00 386 (0)59 049 860 o\u00f9 l&rsquo;un de nos conseillers se fera un plaisir de vous aider.<\/p>\t\t\t\t\t\t<\/div>\n\t\t\t\t<\/div>\n\t\t\t\t\t<\/div>\n\t\t<\/div>\n\t\t\t\t\t\t\t<\/div>\n\t\t<\/section>\n\t\t\t\t\t\t\t<\/div>\n\t\t","protected":false},"excerpt":{"rendered":"<p>Automatisation Fischbein Programme vert FAQ Dois-je avoir un compte pour passer une commande ?Non. Vous pouvez passer une commande sans inscription. Nous recommandons aux clients qui pr\u00e9voient de ne passer qu&rsquo;une seule commande. Si vous pensez devenir notre client r\u00e9gulier, nous vous sugg\u00e9rons de cr\u00e9er un compte chez nous. J&rsquo;ai oubli\u00e9 mon mot de passeRendez-vous [&hellip;]<\/p>\n","protected":false},"author":1,"featured_media":0,"parent":0,"menu_order":63,"comment_status":"closed","ping_status":"closed","template":"","meta":{"footnotes":""},"_links":{"self":[{"href":"https:\/\/stularplus.com\/fr\/wp-json\/wp\/v2\/pages\/10103"}],"collection":[{"href":"https:\/\/stularplus.com\/fr\/wp-json\/wp\/v2\/pages"}],"about":[{"href":"https:\/\/stularplus.com\/fr\/wp-json\/wp\/v2\/types\/page"}],"author":[{"embeddable":true,"href":"https:\/\/stularplus.com\/fr\/wp-json\/wp\/v2\/users\/1"}],"replies":[{"embeddable":true,"href":"https:\/\/stularplus.com\/fr\/wp-json\/wp\/v2\/comments?post=10103"}],"version-history":[{"count":0,"href":"https:\/\/stularplus.com\/fr\/wp-json\/wp\/v2\/pages\/10103\/revisions"}],"wp:attachment":[{"href":"https:\/\/stularplus.com\/fr\/wp-json\/wp\/v2\/media?parent=10103"}],"curies":[{"name":"wp","href":"https:\/\/api.w.org\/{rel}","templated":true}]}}