{"id":11497,"date":"2022-03-08T11:21:15","date_gmt":"2022-03-08T10:21:15","guid":{"rendered":"https:\/\/stularplus.com\/machine-demballage-indes-semi-automatisee\/"},"modified":"2025-12-20T10:35:14","modified_gmt":"2025-12-20T09:35:14","slug":"machine-demballage-indes-semi-automatisee","status":"publish","type":"product","link":"https:\/\/stularplus.com\/fr\/machine-demballage-indes-semi-automatisee\/","title":{"rendered":"Machine d&#8217;emballage IndES semi-automatis\u00e9e"},"content":{"rendered":"<p class=\"blue bold\"><strong>Machine d&#8217;emballage \u00e9cologique<\/strong><\/p>\n<p>La machine d&#8217;emballage pneumatique semi-automatis\u00e9e PS-2\/SAM avec<strong> Syst\u00e8me de fixation d&rsquo;agrafes \u00e9lastiques IndES\u00ae Elastic Staple\u2122<\/strong> avec un fonctionnement \u00e0 une ou deux aiguilles peut \u00eatre utilis\u00e9e comme m\u00e9thode d&#8217;emballage ou d&rsquo;\u00e9tiquetage pour tous types de produits. Le syst\u00e8me est facile \u00e0 utiliser, fiable et constitue une solution d&#8217;emballage polyvalente qui aide les fabricants \u00e0 r\u00e9duire les co\u00fbts li\u00e9s \u00e0 l&#8217;emballage et \u00e0 am\u00e9liorer la productivit\u00e9. <\/p>\n<p>Les syst\u00e8mes d&rsquo;agrafes \u00e9lastiques sont con\u00e7us pour maintenir solidement les produits sur une carte de support ou \u00e0 l&rsquo;int\u00e9rieur d&rsquo;un emballage. Avec des <g id=\"gid_0\">longueurs de fixation allant de 15 mm \u00e0 200 mm<\/g> et des classes de r\u00e9sistance \u00e0 la traction allant de Standard \u00e0 Heavy Duty, ces agrafes souples s&rsquo;\u00e9tirent pour s&rsquo;adapter \u00e0 une grande vari\u00e9t\u00e9 de formes et de tailles de produits. Les produits emball\u00e9s avec des agrafes \u00e9lastiques augmentent l&rsquo;attrait pour le consommateur et <g id=\"gid_1\">r\u00e9duisent les d\u00e9chets plastiques<\/g> par rapport aux syst\u00e8mes de fixation conventionnels. Ils peuvent aider un propri\u00e9taire de marque \u00e0 maximiser les options d&#8217;emballage pour un retour sur investissement rapide.   <\/p>\n<blockquote><p><strong>PAS de blisters \u2013 PAS de coques \u2013 PAS de serre-c\u00e2bles \u2013 PAS d&rsquo;attaches torsad\u00e9es<\/strong><\/p><\/blockquote>\n<h4><img fetchpriority=\"high\" decoding=\"async\" class=\"alignnone wp-image-1151 size-full\" src=\"http:\/\/tagson.eu\/wp-content\/uploads\/2019\/10\/tagson-reduce-plastic-waste-by-99.jpg\" sizes=\"(max-width: 800px) 100vw, 800px\" srcset=\"https:\/\/tagson.eu\/wp-content\/uploads\/2019\/10\/tagson-reduce-plastic-waste-by-99.jpg 800w, https:\/\/tagson.eu\/wp-content\/uploads\/2019\/10\/tagson-reduce-plastic-waste-by-99-480x311.jpg 480w, https:\/\/tagson.eu\/wp-content\/uploads\/2019\/10\/tagson-reduce-plastic-waste-by-99-768x497.jpg 768w\" alt=\"\" width=\"800\" height=\"518\" title=\"\"><\/h4>\n<h4>R\u00e9duction de 99 % des emballages plastiques<\/h4>\n<p>\u2022 r\u00e9duction de la consommation d&rsquo;\u00e9nergie jusqu&rsquo;\u00e0 4 fois (par rapport aux blisters)<br \/>\n\u2022 diminution des temps d&rsquo;arr\u00eat en r\u00e9duisant le temps et les \u00e9tapes de la production d&#8217;emballages<br \/>\n\u2022 r\u00e9duction de la charge de travail de l&rsquo;op\u00e9rateur<br \/>\n\u2022 r\u00e9duction des co\u00fbts de mat\u00e9riaux<\/p>\n<h4>Am\u00e9liorer l&rsquo;exp\u00e9rience du consommateur<\/h4>\n<p>\u2022 moins d&#8217;emballage am\u00e9liore l&rsquo;aspect visuel du produit sur le point de vente<br \/>\n\u2022 retrait plus rapide, plus facile et plus s\u00fbr du produit de l&#8217;emballage<br \/>\n\u2022 les consommateurs pr\u00e9f\u00e8rent acheter des produits emball\u00e9s de mani\u00e8re \u00e9cologique<\/p>\n","protected":false},"excerpt":{"rendered":"<p>Machine d&#8217;emballage pneumatique semi-automatis\u00e9e avec syst\u00e8me de fixation d&rsquo;agrafes \u00e9lastiques IndES\u00ae Elastic Staple\u2122 int\u00e9gr\u00e9 <strong>(longueurs de fixation allant de 15 mm \u00e0 200 mm)<\/strong> avec un fonctionnement \u00e0 une ou deux aiguilles peut \u00eatre utilis\u00e9e comme m\u00e9thode d&#8217;emballage ou d&rsquo;\u00e9tiquetage pour tous types de produits.<\/p>\n","protected":false},"featured_media":11503,"template":"","meta":[],"product_cat":[275],"product_tag":[],"_links":{"self":[{"href":"https:\/\/stularplus.com\/fr\/wp-json\/wp\/v2\/product\/11497"}],"collection":[{"href":"https:\/\/stularplus.com\/fr\/wp-json\/wp\/v2\/product"}],"about":[{"href":"https:\/\/stularplus.com\/fr\/wp-json\/wp\/v2\/types\/product"}],"wp:featuredmedia":[{"embeddable":true,"href":"https:\/\/stularplus.com\/fr\/wp-json\/wp\/v2\/media\/11503"}],"wp:attachment":[{"href":"https:\/\/stularplus.com\/fr\/wp-json\/wp\/v2\/media?parent=11497"}],"wp:term":[{"taxonomy":"product_cat","embeddable":true,"href":"https:\/\/stularplus.com\/fr\/wp-json\/wp\/v2\/product_cat?post=11497"},{"taxonomy":"product_tag","embeddable":true,"href":"https:\/\/stularplus.com\/fr\/wp-json\/wp\/v2\/product_tag?post=11497"}],"curies":[{"name":"wp","href":"https:\/\/api.w.org\/{rel}","templated":true}]}}