{"id":11800,"date":"2021-12-05T02:29:36","date_gmt":"2021-12-05T01:29:36","guid":{"rendered":"https:\/\/stularplus.com\/module-daiguille-courte-industrielle-standard\/"},"modified":"2025-12-20T10:38:01","modified_gmt":"2025-12-20T09:38:01","slug":"module-daiguille-courte-industrielle-standard","status":"publish","type":"product","link":"https:\/\/stularplus.com\/fr\/module-daiguille-courte-industrielle-standard\/","title":{"rendered":"Module d&rsquo;aiguille courte industrielle standard"},"content":{"rendered":"<p class=\"blue bold\"><strong>Module d&rsquo;aiguille COURTE industrielle standard de 40 mm<\/strong><\/p>\n<p>Les  <strong>Modules SPU <\/strong>sont de haute qualit\u00e9 pour r\u00e9sister \u00e0 une utilisation industrielle intensive. Chaque module est con\u00e7u pour correspondre aux dimensions d&rsquo;un groupe de fixations et \u00e0 une longueur d&rsquo;aiguille sp\u00e9cifiques. <\/p>\n<p><em>Outil pneumatique SPU Mark II Industrial Standard Long E-Rod pour aiguille longue. L&rsquo;utilisation d&rsquo;une unit\u00e9 d&rsquo;alimentation pneumatique Swiftach au lieu d&rsquo;un outil manuel lors de l&rsquo;\u00e9tiquetage ou de l&#8217;emballage augmente consid\u00e9rablement la productivit\u00e9. La qualit\u00e9 sup\u00e9rieure des \u00c9tats-Unis permet \u00e0 votre production de fonctionner \u00e0 grande vitesse. Ce module peut \u00eatre install\u00e9 sur TAGSON PS-1 ou toute autre unit\u00e9 de support.   <\/em><\/p>\n<p>L&rsquo;utilisation d&rsquo;une <strong>unit\u00e9 d&rsquo;alimentation pneumatique Swiftach<\/strong> au lieu d&rsquo;un outil manuel (pistolet d&rsquo;\u00e9tiquetage) lors de l&rsquo;<strong>\u00e9tiquetage<\/strong> ou de l&rsquo;<strong>emballage<\/strong> augmente consid\u00e9rablement la productivit\u00e9. Avec les configurations standard, l&rsquo;op\u00e9rateur pourra utiliser les deux mains pour manipuler le produit et les <g id=\"gid_3\">\u00e9tiquettes<\/g> et appliquer la <g id=\"gid_4\">fixation<\/g> en appuyant sur un bouton ou une p\u00e9dale. Pour une productivit\u00e9 accrue, les machines peuvent aider \u00e0 compresser les mat\u00e9riaux et peuvent m\u00eame \u00eatre int\u00e9gr\u00e9es \u00e0 des syst\u00e8mes automatis\u00e9s.  <\/p>\n<h4><strong>Module d&rsquo;aiguille courte industrielle standard<\/strong><\/h4>\n<p>Ce module alimentera toute <strong>fixation de tissu standard<\/strong> avec une longueur de filament de 9 mm ou plus et utilisera une aiguille longue standard. Cet outil est utilis\u00e9 pour les mat\u00e9riaux standard. Alimentera les <strong>fixations STANDARD<\/strong> avec une longueur de filament de 7 mm jusqu&rsquo;\u00e0 65 mm  <\/p>\n<table class=\"specification-table\" width=\"572\">\n<tbody>\n<tr>\n<td>Application d&rsquo;\u00e9tiquetage&nbsp;:<\/td>\n<td>Oui<\/td>\n<\/tr>\n<tr>\n<td>Module&nbsp;:<\/td>\n<td>Avery Dennison SPU1M01<\/td>\n<\/tr>\n<tr>\n<td>Pression de fonctionnement&nbsp;:<\/td>\n<td>Alimentation en air, 5,5 bars (80 psi)<\/td>\n<\/tr>\n<tr>\n<td>Longueur totale de l&rsquo;aiguille&nbsp;:<\/td>\n<td>40 mm<\/td>\n<\/tr>\n<tr>\n<td>Longueur effective&nbsp;:<\/td>\n<td>28 mm<\/td>\n<\/tr>\n<tr>\n<td>Plage d&rsquo;\u00e9paisseur d&rsquo;\u00e9tiquetage&nbsp;:<\/td>\n<td>7 mm \u2013 25 mm<\/td>\n<\/tr>\n<tr>\n<td>Type de broches\/fixations&nbsp;:<\/td>\n<td>Fixations standard et super r\u00e9sistantes<\/td>\n<\/tr>\n<tr>\n<td>Vitesse maximale&nbsp;:<\/td>\n<td>2 secondes\/cycle<\/td>\n<\/tr>\n<\/tbody>\n<\/table>\n","protected":false},"excerpt":{"rendered":"<p class=\"blue bold\">Module d&rsquo;aiguille <strong>COURTE<\/strong> industrielle standard. Les <strong>modules SPU<\/strong> sont de haute qualit\u00e9 pour r\u00e9sister \u00e0 une utilisation industrielle intensive. Chaque module est con\u00e7u pour correspondre aux dimensions d&rsquo;un groupe de fixations et d&rsquo;une longueur d&rsquo;aiguille sp\u00e9cifiques. <\/p>\n","protected":false},"featured_media":11802,"template":"","meta":[],"product_cat":[271],"product_tag":[],"_links":{"self":[{"href":"https:\/\/stularplus.com\/fr\/wp-json\/wp\/v2\/product\/11800"}],"collection":[{"href":"https:\/\/stularplus.com\/fr\/wp-json\/wp\/v2\/product"}],"about":[{"href":"https:\/\/stularplus.com\/fr\/wp-json\/wp\/v2\/types\/product"}],"wp:featuredmedia":[{"embeddable":true,"href":"https:\/\/stularplus.com\/fr\/wp-json\/wp\/v2\/media\/11802"}],"wp:attachment":[{"href":"https:\/\/stularplus.com\/fr\/wp-json\/wp\/v2\/media?parent=11800"}],"wp:term":[{"taxonomy":"product_cat","embeddable":true,"href":"https:\/\/stularplus.com\/fr\/wp-json\/wp\/v2\/product_cat?post=11800"},{"taxonomy":"product_tag","embeddable":true,"href":"https:\/\/stularplus.com\/fr\/wp-json\/wp\/v2\/product_tag?post=11800"}],"curies":[{"name":"wp","href":"https:\/\/api.w.org\/{rel}","templated":true}]}}