{"id":11805,"date":"2021-12-05T02:29:36","date_gmt":"2021-12-05T01:29:36","guid":{"rendered":"https:\/\/stularplus.com\/tagson-s-a-m\/"},"modified":"2025-12-20T10:38:04","modified_gmt":"2025-12-20T09:38:04","slug":"tagson-s-a-m","status":"publish","type":"product","link":"https:\/\/stularplus.com\/fr\/tagson-s-a-m\/","title":{"rendered":"TAGSON S.A.M."},"content":{"rendered":"<p>Solution parfaite pour l&rsquo;\u00e9tiquetage des v\u00eatements, des chaussettes fines ou de tout autre tissu. Gr\u00e2ce au module Fine Fabric Avery Dennison int\u00e9gr\u00e9, cette application n&rsquo;endommage pas les tissus. Le support de module et la position de l&rsquo;aiguille peuvent \u00eatre ajust\u00e9s selon les besoins de l&rsquo;op\u00e9rateur, afin de garantir les meilleures conditions de travail. La PS-1\/SAM peut emballer des produits d&rsquo;une \u00e9paisseur de 15 mm \u00e0 40 mm.   <\/p>\n<p><em>La PS-1\/SAM, l\u00e9g\u00e8re, tr\u00e8s portable et de table, fait la moiti\u00e9 du travail pour vous. En fixant les tissus sur l&rsquo;aiguille \u00e0 la main, l&rsquo;op\u00e9rateur appuie simultan\u00e9ment sur l&rsquo;interrupteur \u00e0 doigt, ce qui \u00e9jecte l&rsquo;attache \u00e0 travers l&rsquo;aiguille. <\/em><\/p>\n<p>Chaque machine est fabriqu\u00e9e avec la plus haute pr\u00e9cision et adapt\u00e9e aux exigences du consommateur final. Le c\u0153ur de la machine est <strong>aliment\u00e9 par un<\/strong> <strong>module Avery Dennison SPU<\/strong>, ce qui garantit le plus haut niveau de qualit\u00e9 et de fiabilit\u00e9 de l&rsquo;industrie. Le module principal peut \u00eatre remplac\u00e9 par n&rsquo;importe quel autre module Avery Dennison afin de garantir une efficacit\u00e9 maximale. La base de la machine est soigneusement con\u00e7ue avec les meilleurs mat\u00e9riaux pour les vannes, les interrupteurs, l&rsquo;axe fabriqu\u00e9 \u00e0 la main, le rack en aluminium, le support et les supports en PTFE.   <\/p>\n<table class=\"specification-table\" width=\"572\">\n<tbody>\n<tr>\n<td>Application d&rsquo;\u00e9tiquetage&nbsp;:<\/td>\n<td>Oui<\/td>\n<\/tr>\n<tr>\n<td>Module&nbsp;:<\/td>\n<td>Avery Dennison Swiftach SPU2M02<\/td>\n<\/tr>\n<tr>\n<td>Pression de fonctionnement&nbsp;:<\/td>\n<td>Alimentation en air, 5,5 bars (80 psi)<\/td>\n<\/tr>\n<tr>\n<td>Longueur totale de l&rsquo;aiguille&nbsp;:<\/td>\n<td>48,6 mm<\/td>\n<\/tr>\n<tr>\n<td>Longueur effective&nbsp;:<\/td>\n<td>38 mm<\/td>\n<\/tr>\n<tr>\n<td>Plage d&rsquo;\u00e9paisseur de marquage&nbsp;:<\/td>\n<td>7 mm \u2013 40 mm<\/td>\n<\/tr>\n<tr>\n<td>Type d&rsquo;attaches\/fixations&nbsp;:<\/td>\n<td>Attaches en nylon pour tissus d\u00e9licats<\/td>\n<\/tr>\n<tr>\n<td>Vitesse max.&nbsp;:<\/td>\n<td>1,5 seconde\/cycle<\/td>\n<\/tr>\n<tr>\n<td>R\u00e9glages de la hauteur&nbsp;:<\/td>\n<td>Non<\/td>\n<\/tr>\n<tr>\n<td>Marqueur laser&nbsp;:<\/td>\n<td>En option<\/td>\n<\/tr>\n<tr>\n<td>Deux interrupteurs de s\u00e9curit\u00e9 \u00e0 doigt&nbsp;:<\/td>\n<td>En option<\/td>\n<\/tr>\n<tr>\n<td>Application de CROCHET J&nbsp;:<\/td>\n<td>Non<\/td>\n<\/tr>\n<tr>\n<td>Compression de la plaque d&rsquo;aiguille&nbsp;:<\/td>\n<td>Non<\/td>\n<\/tr>\n<tr>\n<td>Dimensions de la machine&nbsp;:<\/td>\n<td>400 x 160 x 320 mm<\/td>\n<\/tr>\n<tr>\n<td>Emballage global du colis&nbsp;:<\/td>\n<td>\/<\/td>\n<\/tr>\n<tr>\n<td>Poids&nbsp;:<\/td>\n<td>1 kg<\/td>\n<\/tr>\n<\/tbody>\n<\/table>\n<div class=\"wpb_text_column wpb_content_element vc_custom_1574181509010 blue\">\n<div class=\"wpb_wrapper\">\n<p><strong>Essais gratuits<\/strong><\/p>\n<\/div>\n<\/div>\n<div class=\"wpb_text_column wpb_content_element vc_custom_1575308221273 white\">\n<div class=\"wpb_wrapper\">\n<p>Si vous souhaitez recevoir un \u00e9chantillon gratuit de votre produit emball\u00e9 avec nos machines, contactez-nous et nous pr\u00e9parerons une pr\u00e9sentation gratuite. Laissez nos ing\u00e9nieurs vous guider tout au long du processus d&rsquo;essais gratuits. <\/p>\n<\/div>\n<\/div>\n<p>Pour plus d&rsquo;informations, veuillez consulter notre site web officiel TAGSON&nbsp;: https:\/\/tagson.eu\/products\/ps-1-sam\/<\/p>\n","protected":false},"excerpt":{"rendered":"<p>La machine \u00e0 \u00e9tiqueter de table semi-automatis\u00e9e PS-1\/SAM, l\u00e9g\u00e8re et tr\u00e8s portable, fait la moiti\u00e9 du travail pour vous. Emballez des produits d&rsquo;une \u00e9paisseur de 15 mm \u00e0 40 mm. Id\u00e9al pour l&rsquo;\u00e9tiquetage des v\u00eatements, des chaussettes, des gants, des serviettes et autres textiles.  <\/p>\n","protected":false},"featured_media":11808,"template":"","meta":[],"product_cat":[275],"product_tag":[],"_links":{"self":[{"href":"https:\/\/stularplus.com\/fr\/wp-json\/wp\/v2\/product\/11805"}],"collection":[{"href":"https:\/\/stularplus.com\/fr\/wp-json\/wp\/v2\/product"}],"about":[{"href":"https:\/\/stularplus.com\/fr\/wp-json\/wp\/v2\/types\/product"}],"wp:featuredmedia":[{"embeddable":true,"href":"https:\/\/stularplus.com\/fr\/wp-json\/wp\/v2\/media\/11808"}],"wp:attachment":[{"href":"https:\/\/stularplus.com\/fr\/wp-json\/wp\/v2\/media?parent=11805"}],"wp:term":[{"taxonomy":"product_cat","embeddable":true,"href":"https:\/\/stularplus.com\/fr\/wp-json\/wp\/v2\/product_cat?post=11805"},{"taxonomy":"product_tag","embeddable":true,"href":"https:\/\/stularplus.com\/fr\/wp-json\/wp\/v2\/product_tag?post=11805"}],"curies":[{"name":"wp","href":"https:\/\/api.w.org\/{rel}","templated":true}]}}