{"id":11831,"date":"2021-12-05T02:29:37","date_gmt":"2021-12-05T01:29:37","guid":{"rendered":"https:\/\/stularplus.com\/st9500-plus-agrafeuse-plastique-nouveau\/"},"modified":"2025-12-20T10:38:09","modified_gmt":"2025-12-20T09:38:09","slug":"st9500-plus-agrafeuse-plastique-nouveau","status":"publish","type":"product","link":"https:\/\/stularplus.com\/fr\/st9500-plus-agrafeuse-plastique-nouveau\/","title":{"rendered":"ST9500 PLUS&nbsp;: Agrafeuse plastique (nouveau)"},"content":{"rendered":"<div class=\"text parbase\">\n<div class=\"rte-text-p rte-text-p-e5fc357e-ce4f-4d3f-9c78-9b3a52c53a68\">\n<p>Syst\u00e8me standard de l\u2019industrie, le syst\u00e8me de fixation d\u2019agrafes en plastique Avery Dennison a \u00e9t\u00e9 introduit il y a de nombreuses ann\u00e9es comme un mod\u00e8le d\u2019innovation et de qualit\u00e9. Aujourd\u2019hui, apr\u00e8s des ann\u00e9es consacr\u00e9es \u00e0 perfectionner davantage la technologie, nous portons notre innovation au niveau sup\u00e9rieur avec le <strong>syst\u00e8me de fixation d\u2019agrafes en plastique ST9500<\/strong>. <\/p>\n<p>La rapidit\u00e9 et la flexibilit\u00e9 d\u2019application, ainsi que des gains d\u2019efficacit\u00e9 consid\u00e9rables, font de ce syst\u00e8me un incontournable pour les fabricants qui cherchent \u00e0 r\u00e9pondre aux besoins des d\u00e9taillants et des clients. Cet outil de fixation est simple \u00e0 charger et s\u2019adapte facilement \u00e0 un large \u00e9ventail d\u2019applications et de tissus. <\/p>\n<p><strong>Le ST9500 est con\u00e7u pour n\u00e9cessiter peu d\u2019entretien<\/strong>, tout en assurant un \u00e9tiquetage rapide et uniforme avec moins de retards de travail. Ce syst\u00e8me est beaucoup plus facile \u00e0 utiliser que les syst\u00e8mes \u00e0 aiguille et \u00e0 fil et il alimente automatiquement les fixations \u00e0 travers deux aiguilles, \u00e0 partir d\u2019une bobine continue de milliers de fixations. Le ST9500 int\u00e8gre un moteur de haute qualit\u00e9 et des aiguilles durables, ce qui r\u00e9duit les besoins d\u2019entretien au minimum. Cette machine offre&nbsp;:  <\/p>\n<ul>\n<li>Programmation du cycle (1, 2, 3\u2026 10 ou continu)<\/li>\n<li>Technologie de machine intelligente<\/li>\n<li>Le convertisseur de puissance permet une utilisation en 120&nbsp;V ou 220&nbsp;V<\/li>\n<li>R\u00e9glage variable de la vitesse d\u2019actionnement<\/li>\n<li>Espacement variable des aiguilles (plage de 6,5&nbsp;mm \u00e0 12,5&nbsp;mm)<\/li>\n<li>Pas d\u2019embrayage ni de sol\u00e9no\u00efde<\/li>\n<li>Syst\u00e8me d\u2019alimentation sans r\u00e9glage<\/li>\n<\/ul>\n<p>Les fixations extra-r\u00e9sistantes et les capacit\u00e9s d\u2019espacement variable des aiguilles rendent le ST9500 parfait pour l\u2019\u00e9tiquetage des mat\u00e9riaux denses et la r\u00e9alisation d\u2019applications populaires comme le moustachage du denim. M\u00eame les laisses pour chiens ne posent aucun probl\u00e8me. De plus, ses fixations peuvent \u00eatre moul\u00e9es dans n\u2019importe quelle couleur, pour correspondre \u00e0 n\u2019importe quelle application.  <\/p>\n<\/div>\n<\/div>\n","protected":false},"excerpt":{"rendered":"<p><b>NOUVELLE agrafeuse plastique ST9500<\/b> PLUS, id\u00e9ale pour l\u2019\u00e9tiquetage, l\u2019appariement et le moustachage. L\u2019agrafe plastique a toujours \u00e9t\u00e9 une solution id\u00e9ale pour <g id=\"gid_1\">l\u2019\u00e9tiquetage des pantalons<\/g>, des vestes et de la lingerie&nbsp;; la cr\u00e9ation d\u2019effets de lavage, comme les moustaches, sur les jeans&nbsp;; et l\u2019appariement des chaussettes jusqu\u2019\u00e0 1,5&nbsp;cm. Maintenant disponible en tant que NOUVEAU mod\u00e8le avec des fonctionnalit\u00e9s suppl\u00e9mentaires.  <\/p>\n","protected":false},"featured_media":11845,"template":"","meta":[],"product_cat":[275],"product_tag":[],"_links":{"self":[{"href":"https:\/\/stularplus.com\/fr\/wp-json\/wp\/v2\/product\/11831"}],"collection":[{"href":"https:\/\/stularplus.com\/fr\/wp-json\/wp\/v2\/product"}],"about":[{"href":"https:\/\/stularplus.com\/fr\/wp-json\/wp\/v2\/types\/product"}],"wp:featuredmedia":[{"embeddable":true,"href":"https:\/\/stularplus.com\/fr\/wp-json\/wp\/v2\/media\/11845"}],"wp:attachment":[{"href":"https:\/\/stularplus.com\/fr\/wp-json\/wp\/v2\/media?parent=11831"}],"wp:term":[{"taxonomy":"product_cat","embeddable":true,"href":"https:\/\/stularplus.com\/fr\/wp-json\/wp\/v2\/product_cat?post=11831"},{"taxonomy":"product_tag","embeddable":true,"href":"https:\/\/stularplus.com\/fr\/wp-json\/wp\/v2\/product_tag?post=11831"}],"curies":[{"name":"wp","href":"https:\/\/api.w.org\/{rel}","templated":true}]}}