{"id":11850,"date":"2021-12-05T02:29:36","date_gmt":"2021-12-05T01:29:36","guid":{"rendered":"https:\/\/stularplus.com\/machine-demballage-ecologique-tagson-ps-2-es\/"},"modified":"2025-12-20T10:38:11","modified_gmt":"2025-12-20T09:38:11","slug":"machine-demballage-ecologique-tagson-ps-2-es","status":"publish","type":"product","link":"https:\/\/stularplus.com\/fr\/machine-demballage-ecologique-tagson-ps-2-es\/","title":{"rendered":"Machine d&#8217;emballage \u00e9cologique Tagson PS-2\/ES"},"content":{"rendered":"<p class=\"blue bold\"><strong>Machine d&#8217;emballage \u00e9cologique<\/strong><\/p>\n<p>La machine d&#8217;emballage pneumatique automatis\u00e9e PS-2\/ES avec <strong>syst\u00e8me de fixation d&rsquo;agrafes \u00e9lastiques IndES\u00ae int\u00e9gr\u00e9<\/strong> avec un fonctionnement \u00e0 une ou deux aiguilles peut \u00eatre utilis\u00e9e comme m\u00e9thode d&#8217;emballage ou d&rsquo;\u00e9tiquetage pour tous types de produits. Le syst\u00e8me est facile \u00e0 utiliser, fiable et constitue une solution d&#8217;emballage polyvalente qui aide les fabricants \u00e0 r\u00e9duire les co\u00fbts li\u00e9s \u00e0 l&#8217;emballage et \u00e0 am\u00e9liorer la productivit\u00e9. <\/p>\n<p>Les syst\u00e8mes d&rsquo;agrafes \u00e9lastiques sont con\u00e7us pour maintenir solidement les produits sur une carte de support ou \u00e0 l&rsquo;int\u00e9rieur d&rsquo;un emballage. Avec des <strong>longueurs de fixation allant de 15 mm \u00e0 200 mm<\/strong> et des classes de r\u00e9sistance \u00e0 la traction allant de Standard \u00e0 Heavy Duty, ces agrafes souples s&rsquo;\u00e9tirent pour s&rsquo;adapter \u00e0 une grande vari\u00e9t\u00e9 de formes et de tailles de produits. Les produits emball\u00e9s avec des agrafes \u00e9lastiques augmentent l&rsquo;attrait pour le consommateur et <g id=\"gid_1\">r\u00e9duisent les d\u00e9chets plastiques<\/g> par rapport aux syst\u00e8mes de fixation conventionnels. Ils peuvent aider un propri\u00e9taire de marque \u00e0 maximiser les options d&#8217;emballage pour un retour sur investissement rapide.   <\/p>\n<p><strong>PAS de blisters \u2013 PAS de coques \u2013 PAS de serre-c\u00e2bles \u2013 PAS d&rsquo;attaches torsad\u00e9es<\/strong><\/p>\n<h4><img fetchpriority=\"high\" decoding=\"async\" class=\"alignnone wp-image-1151 size-full\" src=\"http:\/\/tagson.eu\/wp-content\/uploads\/2019\/10\/tagson-reduce-plastic-waste-by-99.jpg\" sizes=\"(max-width: 800px) 100vw, 800px\" srcset=\"https:\/\/tagson.eu\/wp-content\/uploads\/2019\/10\/tagson-reduce-plastic-waste-by-99.jpg 800w, https:\/\/tagson.eu\/wp-content\/uploads\/2019\/10\/tagson-reduce-plastic-waste-by-99-480x311.jpg 480w, https:\/\/tagson.eu\/wp-content\/uploads\/2019\/10\/tagson-reduce-plastic-waste-by-99-768x497.jpg 768w\" alt=\"\" width=\"800\" height=\"518\" title=\"\"><\/h4>\n<h4>R\u00e9duction de 99 % des emballages plastiques<\/h4>\n<p>\u2022 r\u00e9duction de la consommation d&rsquo;\u00e9nergie jusqu&rsquo;\u00e0 4 fois (par rapport aux blisters)<br \/>\n\u2022 diminution des temps d&rsquo;arr\u00eat en r\u00e9duisant le temps et les \u00e9tapes de la production d&#8217;emballages<br \/>\n\u2022 r\u00e9duction de la charge de travail de l&rsquo;op\u00e9rateur<br \/>\n\u2022 r\u00e9duction des co\u00fbts de mat\u00e9riaux<\/p>\n<h4>Am\u00e9liorer l&rsquo;exp\u00e9rience du consommateur<\/h4>\n<p>\u2022 moins d&#8217;emballage am\u00e9liore l&rsquo;aspect visuel du produit sur le point de vente<br \/>\n\u2022 retrait plus rapide, plus facile et plus s\u00fbr du produit de l&#8217;emballage<br \/>\n\u2022 les consommateurs pr\u00e9f\u00e8rent acheter des produits emball\u00e9s de mani\u00e8re \u00e9cologique<\/p>\n<table class=\"specification-table\" width=\"572\">\n<tbody>\n<tr>\n<td>Sp\u00e9cifications de la machine&nbsp;:<\/td>\n<td><\/td>\n<\/tr>\n<tr>\n<td>Application d&rsquo;\u00e9tiquetage&nbsp;:<\/td>\n<td>Oui<\/td>\n<\/tr>\n<tr>\n<td>Application d&#8217;emballage&nbsp;:<\/td>\n<td>Oui<\/td>\n<\/tr>\n<tr>\n<td>Plage de largeur d&#8217;emballage&nbsp;:<\/td>\n<td>15&nbsp;mm&nbsp;\u2013&nbsp;160&nbsp;mm<\/td>\n<\/tr>\n<tr>\n<td>Module&nbsp;:<\/td>\n<td>Avery Dennison IndES<\/td>\n<\/tr>\n<tr>\n<td>Pression de service&nbsp;:<\/td>\n<td>40&nbsp;psi (2,75&nbsp;bar) \u2013 80&nbsp;psi (5,5&nbsp;bar)<\/td>\n<\/tr>\n<tr>\n<td>Type de broches\/fixations&nbsp;:<\/td>\n<td>Agrafes \u00e9lastiques IndES\u00ae<\/td>\n<\/tr>\n<tr>\n<td>Vitesse max.&nbsp;:<\/td>\n<td>1,5&nbsp;seconde\/cycle<\/td>\n<\/tr>\n<tr>\n<td>R\u00e9glages de la hauteur&nbsp;:<\/td>\n<td>Non<\/td>\n<\/tr>\n<tr>\n<td>R\u00e9glage de la largeur de l&rsquo;aiguille&nbsp;:<\/td>\n<td>Oui, 15&nbsp;mm&nbsp;\u2013&nbsp;160&nbsp;mm<\/td>\n<\/tr>\n<tr>\n<td>Marqueur laser&nbsp;:<\/td>\n<td>Oui<\/td>\n<\/tr>\n<tr>\n<td>P\u00e9dale&nbsp;:<\/td>\n<td>En option<\/td>\n<\/tr>\n<tr>\n<td>Dimensions de la machine&nbsp;:<\/td>\n<td>550&nbsp;x&nbsp;500&nbsp;x&nbsp;1300&nbsp;mm<\/td>\n<\/tr>\n<tr>\n<td>Dimensions totales du colis&nbsp;:<\/td>\n<td>600 x 600 x 700 mm<\/td>\n<\/tr>\n<tr>\n<td>Poids&nbsp;:<\/td>\n<td>30&nbsp;kg<\/td>\n<\/tr>\n<tr>\n<td>.<\/td>\n<td><\/td>\n<\/tr>\n<tr>\n<td>Sp\u00e9cifications des agrafes&nbsp;:<\/td>\n<td><\/td>\n<\/tr>\n<tr>\n<td>Agrafe standard&nbsp;:<\/td>\n<td>r\u00e9sistance \u00e0 la traction min. de 5&nbsp;lbsf (2,27&nbsp;kg)<\/td>\n<\/tr>\n<tr>\n<td>Agrafe robuste&nbsp;:<\/td>\n<td>r\u00e9sistance \u00e0 la traction min. de 6&nbsp;lbsf (2,72&nbsp;kg)<\/td>\n<\/tr>\n<tr>\n<td>Mat\u00e9riau&nbsp;:<\/td>\n<td>Polyur\u00e9thane<\/td>\n<\/tr>\n<tr>\n<td>Poids&nbsp;:<\/td>\n<td>0,026&nbsp;g&nbsp;\u2013&nbsp;0,077&nbsp;g<\/td>\n<\/tr>\n<tr>\n<td>Emballage&nbsp;:<\/td>\n<td>10&nbsp;000&nbsp;agrafes par ReelStaple<\/td>\n<\/tr>\n<tr>\n<td>Temp\u00e9rature de service&nbsp;:<\/td>\n<td>-26&nbsp;\u00b0C (-15&nbsp;\u00b0F) \u00e0 60&nbsp;\u00b0C (140&nbsp;\u00b0F)<\/td>\n<\/tr>\n<tr>\n<td>Application d&rsquo;agrafe standard&nbsp;:<\/td>\n<td>Module 11600 IndES\u00ae (toutes les tailles d&rsquo;agrafes)<\/td>\n<\/tr>\n<\/tbody>\n<\/table>\n<div class=\"row product_specification_container product-padding\">\n<p><strong>Essais gratuits<\/strong><\/p>\n<\/div>\n<div class=\"row product_banners_container product-padding\">\n<div class=\"templatera_shortcode\">\n<section class=\"vc_section\">\n<div class=\"vc_row wpb_row vc_row-fluid two_column_banners vc_column-gap-35\">\n<div class=\"wpb_column vc_column_container vc_col-sm-6 vc_col-has-fill\">\n<div class=\"vc_column-inner vc_custom_1568291041704\">\n<div class=\"wpb_wrapper\">\n<div class=\"wpb_text_column wpb_content_element vc_custom_1575308221273 white\">\n<div class=\"wpb_wrapper\">\n<p>Si vous souhaitez recevoir un \u00e9chantillon gratuit de votre produit emball\u00e9 avec nos machines, contactez-nous et nous pr\u00e9parerons une pr\u00e9sentation gratuite. Laissez nos ing\u00e9nieurs vous guider tout au long du processus d&rsquo;essais gratuits. <\/p>\n<\/div>\n<\/div>\n<\/div>\n<\/div>\n<\/div>\n<\/div>\n<\/section>\n<\/div>\n<\/div>\n","protected":false},"excerpt":{"rendered":"<p>La machine d&#8217;emballage pneumatique automatis\u00e9e avec <strong>syst\u00e8me de fixation d&rsquo;agrafes \u00e9lastiques IndES\u00ae<\/strong> int\u00e9gr\u00e9 (longueurs de fixation allant de 15&nbsp;mm \u00e0 200&nbsp;mm) avec un fonctionnement \u00e0 une ou deux aiguilles peut \u00eatre utilis\u00e9e comme m\u00e9thode d&#8217;emballage ou d&rsquo;\u00e9tiquetage pour tous les types de produits. <strong>R\u00e9duisez les d\u00e9chets d&#8217;emballage en plastique de 99&nbsp;%.<\/strong> <\/p>\n","protected":false},"featured_media":11853,"template":"","meta":[],"product_cat":[275],"product_tag":[],"_links":{"self":[{"href":"https:\/\/stularplus.com\/fr\/wp-json\/wp\/v2\/product\/11850"}],"collection":[{"href":"https:\/\/stularplus.com\/fr\/wp-json\/wp\/v2\/product"}],"about":[{"href":"https:\/\/stularplus.com\/fr\/wp-json\/wp\/v2\/types\/product"}],"wp:featuredmedia":[{"embeddable":true,"href":"https:\/\/stularplus.com\/fr\/wp-json\/wp\/v2\/media\/11853"}],"wp:attachment":[{"href":"https:\/\/stularplus.com\/fr\/wp-json\/wp\/v2\/media?parent=11850"}],"wp:term":[{"taxonomy":"product_cat","embeddable":true,"href":"https:\/\/stularplus.com\/fr\/wp-json\/wp\/v2\/product_cat?post=11850"},{"taxonomy":"product_tag","embeddable":true,"href":"https:\/\/stularplus.com\/fr\/wp-json\/wp\/v2\/product_tag?post=11850"}],"curies":[{"name":"wp","href":"https:\/\/api.w.org\/{rel}","templated":true}]}}