{"id":11924,"date":"2021-12-05T02:29:51","date_gmt":"2021-12-05T01:29:51","guid":{"rendered":"https:\/\/stularplus.com\/tagson-ps-1-xlf-aiguille-extra-longue\/"},"modified":"2025-12-20T10:38:31","modified_gmt":"2025-12-20T09:38:31","slug":"tagson-ps-1-xlf-aiguille-extra-longue","status":"publish","type":"product","link":"https:\/\/stularplus.com\/fr\/tagson-ps-1-xlf-aiguille-extra-longue\/","title":{"rendered":"TAGSON PS-1\/XLF (Aiguille extra longue)"},"content":{"rendered":"<p class=\"blue bold\"><strong>Machine \u00e0 \u00e9tiqueter avec AIGUILLE FINE EXTRA LONGUE<\/strong><\/p>\n<p>Fiabilit\u00e9, productivit\u00e9 et rapidit\u00e9, associ\u00e9es \u00e0 une excellente ergonomie et pr\u00e9cision, sont les principaux atouts de la nouvelle machine d&rsquo;\u00e9tiquetage portable pneumatique automatis\u00e9e. Avec son aiguille fine extra longue, la PS-1\/XLF est irr\u00e9mpla\u00e7able pour l&rsquo;\u00e9tiquetage ou l&#8217;emballage des mat\u00e9riaux les plus fins tels que les chaussettes ou les gants, les textiles en microfibre, les serviettes et les tapis. <\/p>\n<p><em>L&rsquo;aiguille tr\u00e8s fine ne laisse aucun trou dans le mat\u00e9riau. La longueur de l&rsquo;aiguille (48 mm) permet d&#8217;emballer des produits d&rsquo;une \u00e9paisseur de 7 mm \u00e0 40 mm. <\/em><\/p>\n<p>Gr\u00e2ce \u00e0 sa conception compacte et \u00e0 son activation rapide, la machine d&rsquo;\u00e9tiquetage portable automatis\u00e9e PS-1\/XLF peut \u00eatre facilement int\u00e9gr\u00e9e \u00e0 tous les types de cha\u00eenes d&#8217;emballage. Convient \u00e0 tous les fabricants de chaussettes, de gants et de tapis qui souhaitent simplifier leur flux de travail, augmenter leur productivit\u00e9 et r\u00e9duire les co\u00fbts d&#8217;emballage. <\/p>\n<p>Chaque machine est fabriqu\u00e9e avec la plus haute pr\u00e9cision et adapt\u00e9e aux exigences du consommateur final. Le c\u0153ur de la machine est <strong>aliment\u00e9 par un<\/strong> <strong>module Avery Dennison SPU<\/strong> qui garantit le plus haut niveau de qualit\u00e9 et de fiabilit\u00e9 de l&rsquo;industrie. Le module principal peut \u00eatre remplac\u00e9 par n&rsquo;importe quel autre module Avery Dennison, ce qui garantit une efficacit\u00e9 maximale. La base de la machine est soigneusement con\u00e7ue avec les meilleures vannes, interrupteurs, axes fabriqu\u00e9s \u00e0 la main, rack en aluminium, support et supports en PTFE.   <\/p>\n<table class=\"specification-table\" width=\"572\">\n<tbody>\n<tr>\n<td>Application d&rsquo;\u00e9tiquetage&nbsp;:<\/td>\n<td>Oui<\/td>\n<\/tr>\n<tr>\n<td>Module&nbsp;:<\/td>\n<td>Avery Dennison Swiftach SPU2M02<\/td>\n<\/tr>\n<tr>\n<td>Pression de fonctionnement&nbsp;:<\/td>\n<td>Alimentation en air, 5,5 bars (80 psi)<\/td>\n<\/tr>\n<tr>\n<td>Longueur totale de l&rsquo;aiguille&nbsp;:<\/td>\n<td>48,6 mm<\/td>\n<\/tr>\n<tr>\n<td>Longueur effective&nbsp;:<\/td>\n<td>38 mm<\/td>\n<\/tr>\n<tr>\n<td>Plage d&rsquo;\u00e9paisseur de marquage&nbsp;:<\/td>\n<td>7 mm \u2013 40 mm<\/td>\n<\/tr>\n<tr>\n<td>Type d&rsquo;attaches\/fixations&nbsp;:<\/td>\n<td>Attaches en nylon pour tissus d\u00e9licats<\/td>\n<\/tr>\n<tr>\n<td>Vitesse maximale&nbsp;:<\/td>\n<td>2 secondes\/cycle<\/td>\n<\/tr>\n<tr>\n<td>R\u00e9glages de hauteur&nbsp;:<\/td>\n<td>Oui<\/td>\n<\/tr>\n<tr>\n<td>Marqueur laser&nbsp;:<\/td>\n<td>En option<\/td>\n<\/tr>\n<tr>\n<td>P\u00e9dale&nbsp;:<\/td>\n<td>En option<\/td>\n<\/tr>\n<tr>\n<td>Application de CROCHET J&nbsp;:<\/td>\n<td>En option<\/td>\n<\/tr>\n<tr>\n<td>Compression de la plaque d&rsquo;aiguille&nbsp;:<\/td>\n<td>En option<\/td>\n<\/tr>\n<tr>\n<td>Dimensions de la machine&nbsp;:<\/td>\n<td>500 x 420 x 720 mm<\/td>\n<\/tr>\n<tr>\n<td>Dimensions totales du colis&nbsp;:<\/td>\n<td>600 x 600 x 700 mm<\/td>\n<\/tr>\n<tr>\n<td>Poids&nbsp;:<\/td>\n<td>21 kg<\/td>\n<\/tr>\n<\/tbody>\n<\/table>\n<div class=\"row product_specification_container product-padding\">\n<p><strong>Essais gratuits<\/strong><\/p>\n<\/div>\n<div class=\"row product_banners_container product-padding\">\n<div class=\"templatera_shortcode\">\n<section class=\"vc_section\">\n<div class=\"vc_row wpb_row vc_row-fluid two_column_banners vc_column-gap-35\">\n<div class=\"wpb_column vc_column_container vc_col-sm-6 vc_col-has-fill\">\n<div class=\"vc_column-inner vc_custom_1568291041704\">\n<div class=\"wpb_wrapper\">\n<div class=\"wpb_text_column wpb_content_element vc_custom_1575308221273 white\">\n<div class=\"wpb_wrapper\">\n<p>Si vous souhaitez recevoir un \u00e9chantillon gratuit de votre produit emball\u00e9 avec nos machines, contactez-nous et nous pr\u00e9parerons une pr\u00e9sentation gratuite. Laissez nos ing\u00e9nieurs vous guider tout au long du processus d&rsquo;essais gratuits. <\/p>\n<\/div>\n<\/div>\n<\/div>\n<\/div>\n<\/div>\n<\/div>\n<\/section>\n<\/div>\n<\/div>\n<p>Pour plus d&rsquo;informations techniques, veuillez consulter le site Web officiel de TAGSON&nbsp;: https:\/\/tagson.eu\/products\/ps-1-xlf\/<\/p>\n","protected":false},"excerpt":{"rendered":"<p>Machine d&rsquo;\u00e9tiquetage portable pneumatique automatis\u00e9e aliment\u00e9e par un module Avery Dennison SPU. Emballez des produits d&rsquo;une \u00e9paisseur de 7 mm \u00e0 40 mm. Id\u00e9al pour \u00e9tiqueter les chaussettes, les gants, les serviettes et autres textiles.   <strong>Con\u00e7u et fabriqu\u00e9 dans l&rsquo;UE.<\/strong><\/p>\n","protected":false},"featured_media":11930,"template":"","meta":[],"product_cat":[275],"product_tag":[],"_links":{"self":[{"href":"https:\/\/stularplus.com\/fr\/wp-json\/wp\/v2\/product\/11924"}],"collection":[{"href":"https:\/\/stularplus.com\/fr\/wp-json\/wp\/v2\/product"}],"about":[{"href":"https:\/\/stularplus.com\/fr\/wp-json\/wp\/v2\/types\/product"}],"wp:featuredmedia":[{"embeddable":true,"href":"https:\/\/stularplus.com\/fr\/wp-json\/wp\/v2\/media\/11930"}],"wp:attachment":[{"href":"https:\/\/stularplus.com\/fr\/wp-json\/wp\/v2\/media?parent=11924"}],"wp:term":[{"taxonomy":"product_cat","embeddable":true,"href":"https:\/\/stularplus.com\/fr\/wp-json\/wp\/v2\/product_cat?post=11924"},{"taxonomy":"product_tag","embeddable":true,"href":"https:\/\/stularplus.com\/fr\/wp-json\/wp\/v2\/product_tag?post=11924"}],"curies":[{"name":"wp","href":"https:\/\/api.w.org\/{rel}","templated":true}]}}