{"id":12041,"date":"2025-10-09T11:08:46","date_gmt":"2025-10-09T09:08:46","guid":{"rendered":"https:\/\/stularplus.com\/tagson-astrid-machine-detiquetage-de-vetements\/"},"modified":"2025-12-20T10:40:22","modified_gmt":"2025-12-20T09:40:22","slug":"tagson-astrid-machine-detiquetage-de-vetements","status":"publish","type":"product","link":"https:\/\/stularplus.com\/fr\/tagson-astrid-machine-detiquetage-de-vetements\/","title":{"rendered":"TAGSON Astrid (machine d&rsquo;\u00e9tiquetage de v\u00eatements)"},"content":{"rendered":"<h4><strong>Appliquez une \u00e9tiquette sur les v\u00eatements avec une attache en quelques secondes. Augmentez la productivit\u00e9 de 80 % <\/strong><\/h4>\n<p>Petite machine qui s&rsquo;adapte \u00e0 toutes les productions de v\u00eatements.<\/p>\n<p>Voir la vid\u00e9o de pr\u00e9sentation <a href=\"https:\/\/www.youtube.com\/watch?v=FqRdt9tcRrY\" target=\"_blank\" rel=\"noopener\">ici<\/a>.<\/p>\n<p>Fiabilit\u00e9, productivit\u00e9, rapidit\u00e9, ergonomie et pr\u00e9cision sont les principaux atouts de la nouvelle machine d&rsquo;\u00e9tiquetage portable automatis\u00e9e pneumatique. L&rsquo;ASTRID est une solution d&rsquo;\u00e9tiquetage l\u00e9g\u00e8re, portable et pr\u00eate \u00e0 l&#8217;emploi, adapt\u00e9e \u00e0 toute ligne de production de v\u00eatements ou environnement de vente au d\u00e9tail. Con\u00e7ue pour l&rsquo;efficacit\u00e9, la facilit\u00e9 d&rsquo;utilisation et la polyvalence, elle rationalise votre processus d&rsquo;\u00e9tiquetage de v\u00eatements pour une productivit\u00e9 et une qualit\u00e9 accrues.  <\/p>\n<p><strong>Pour \u00e9tiqueter les mat\u00e9riaux les plus fins aux manteaux tr\u00e8s \u00e9pais, etc. avec pr\u00e9cision en quelques secondes.<\/strong><\/p>\n<p>Gr\u00e2ce \u00e0 sa conception compacte et \u00e0 son activation rapide, la machine d&rsquo;\u00e9tiquetage automatis\u00e9e portable ASTRID peut \u00eatre facilement int\u00e9gr\u00e9e dans tous les types de lignes de v\u00eatements. <strong>Con\u00e7u pour toute ligne de production ou environnement de vente au d\u00e9tail qui souhaite simplifier son flux de travail, augmenter sa productivit\u00e9 et r\u00e9duire les co\u00fbts d&#8217;emballage.<\/strong><\/p>\n<p>Chaque machine est fabriqu\u00e9e avec la plus haute pr\u00e9cision et adapt\u00e9e aux exigences du consommateur final. Le c\u0153ur de la machine est <strong>aliment\u00e9 par un<\/strong> <strong>module Avery Dennison SPU<\/strong> qui garantit le plus haut niveau de qualit\u00e9 et de fiabilit\u00e9 de l&rsquo;industrie. Le module principal peut \u00eatre remplac\u00e9 par n&rsquo;importe quel autre module Avery Dennison, ce qui garantit une efficacit\u00e9 maximale. La base de la machine est soigneusement con\u00e7ue avec les meilleures vannes, interrupteurs, axes fabriqu\u00e9s \u00e0 la main, rack en aluminium, support et supports en PTFE.   <\/p>\n<p><em>L&rsquo;aiguille tr\u00e8s fine ne laisse aucun trou dans le mat\u00e9riau. La longueur de l&rsquo;aiguille (40 mm) permet d&#8217;emballer des produits d&rsquo;une \u00e9paisseur de 1 mm \u00e0 30 mm. <\/em><\/p>\n<p>Gr\u00e2ce \u00e0 sa conception compacte et \u00e0 son activation rapide, la machine d&rsquo;\u00e9tiquetage automatis\u00e9e portable MINI STAR peut \u00eatre facilement int\u00e9gr\u00e9e dans tous les types de lignes d&#8217;emballage. Convient \u00e0 tous les fabricants de chaussettes, de gants et de tapis qui souhaitent simplifier leur flux de travail, augmenter leur productivit\u00e9 et r\u00e9duire les co\u00fbts d&#8217;emballage. <\/p>\n<table class=\"specification-table\" width=\"572\">\n<tbody>\n<tr>\n<td>Application d&rsquo;\u00e9tiquetage&nbsp;:<\/td>\n<td>Oui<\/td>\n<\/tr>\n<tr>\n<td>Module&nbsp;:<\/td>\n<td>Avery Dennison Swiftach SPU2M02<\/td>\n<\/tr>\n<tr>\n<td>Pression de fonctionnement&nbsp;:<\/td>\n<td>Alimentation en air, 5,5 bars (80 psi)<\/td>\n<\/tr>\n<tr>\n<td>Longueur totale de l&rsquo;aiguille&nbsp;:<\/td>\n<td>40 mm<\/td>\n<\/tr>\n<tr>\n<td>Longueur effective :<\/td>\n<td>30 mm<\/td>\n<\/tr>\n<tr>\n<td>Plage d&rsquo;\u00e9paisseur d&rsquo;\u00e9tiquetage :<\/td>\n<td>1 mm \u2013 30 mm<\/td>\n<\/tr>\n<tr>\n<td>Type d&rsquo;attaches\/fixations&nbsp;:<\/td>\n<td>Attaches en nylon pour tissus d\u00e9licats<\/td>\n<\/tr>\n<tr>\n<td>Vitesse max.&nbsp;:<\/td>\n<td>1,5&nbsp;seconde\/cycle<\/td>\n<\/tr>\n<tr>\n<td>R\u00e9glages de la hauteur&nbsp;:<\/td>\n<td>Non<\/td>\n<\/tr>\n<tr>\n<td>Marqueur laser&nbsp;:<\/td>\n<td>Oui<\/td>\n<\/tr>\n<tr>\n<td>Deux interrupteurs de s\u00e9curit\u00e9 \u00e0 doigt&nbsp;:<\/td>\n<td>En option<\/td>\n<\/tr>\n<tr>\n<td>Application de CROCHET J&nbsp;:<\/td>\n<td>Non<\/td>\n<\/tr>\n<tr>\n<td>Compression de la plaque d&rsquo;aiguille&nbsp;:<\/td>\n<td>Non<\/td>\n<\/tr>\n<tr>\n<td>Dimensions de la machine :<\/td>\n<td>240 x 400 x 380 mm<\/td>\n<\/tr>\n<tr>\n<td>Emballage global du colis&nbsp;:<\/td>\n<td>\/<\/td>\n<\/tr>\n<tr>\n<td>Poids<\/td>\n<td>8,0 kg<\/td>\n<\/tr>\n<\/tbody>\n<\/table>\n<div class=\"wpb_text_column wpb_content_element vc_custom_1574181509010 blue\">\n<div class=\"wpb_wrapper\">\n<p><strong>Essais gratuits<\/strong><\/p>\n<\/div>\n<\/div>\n<div class=\"wpb_text_column wpb_content_element vc_custom_1575308221273 white\">\n<div class=\"wpb_wrapper\">\n<p>Si vous souhaitez recevoir un \u00e9chantillon gratuit de votre produit emball\u00e9 avec nos machines, contactez-nous et nous pr\u00e9parerons une pr\u00e9sentation gratuite. Laissez nos ing\u00e9nieurs vous guider tout au long du processus d&rsquo;essais gratuits. <\/p>\n<\/div>\n<\/div>\n<p>Pour plus d&rsquo;informations techniques, veuillez consulter le site Web officiel de TAGSON : https:\/\/tagson.eu\/products\/astrid\/<\/p>\n","protected":false},"excerpt":{"rendered":"<p>Machine d&rsquo;\u00e9tiquetage portable automatis\u00e9e pneumatique <strong>compacte et l\u00e9g\u00e8re<\/strong> pour tous les types d&rsquo;industries de l&rsquo;habillement. <strong>Le moyen le plus rapide d&rsquo;\u00e9tiqueter les textiles de mani\u00e8re efficace et pr\u00e9cise.<\/strong> Petite machine qui s&rsquo;adapte \u00e0 toutes les productions de v\u00eatements et remplace les outils d&rsquo;\u00e9tiquetage manuel \u00ab\u00a0kimble\u00a0\u00bb lents, augmente la productivit\u00e9, la s\u00e9curit\u00e9 et s&rsquo;adapte \u00e0 toute ligne de production ou environnement de vente au d\u00e9tail.<\/p>\n","protected":false},"featured_media":12048,"template":"","meta":[],"product_cat":[275],"product_tag":[],"_links":{"self":[{"href":"https:\/\/stularplus.com\/fr\/wp-json\/wp\/v2\/product\/12041"}],"collection":[{"href":"https:\/\/stularplus.com\/fr\/wp-json\/wp\/v2\/product"}],"about":[{"href":"https:\/\/stularplus.com\/fr\/wp-json\/wp\/v2\/types\/product"}],"wp:featuredmedia":[{"embeddable":true,"href":"https:\/\/stularplus.com\/fr\/wp-json\/wp\/v2\/media\/12048"}],"wp:attachment":[{"href":"https:\/\/stularplus.com\/fr\/wp-json\/wp\/v2\/media?parent=12041"}],"wp:term":[{"taxonomy":"product_cat","embeddable":true,"href":"https:\/\/stularplus.com\/fr\/wp-json\/wp\/v2\/product_cat?post=12041"},{"taxonomy":"product_tag","embeddable":true,"href":"https:\/\/stularplus.com\/fr\/wp-json\/wp\/v2\/product_tag?post=12041"}],"curies":[{"name":"wp","href":"https:\/\/api.w.org\/{rel}","templated":true}]}}