{"id":12064,"date":"2023-12-04T12:14:26","date_gmt":"2023-12-04T11:14:26","guid":{"rendered":"https:\/\/stularplus.com\/attaches-standard-40-mm-100-recyclees\/"},"modified":"2025-12-20T22:35:59","modified_gmt":"2025-12-20T21:35:59","slug":"attaches-standard-40-mm-100-recyclees","status":"publish","type":"product","link":"https:\/\/stularplus.com\/fr\/attaches-standard-40-mm-100-recyclees\/","title":{"rendered":"Attaches standard 40 mm 100 % recycl\u00e9es"},"content":{"rendered":"<p><strong>SOLUTION D&rsquo;\u00c9TIQUETAGE DURABLE POUR V\u00caTEMENTS<\/strong><\/p>\n<p><em>R\u00e9duire les petits d\u00e9chets plastiques est aussi important que r\u00e9duire les gros d\u00e9chets.<\/em><\/p>\n<p>Notre partenaire <strong>Avery Dennison<\/strong> pr\u00e9sente <strong>ECOTACH<\/strong>\u2122. Les <strong>attaches recycl\u00e9es<\/strong> r\u00e9pondent aux besoins des d\u00e9taillants, des propri\u00e9taires de marques, des fabricants et des consommateurs soucieux de l&rsquo;environnement qui souhaitent r\u00e9duire leur empreinte environnementale.<\/p>\n<p><strong>L&rsquo;Ecotach<\/strong>\u2122 rPP <strong>Attaches recycl\u00e9es<\/strong> est une innovation unique au monde qui contribuera \u00e0 r\u00e9duire la quantit\u00e9 de plastique \u00e0 usage unique qui se retrouve dans l&rsquo;environnement.<\/p>\n<p>Ces attaches sont fabriqu\u00e9es \u00e0 partir de d\u00e9chets post-consommation \u00e0 100 % provenant de contenants alimentaires en plastique transparent \u00e0 usage unique. La majorit\u00e9 de ces attaches sont certifi\u00e9es Global Recycled Standard (GRS). <\/p>\n<p>En achetant les attaches rPP d&rsquo;Avery Dennison, vous aidez notre plan\u00e8te de deux fa\u00e7ons&nbsp;:<\/p>\n<p>1. Retirer et r\u00e9utiliser les d\u00e9chets plastiques du flux de d\u00e9chets.<\/p>\n<p>2. Boucler la boucle \u2013 Nous innovons consciemment dans le but de trouver des solutions v\u00e9ritablement durables. Nous tenons compte de l&rsquo;ensemble de la cha\u00eene de valeur<br \/>\net soutenons les entreprises qui collectent, nettoient et remettent en granul\u00e9s les d\u00e9chets plastiques du monde. <\/p>\n<p>Nos produits rPP \u00e0 30&nbsp;% et \u00e0 100&nbsp;% sont con\u00e7us pour maximiser notre contenu recycl\u00e9, tout en maintenant la performance du produit dont nos clients ont besoin. Nos attaches rPP r\u00e9pondent aux m\u00eames sp\u00e9cifications que nos attaches vierges dans les domaines importants suivants&nbsp;: <\/p>\n<p>\u2713 R\u00e9sistance \u00e0 la traction fiable<br \/>\n\u2713 Dur\u00e9e de conservation optimale<br \/>\n\u2713 Faibles taux de d\u00e9crochage de la barre en T<\/p>\n<p>Saviez-vous que 80&nbsp;milliards de v\u00eatements sont fabriqu\u00e9s chaque ann\u00e9e, dont 90&nbsp;% sont dot\u00e9s d&rsquo;une attache en plastique \u00e0 usage unique, ce qui repr\u00e9sente 72&nbsp;milliards d&rsquo;attaches en plastique fabriqu\u00e9es chaque ann\u00e9e pour l&rsquo;industrie du v\u00eatement.<\/p>\n<p><strong>Les attaches recycl\u00e9es peuvent faire la diff\u00e9rence<\/strong><br \/>\nLe passage \u00e0 notre solution d&rsquo;\u00e9tiquetage en polypropyl\u00e8ne recycl\u00e9 (rPP) Ecotach\u2122 peut avoir un impact important sur les d\u00e9chets plastiques par rapport \u00e0 l&rsquo;utilisation d&rsquo;attaches en polypropyl\u00e8ne (PP) vierge.<\/p>\n<p><strong>IL EST TEMPS DE SOUTENIR CETTE INNOVATION DANS LE MONDE DE L&rsquo;\u00c9TIQUETAGE.<\/strong><\/p>\n<p>Choisissez la meilleure m\u00e9thode d&rsquo;\u00e9tiquetage durable en utilisant des attaches biod\u00e9gradables et des machines d&rsquo;\u00e9tiquetage Tagson \u00e0 faible consommation d&rsquo;\u00e9nergie !<\/p>\n","protected":false},"excerpt":{"rendered":"<p><b>Attaches textiles STANDARD 40 mm 100 % recycl\u00e9es.<\/b> R\u00e9duisez l&rsquo;impact environnemental en choisissant des <strong>attaches RECYCL\u00c9ES.<\/strong> Le prix est par bo\u00eete de 5&nbsp;000 pi\u00e8ces.<\/p>\n","protected":false},"featured_media":9792,"template":"","meta":[],"product_cat":[291,295],"product_tag":[],"_links":{"self":[{"href":"https:\/\/stularplus.com\/fr\/wp-json\/wp\/v2\/product\/12064"}],"collection":[{"href":"https:\/\/stularplus.com\/fr\/wp-json\/wp\/v2\/product"}],"about":[{"href":"https:\/\/stularplus.com\/fr\/wp-json\/wp\/v2\/types\/product"}],"wp:featuredmedia":[{"embeddable":true,"href":"https:\/\/stularplus.com\/fr\/wp-json\/wp\/v2\/media\/9792"}],"wp:attachment":[{"href":"https:\/\/stularplus.com\/fr\/wp-json\/wp\/v2\/media?parent=12064"}],"wp:term":[{"taxonomy":"product_cat","embeddable":true,"href":"https:\/\/stularplus.com\/fr\/wp-json\/wp\/v2\/product_cat?post=12064"},{"taxonomy":"product_tag","embeddable":true,"href":"https:\/\/stularplus.com\/fr\/wp-json\/wp\/v2\/product_tag?post=12064"}],"curies":[{"name":"wp","href":"https:\/\/api.w.org\/{rel}","templated":true}]}}