{"id":12120,"date":"2021-12-05T02:29:41","date_gmt":"2021-12-05T01:29:41","guid":{"rendered":"https:\/\/stularplus.com\/serre-cables-noirs-370-x-48-mm-100\/"},"modified":"2025-12-20T22:37:47","modified_gmt":"2025-12-20T21:37:47","slug":"serre-cables-noirs-370-x-48-mm-100","status":"publish","type":"product","link":"https:\/\/stularplus.com\/fr\/serre-cables-noirs-370-x-48-mm-100\/","title":{"rendered":"Serre-c\u00e2bles noirs 370 x 4,8 mm (100)"},"content":{"rendered":"<p><strong>Serre-c\u00e2ble Avery Dennison<\/strong> 370 x 4,8 mm NOIR. Un sachet contient 100 <g id=\"gid_1\">serre-c\u00e2bles<\/g> <g id=\"gid_2\">ties<\/g>. (1cnt = 100pcs)  <\/p>\n<p>Les <strong>serre-c\u00e2bles<\/strong> sont utilis\u00e9s dans diverses <strong>applications dans de nombreux secteurs<\/strong> : <strong>\u00e9lectricit\u00e9<\/strong>, <strong>\u00e9lectronique<\/strong>, t\u00e9l\u00e9communications, transport, CATV (t\u00e9l\u00e9vision par c\u00e2ble), HVAC (chauffage, ventilation et climatisation), <strong>emballage<\/strong>, vente au d\u00e9tail, extincteurs, boissons et bien d&rsquo;autres.<\/p>\n<p>Le prix est par sachet de 100 pi\u00e8ces.<\/p>\n<p>Longueur : 370 mm<br \/>\nLargeur : 4,8 mm<\/p>\n","protected":false},"excerpt":{"rendered":"<p><b>Serre-c\u00e2ble 370 x 4,8 mm NOIR<\/b>. Serre-c\u00e2bles de haute qualit\u00e9 fabriqu\u00e9s par Avery Dennison. <\/p>\n<p>Le prix est par sachet de 100 pi\u00e8ces.<\/p>\n","protected":false},"featured_media":12121,"template":"","meta":[],"product_cat":[297],"product_tag":[],"_links":{"self":[{"href":"https:\/\/stularplus.com\/fr\/wp-json\/wp\/v2\/product\/12120"}],"collection":[{"href":"https:\/\/stularplus.com\/fr\/wp-json\/wp\/v2\/product"}],"about":[{"href":"https:\/\/stularplus.com\/fr\/wp-json\/wp\/v2\/types\/product"}],"wp:featuredmedia":[{"embeddable":true,"href":"https:\/\/stularplus.com\/fr\/wp-json\/wp\/v2\/media\/12121"}],"wp:attachment":[{"href":"https:\/\/stularplus.com\/fr\/wp-json\/wp\/v2\/media?parent=12120"}],"wp:term":[{"taxonomy":"product_cat","embeddable":true,"href":"https:\/\/stularplus.com\/fr\/wp-json\/wp\/v2\/product_cat?post=12120"},{"taxonomy":"product_tag","embeddable":true,"href":"https:\/\/stularplus.com\/fr\/wp-json\/wp\/v2\/product_tag?post=12120"}],"curies":[{"name":"wp","href":"https:\/\/api.w.org\/{rel}","templated":true}]}}