{"id":12138,"date":"2021-12-05T02:29:40","date_gmt":"2021-12-05T01:29:40","guid":{"rendered":"https:\/\/stularplus.com\/collier-de-serrage-noir-300-x-36-mm-100\/"},"modified":"2025-12-20T22:38:28","modified_gmt":"2025-12-20T21:38:28","slug":"collier-de-serrage-noir-300-x-36-mm-100","status":"publish","type":"product","link":"https:\/\/stularplus.com\/fr\/collier-de-serrage-noir-300-x-36-mm-100\/","title":{"rendered":"Collier de serrage noir 300 x 3,6 mm (100)"},"content":{"rendered":"<p><strong>Collier de serrage Avery Dennison<\/strong> 300 x 3,6 mm NOIR. Un sachet contient <g id=\"gid_1\">100 colliers de serrage<\/g>. (1 cnt = 100 pi\u00e8ces)  <\/p>\n<p>Les <strong>colliers de serrage<\/strong> sont utilis\u00e9s dans une vari\u00e9t\u00e9 d&rsquo;applications dans de nombreuses industries : \u00e9lectrique, \u00e9lectronique, t\u00e9l\u00e9communications, transport, CATV (t\u00e9l\u00e9vision par c\u00e2ble), HVAC (chauffage, ventilation et climatisation), <strong>emballage<\/strong>, vente au d\u00e9tail, <strong>extincteurs<\/strong>, boissons et bien d&rsquo;autres.<\/p>\n<p>Le prix est par sachet de 100 pi\u00e8ces.<\/p>\n<p>Longueur : 300 mm<br \/>\nLargeur : 3,6 mm<\/p>\n","protected":false},"excerpt":{"rendered":"<p><b>Collier de serrage 300 x 3,6 mm NOIR<\/b>. Colliers de serrage de haute qualit\u00e9 fabriqu\u00e9s par Avery Dennison. <\/p>\n<p>Le prix est par sachet de 100 pi\u00e8ces.<\/p>\n","protected":false},"featured_media":12139,"template":"","meta":[],"product_cat":[297],"product_tag":[],"_links":{"self":[{"href":"https:\/\/stularplus.com\/fr\/wp-json\/wp\/v2\/product\/12138"}],"collection":[{"href":"https:\/\/stularplus.com\/fr\/wp-json\/wp\/v2\/product"}],"about":[{"href":"https:\/\/stularplus.com\/fr\/wp-json\/wp\/v2\/types\/product"}],"wp:featuredmedia":[{"embeddable":true,"href":"https:\/\/stularplus.com\/fr\/wp-json\/wp\/v2\/media\/12139"}],"wp:attachment":[{"href":"https:\/\/stularplus.com\/fr\/wp-json\/wp\/v2\/media?parent=12138"}],"wp:term":[{"taxonomy":"product_cat","embeddable":true,"href":"https:\/\/stularplus.com\/fr\/wp-json\/wp\/v2\/product_cat?post=12138"},{"taxonomy":"product_tag","embeddable":true,"href":"https:\/\/stularplus.com\/fr\/wp-json\/wp\/v2\/product_tag?post=12138"}],"curies":[{"name":"wp","href":"https:\/\/api.w.org\/{rel}","templated":true}]}}