{"id":12142,"date":"2021-12-05T02:29:37","date_gmt":"2021-12-05T01:29:37","guid":{"rendered":"https:\/\/stularplus.com\/fil-5-kg-20-4-25-000-m\/"},"modified":"2025-12-20T22:38:40","modified_gmt":"2025-12-20T21:38:40","slug":"fil-5-kg-20-4-25-000-m","status":"publish","type":"product","link":"https:\/\/stularplus.com\/fr\/fil-5-kg-20-4-25-000-m\/","title":{"rendered":"Fil 5 kg 20\/4 (25 000 m)"},"content":{"rendered":"<div class=\"elementor-element elementor-element-93a7a1e elementor-widget elementor-widget-woocommerce-product-content\" data-id=\"93a7a1e\" data-element_type=\"widget\" data-widget_type=\"woocommerce-product-content.default\">\n<div class=\"elementor-widget-container\">\n<div class=\"elementor-element elementor-element-219ff3a elementor-widget elementor-widget-woocommerce-product-content\" data-id=\"219ff3a\" data-element_type=\"widget\" data-widget_type=\"woocommerce-product-content.default\">\n<div class=\"elementor-widget-container\">\n<div class=\"elementor-element elementor-element-93a7a1e elementor-widget elementor-widget-woocommerce-product-content\" data-id=\"93a7a1e\" data-element_type=\"widget\" data-widget_type=\"woocommerce-product-content.default\">\n<div class=\"elementor-widget-container\">\n<p><span dir=\"ltr\" role=\"presentation\">Le fil \u00e0 coudre Fischbein est un produit de qualit\u00e9 <\/span><span dir=\"ltr\" role=\"presentation\">fabriqu\u00e9 avec pr\u00e9cision pour \u00e9liminer les <\/span><span dir=\"ltr\" role=\"presentation\">temps d&rsquo;arr\u00eat caus\u00e9s par des produits m\u00e9lang\u00e9s de faible qualit\u00e9 <\/span><span dir=\"ltr\" role=\"presentation\">qui sont mal faits. <\/span><span dir=\"ltr\" role=\"presentation\">Il pr\u00e9sente une r\u00e9sistance \u00e0 la traction am\u00e9lior\u00e9e et <\/span><span dir=\"ltr\" role=\"presentation\">une uniformit\u00e9 lin\u00e9aire qui garantissent un processus de <\/span><span dir=\"ltr\" role=\"presentation\">couture fluide, m\u00eame \u00e0 des vitesses \u00e9lev\u00e9es, et <\/span><span dir=\"ltr\" role=\"presentation\">contribuent \u00e0 des fermetures de sacs solides.<\/span><\/p>\n<p><span dir=\"ltr\" role=\"presentation\">\u2022<\/span> <span dir=\"ltr\" role=\"presentation\">C\u00f4nes : 5 kg<br \/>\n<\/span><\/p>\n<p><span dir=\"ltr\" role=\"presentation\">\u2022<\/span> <span dir=\"ltr\" role=\"presentation\">Choix de couleurs. M\u00eame bicolore  <\/span><span dir=\"ltr\" role=\"presentation\">fil<\/span><\/p>\n<p><span dir=\"ltr\" role=\"presentation\">\u2022<\/span> <span dir=\"ltr\" role=\"presentation\">Chaque c\u00f4ne est emball\u00e9 individuellement dans <\/span><span dir=\"ltr\" role=\"presentation\">un film plastique protecteur, \u00e9tiquet\u00e9 <\/span><span dir=\"ltr\" role=\"presentation\">Fischbein<\/span><\/p>\n<p><span dir=\"ltr\" role=\"presentation\">\u2022<\/span> <span dir=\"ltr\" role=\"presentation\">Approuv\u00e9 pour le contact alimentaire (certificat)<\/span><\/p>\n<p>Optimisez les performances de votre \u00e9quipement de couture de sacs avec le fil \u00e0 coudre de marque Fischbein d&rsquo;origine. Les produits consommables Fischbein sont sp\u00e9cialement con\u00e7us et fabriqu\u00e9s pour am\u00e9liorer les performances et la long\u00e9vit\u00e9 de votre \u00e9quipement de couture de sacs. Des machines \u00e0 coudre portables manuelles aux syst\u00e8mes de couture de sacs enti\u00e8rement int\u00e9gr\u00e9s, les consommables Fischbein sont le choix id\u00e9al.  <\/p>\n<p>Pour tout type de machines \u00e0 coudre les sacs.<\/p>\n<\/div>\n<\/div>\n<\/div>\n<\/div>\n<\/div>\n<\/div>\n","protected":false},"excerpt":{"rendered":"<p>Fils pour machine \u00e0 fermer les sacs &#8211; 5 kg ou 25 000 m, blanc. QUALIT\u00c9 SUP\u00c9RIEURE. <\/p>\n","protected":false},"featured_media":12143,"template":"","meta":[],"product_cat":[300],"product_tag":[],"_links":{"self":[{"href":"https:\/\/stularplus.com\/fr\/wp-json\/wp\/v2\/product\/12142"}],"collection":[{"href":"https:\/\/stularplus.com\/fr\/wp-json\/wp\/v2\/product"}],"about":[{"href":"https:\/\/stularplus.com\/fr\/wp-json\/wp\/v2\/types\/product"}],"wp:featuredmedia":[{"embeddable":true,"href":"https:\/\/stularplus.com\/fr\/wp-json\/wp\/v2\/media\/12143"}],"wp:attachment":[{"href":"https:\/\/stularplus.com\/fr\/wp-json\/wp\/v2\/media?parent=12142"}],"wp:term":[{"taxonomy":"product_cat","embeddable":true,"href":"https:\/\/stularplus.com\/fr\/wp-json\/wp\/v2\/product_cat?post=12142"},{"taxonomy":"product_tag","embeddable":true,"href":"https:\/\/stularplus.com\/fr\/wp-json\/wp\/v2\/product_tag?post=12142"}],"curies":[{"name":"wp","href":"https:\/\/api.w.org\/{rel}","templated":true}]}}