{"id":12195,"date":"2021-12-05T02:29:33","date_gmt":"2021-12-05T01:29:33","guid":{"rendered":"https:\/\/stularplus.com\/agrafe-en-plastique-transparente-de-13-mm-25-000-pieces\/"},"modified":"2025-12-20T22:40:07","modified_gmt":"2025-12-20T21:40:07","slug":"agrafe-en-plastique-transparente-de-13-mm-25-000-pieces","status":"publish","type":"product","link":"https:\/\/stularplus.com\/fr\/agrafe-en-plastique-transparente-de-13-mm-25-000-pieces\/","title":{"rendered":"Agrafe en plastique transparente de 13 mm (25 000 pi\u00e8ces)"},"content":{"rendered":"<p>Les <strong>agrafes en plastique de 13 mm<\/strong>, \u00e9lastiques, en plastique et extr\u00eamement fines, sont des <strong>agrafes \u00e0 extr\u00e9mit\u00e9 en T.<\/strong><br \/>\n Les agrafes en plastique appliqu\u00e9es \u00e0 l&rsquo;appareil ST9500 sont id\u00e9ales pour :<\/p>\n<p>&#8211; <strong>Moustaches<\/strong> sur les jeans (production de denim)<br \/>\n&#8211; Emballage de chaussettes <strong> (jusqu&rsquo;\u00e0 1,5 cm d&rsquo;\u00e9paisseur)<br \/>\n&#8211; Emballage de sacs en plastique<br \/>\n&#8211; Produits d&rsquo;<strong>\u00e9tiquetage<\/strong><\/strong><\/p>\n<p><strong>Effet de lavage sur les jeans &#8211; moustaches<\/strong><br \/>\nAvec l&rsquo;appareil ST9500, les agrafes en plastique peuvent cr\u00e9er un effet de lavage sur les jeans. Indispensable pour la production et les lavages de denim. <\/p>\n<p><strong>Emballage de chaussettes<\/strong> (jusqu&rsquo;\u00e0 1,5 cm d&rsquo;\u00e9paisseur)<br \/>\nL&rsquo;appareil peut \u00e9galement emballer de fines paires de chaussettes. Les aiguilles sont tr\u00e8s fines et ne peuvent pas endommager les chaussettes. Emballez les chaussettes avec une aiguille simple ou double. L&rsquo;<g id=\"gid_2\">agrafe \u00e9lastique<\/g> est une excellente alternative aux chaussettes cousues \u00e0 la machine \u00e0 coudre. Avec les agrafes \u00e9lastiques, le client pourra facilement d\u00e9baller et ne pas endommager les chaussettes.   <\/p>\n<p><strong>Alternative aux clips m\u00e9talliques<\/strong><br \/>\nLes agrafes en plastique sont une excellente alternative aux attaches m\u00e9talliques. Avec l&rsquo;<g id=\"gid_2\">appareil ST9500<\/g>, vous pouvez emballer le produit dans de petits sacs en plastique et les fermer avec du carton et une agrafe. Emballage s\u00fbr, facile et rapide.  <\/p>\n<p>Il existe deux types d&rsquo;aiguilles diff\u00e9rents :<br \/>\nles aiguilles fines, qui sont souvent utilis\u00e9es pour indiquer les pantalons et la cr\u00e9ation de performances de lavage, et les aiguilles ultra-fines qui conviennent aux tissus d\u00e9licats (lin, produits en laine, etc.).<\/p>\n<p><strong>Pour des \u00e9chantillons gratuits et une pr\u00e9sentation, veuillez nous contacter.<\/strong><\/p>\n<p>Il y a 25 000 agrafes sur la bobine.<br \/>\nPoids : 0,02 kg \/ millier<\/p>\n","protected":false},"excerpt":{"rendered":"<p><strong>Agrafe en plastique originale Avery Dennison 13 mm TRANSPARENTE<\/strong> &#8211; pour ST9500 (25 000 agrafes par bobine). Parfait pour l&rsquo;\u00e9tiquetage, l&rsquo;assemblage de chaussettes ou de petits sacs en plastique et les moustaches de jeans. <strong> Le prix est par bobine de 25 000 pi\u00e8ces. (1 millier \u00e0 partir de 2,66 &#8211; 3,80 eur) <\/strong><\/p>\n","protected":false},"featured_media":12196,"template":"","meta":[],"product_cat":[306],"product_tag":[],"_links":{"self":[{"href":"https:\/\/stularplus.com\/fr\/wp-json\/wp\/v2\/product\/12195"}],"collection":[{"href":"https:\/\/stularplus.com\/fr\/wp-json\/wp\/v2\/product"}],"about":[{"href":"https:\/\/stularplus.com\/fr\/wp-json\/wp\/v2\/types\/product"}],"wp:featuredmedia":[{"embeddable":true,"href":"https:\/\/stularplus.com\/fr\/wp-json\/wp\/v2\/media\/12196"}],"wp:attachment":[{"href":"https:\/\/stularplus.com\/fr\/wp-json\/wp\/v2\/media?parent=12195"}],"wp:term":[{"taxonomy":"product_cat","embeddable":true,"href":"https:\/\/stularplus.com\/fr\/wp-json\/wp\/v2\/product_cat?post=12195"},{"taxonomy":"product_tag","embeddable":true,"href":"https:\/\/stularplus.com\/fr\/wp-json\/wp\/v2\/product_tag?post=12195"}],"curies":[{"name":"wp","href":"https:\/\/api.w.org\/{rel}","templated":true}]}}