{"id":12206,"date":"2021-12-05T02:29:33","date_gmt":"2021-12-05T01:29:33","guid":{"rendered":"https:\/\/stularplus.com\/agrafe-plastique-13-mm-noire\/"},"modified":"2025-12-20T22:40:20","modified_gmt":"2025-12-20T21:40:20","slug":"agrafe-plastique-13-mm-noire","status":"publish","type":"product","link":"https:\/\/stularplus.com\/fr\/agrafe-plastique-13-mm-noire\/","title":{"rendered":"Agrafe plastique 13 mm noire"},"content":{"rendered":"<div class=\"elementor-element elementor-element-219ff3a elementor-widget elementor-widget-woocommerce-product-content\" data-id=\"219ff3a\" data-element_type=\"widget\" data-widget_type=\"woocommerce-product-content.default\">\n<div class=\"elementor-widget-container\">\n<div class=\"elementor-element elementor-element-93a7a1e elementor-widget elementor-widget-woocommerce-product-content\" data-id=\"93a7a1e\" data-element_type=\"widget\" data-widget_type=\"woocommerce-product-content.default\">\n<div class=\"elementor-widget-container\">\n<p>Les <strong>agrafes en plastique de 13 mm<\/strong>, \u00e9lastiques, en plastique et extr\u00eamement fines, sont des <strong>agrafes \u00e0 extr\u00e9mit\u00e9 en T.<\/strong><br \/>\n Les agrafes en plastique appliqu\u00e9es \u00e0 l&rsquo;appareil ST9500 sont id\u00e9ales pour :<\/p>\n<p>\u2013 <strong>Effet de moustaches<\/strong> sur jeans (production de denim)<br \/>\n\u2013 <strong>Emballage<\/strong> de chaussettes (jusqu&rsquo;\u00e0 1,5 cm d&rsquo;\u00e9paisseur)<br \/>\n\u2013 Emballage de sacs plastiques<br \/>\n\u2013 <strong>\u00c9tiquetage<\/strong> de produits<\/p>\n<p><strong>Effet de lavage sur les jeans \u2013 effet de moustaches<\/strong><br \/>\nAvec le dispositif ST9500, les agrafes en plastique peuvent cr\u00e9er un effet de lavage sur les jeans. Indispensable pour la production et les lavages de denim. <\/p>\n<p><strong>Emballage de chaussettes<\/strong> (jusqu&rsquo;\u00e0 1,5 cm d&rsquo;\u00e9paisseur)<br \/>\nL&rsquo;appareil peut \u00e9galement emballer de fines paires de chaussettes. Les aiguilles sont tr\u00e8s fines et ne peuvent pas endommager les chaussettes. Emballez les chaussettes avec une aiguille simple ou double. L&rsquo;<g id=\"gid_2\">agrafe \u00e9lastique<\/g> est une excellente alternative aux chaussettes cousues \u00e0 la machine \u00e0 coudre. Avec les agrafes \u00e9lastiques, le client pourra facilement d\u00e9baller et ne pas endommager les chaussettes.   <\/p>\n<p><strong>Alternative aux clips m\u00e9talliques<\/strong><br \/>\nLes agrafes en plastique sont une excellente alternative aux attaches m\u00e9talliques. Avec l&rsquo;<g id=\"gid_2\">appareil ST9500<\/g>, vous pouvez emballer le produit dans de petits sacs en plastique et les fermer avec du carton et une agrafe. Emballage s\u00fbr, facile et rapide.  <\/p>\n<p>Il existe deux types d&rsquo;aiguilles diff\u00e9rents :<br \/>\nles aiguilles fines, qui sont souvent utilis\u00e9es pour indiquer les pantalons et la cr\u00e9ation de performances de lavage, et les aiguilles ultra-fines qui conviennent aux tissus d\u00e9licats (lin, produits en laine, etc.).<\/p>\n<p><strong>Pour des \u00e9chantillons gratuits et une pr\u00e9sentation, veuillez nous contacter.<\/strong><\/p>\n<p>Il y a 25 000 agrafes sur la bobine.<br \/>\nPoids : 0,02 kg \/ millier<\/p>\n<\/div>\n<\/div>\n<\/div>\n<\/div>\n","protected":false},"excerpt":{"rendered":"<div class=\"elementor-element elementor-element-a63d67f elementor-widget elementor-widget-theme-post-excerpt\" data-id=\"a63d67f\" data-element_type=\"widget\" data-widget_type=\"theme-post-excerpt.default\">\n<div class=\"elementor-widget-container\"><strong>Agrafe plastique originale Avery Dennison 13 mm NOIRE<\/strong> &#8211; pour ST9500 (25 000 agrafes par bobine). Parfait pour l&rsquo;\u00e9tiquetage, l&rsquo;assemblage de chaussettes ou de petits sacs en plastique et la cr\u00e9ation d&rsquo;effets de moustaches sur les jeans. <strong> Le prix est par bobine de 25 000 pi\u00e8ces. (1 millier \u00e0 partir de 2,66 &#8211; 3,80 eur) <\/strong><\/div>\n<\/div>\n","protected":false},"featured_media":12207,"template":"","meta":[],"product_cat":[306],"product_tag":[],"_links":{"self":[{"href":"https:\/\/stularplus.com\/fr\/wp-json\/wp\/v2\/product\/12206"}],"collection":[{"href":"https:\/\/stularplus.com\/fr\/wp-json\/wp\/v2\/product"}],"about":[{"href":"https:\/\/stularplus.com\/fr\/wp-json\/wp\/v2\/types\/product"}],"wp:featuredmedia":[{"embeddable":true,"href":"https:\/\/stularplus.com\/fr\/wp-json\/wp\/v2\/media\/12207"}],"wp:attachment":[{"href":"https:\/\/stularplus.com\/fr\/wp-json\/wp\/v2\/media?parent=12206"}],"wp:term":[{"taxonomy":"product_cat","embeddable":true,"href":"https:\/\/stularplus.com\/fr\/wp-json\/wp\/v2\/product_cat?post=12206"},{"taxonomy":"product_tag","embeddable":true,"href":"https:\/\/stularplus.com\/fr\/wp-json\/wp\/v2\/product_tag?post=12206"}],"curies":[{"name":"wp","href":"https:\/\/api.w.org\/{rel}","templated":true}]}}