{"id":12254,"date":"2021-12-05T02:29:28","date_gmt":"2021-12-05T01:29:28","guid":{"rendered":"https:\/\/stularplus.com\/micro-attaches-de-44-mm\/"},"modified":"2025-12-20T22:41:45","modified_gmt":"2025-12-20T21:41:45","slug":"micro-attaches-de-44-mm","status":"publish","type":"product","link":"https:\/\/stularplus.com\/fr\/micro-attaches-de-44-mm\/","title":{"rendered":"Micro-attaches de 4,4 mm"},"content":{"rendered":"<div class=\"elementor-element elementor-element-93a7a1e elementor-widget elementor-widget-woocommerce-product-content\" data-id=\"93a7a1e\" data-element_type=\"widget\" data-widget_type=\"woocommerce-product-content.default\">\n<div class=\"elementor-widget-container\">\n<p>Choisissez les <strong>micro-attaches en nylon<\/strong> \u2013 les plus petites <strong>attaches<\/strong> sur le march\u00e9.<\/p>\n<p>Une meilleure <strong>alternative au fil<\/strong>, \u00e0 la <strong>colle<\/strong>, aux <strong>agrafes m\u00e9talliques<\/strong> et aux <strong>\u00e9pingles<\/strong>.<br \/>\nGagnez du temps, de la main-d&rsquo;\u0153uvre et de l&rsquo;argent avec les plus petites et les plus polyvalentes <strong>attaches Swiftach<\/strong> <strong>d&rsquo;Avery Dennison<\/strong>.<\/p>\n<p>La fine aiguille offre une <strong>attache \u00e0 extr\u00e9mit\u00e9 en T<\/strong> unique qui fixe les articles fermement et rapidement, tout en \u00e9tant facile \u00e0 retirer.<\/p>\n<p>Id\u00e9al pour <strong>l&#8217;emballage de chemises<\/strong> et de chaussettes habill\u00e9es&nbsp;; <strong>l&rsquo;\u00e9tiquetage de la lingerie<\/strong>, des <strong>maillots de bain<\/strong> et autres tissages tr\u00e8s \u00e9lastiques ou serr\u00e9s&nbsp;; et pour l&#8217;emballage de produits souples.<br \/>\nUn carton contient 10&nbsp;000&nbsp;micro-attaches.<br \/>\nPoids&nbsp;: 0,01&nbsp;kg\/mille<\/p>\n<\/div>\n<\/div>\n","protected":false},"excerpt":{"rendered":"<div class=\"elementor-element elementor-element-5093b6b elementor-widget elementor-widget-theme-post-excerpt\" data-id=\"5093b6b\" data-element_type=\"widget\" data-widget_type=\"theme-post-excerpt.default\">\n<div class=\"elementor-widget-container\"><strong>Micro-attaches en nylon 4,4&nbsp;mm naturelles<\/strong> ORIGINALES Avery Dennison \u2013 alternative aux \u00e9pingles m\u00e9talliques&nbsp;; pour l&#8217;emballage de chemises et de mati\u00e8res d\u00e9licates. Le prix est par bo\u00eete de 10&nbsp;000&nbsp;micro-attaches (prix par millier de 2,62 \u00e0 3,75&nbsp;EUR).<\/div>\n<\/div>\n","protected":false},"featured_media":12255,"template":"","meta":[],"product_cat":[312],"product_tag":[],"_links":{"self":[{"href":"https:\/\/stularplus.com\/fr\/wp-json\/wp\/v2\/product\/12254"}],"collection":[{"href":"https:\/\/stularplus.com\/fr\/wp-json\/wp\/v2\/product"}],"about":[{"href":"https:\/\/stularplus.com\/fr\/wp-json\/wp\/v2\/types\/product"}],"wp:featuredmedia":[{"embeddable":true,"href":"https:\/\/stularplus.com\/fr\/wp-json\/wp\/v2\/media\/12255"}],"wp:attachment":[{"href":"https:\/\/stularplus.com\/fr\/wp-json\/wp\/v2\/media?parent=12254"}],"wp:term":[{"taxonomy":"product_cat","embeddable":true,"href":"https:\/\/stularplus.com\/fr\/wp-json\/wp\/v2\/product_cat?post=12254"},{"taxonomy":"product_tag","embeddable":true,"href":"https:\/\/stularplus.com\/fr\/wp-json\/wp\/v2\/product_tag?post=12254"}],"curies":[{"name":"wp","href":"https:\/\/api.w.org\/{rel}","templated":true}]}}