{"id":12264,"date":"2021-12-05T02:29:24","date_gmt":"2021-12-05T01:29:24","guid":{"rendered":"https:\/\/stularplus.com\/attaches-swiftach-standard-pp-noirs-de-20-mm\/"},"modified":"2025-12-20T22:42:01","modified_gmt":"2025-12-20T21:42:01","slug":"attaches-swiftach-standard-pp-noirs-de-20-mm","status":"publish","type":"product","link":"https:\/\/stularplus.com\/fr\/attaches-swiftach-standard-pp-noirs-de-20-mm\/","title":{"rendered":"Attaches Swiftach Standard PP noirs de 20 mm"},"content":{"rendered":"<p>Les <strong>attaches<\/strong> standard \u00e0 palette <strong>Swifach Blue Box<\/strong> ORIGINAL <strong>de 20 mm NOIR (PP)<\/strong> sont fabriqu\u00e9es \u00e0 100 % en polypropyl\u00e8ne.<\/p>\n<p>Blue Box offre qualit\u00e9, constance, productivit\u00e9 \u00e9lev\u00e9e et r\u00e9sistance. Invent\u00e9 par Dennison au d\u00e9but des ann\u00e9es 1960, il reste la pr\u00e9f\u00e9rence de l&rsquo;industrie pour la fixation des <g id=\"gid_0\">\u00e9tiquettes<\/g>. Ils sont fabriqu\u00e9s avec une grande pr\u00e9cision et une qualit\u00e9 constante, lot apr\u00e8s lot.  <\/p>\n<p>Les <strong>attaches Swiftach<\/strong> sont fabriqu\u00e9es \u00e0 partir de polypropyl\u00e8ne (PP) de la plus haute qualit\u00e9. Id\u00e9al pour <strong>l&rsquo;\u00e9tiquetage<\/strong> de tous les mat\u00e9riaux standard. Les <strong>attaches d&rsquo;\u00e9tiquetage<\/strong> Avery Dennison Swiftach<strong> offrent la plus large gamme de tailles et de couleurs pour toute application g\u00e9n\u00e9rale <strong>d&rsquo;\u00e9tiquetage<\/strong>.<\/strong> <\/p>\n<p>La grande t\u00eate de palette offre un avantage suppl\u00e9mentaire : elle emp\u00eache le changement d&rsquo;\u00e9tiquette. Un \u00e9tui contient 5000 attaches noires. <\/p>\n<p>Les <strong>attaches Tag Easy<\/strong> sont compatibles avec tous les <strong>pistolets d&rsquo;\u00e9tiquetage<\/strong> standard.<br \/>\n<strong>Profitez des avantages des remises sur quantit\u00e9 !<\/strong><\/p>\n","protected":false},"excerpt":{"rendered":"<p><b>Attaches Premium Swiftach Blue Box NOIR (PP) de 20 mm<\/b> pour l&rsquo;\u00e9tiquetage de tous types de produits. Les attaches Blue Box Premium sont fabriqu\u00e9es en polypropyl\u00e8ne de la plus haute qualit\u00e9. Le prix est par bo\u00eete de 5 000 pi\u00e8ces.  <\/p>\n","protected":false},"featured_media":12265,"template":"","meta":[],"product_cat":[315],"product_tag":[],"_links":{"self":[{"href":"https:\/\/stularplus.com\/fr\/wp-json\/wp\/v2\/product\/12264"}],"collection":[{"href":"https:\/\/stularplus.com\/fr\/wp-json\/wp\/v2\/product"}],"about":[{"href":"https:\/\/stularplus.com\/fr\/wp-json\/wp\/v2\/types\/product"}],"wp:featuredmedia":[{"embeddable":true,"href":"https:\/\/stularplus.com\/fr\/wp-json\/wp\/v2\/media\/12265"}],"wp:attachment":[{"href":"https:\/\/stularplus.com\/fr\/wp-json\/wp\/v2\/media?parent=12264"}],"wp:term":[{"taxonomy":"product_cat","embeddable":true,"href":"https:\/\/stularplus.com\/fr\/wp-json\/wp\/v2\/product_cat?post=12264"},{"taxonomy":"product_tag","embeddable":true,"href":"https:\/\/stularplus.com\/fr\/wp-json\/wp\/v2\/product_tag?post=12264"}],"curies":[{"name":"wp","href":"https:\/\/api.w.org\/{rel}","templated":true}]}}