{"id":12268,"date":"2021-12-05T02:29:24","date_gmt":"2021-12-05T01:29:24","guid":{"rendered":"https:\/\/stularplus.com\/attaches-swiftach-standard-pp-noirs-de-40-mm\/"},"modified":"2025-12-20T22:42:14","modified_gmt":"2025-12-20T21:42:14","slug":"attaches-swiftach-standard-pp-noirs-de-40-mm","status":"publish","type":"product","link":"https:\/\/stularplus.com\/fr\/attaches-swiftach-standard-pp-noirs-de-40-mm\/","title":{"rendered":"Attaches Swiftach Standard PP noirs de 40 mm"},"content":{"rendered":"<p>NOIR 40 MM (PP) <strong>Attaches standard \u00e0 palette Swifach<\/strong> Bo\u00eete bleue ORIGINAL <strong>Les attaches<\/strong> sont fabriqu\u00e9es \u00e0 100 % en polypropyl\u00e8ne.<\/p>\n<p><strong>Blue Box<\/strong> offre qualit\u00e9, constance, productivit\u00e9 \u00e9lev\u00e9e et r\u00e9sistance. Invent\u00e9 par Dennison au d\u00e9but des ann\u00e9es 1960, il reste la pr\u00e9f\u00e9rence de l&rsquo;industrie pour la fixation des <g id=\"gid_1\">\u00e9tiquettes<\/g>. Ils sont fabriqu\u00e9s avec une grande pr\u00e9cision et une qualit\u00e9 constante, lot apr\u00e8s lot.  <\/p>\n<p>Les attaches Swiftach sont fabriqu\u00e9es \u00e0 partir de <strong>polypropyl\u00e8ne (PP) de la plus haute qualit\u00e9.<\/strong> Id\u00e9al pour <strong>l&rsquo;\u00e9tiquetage<\/strong> de tous les mat\u00e9riaux standard. Les <strong>attaches d&rsquo;\u00e9tiquetage Swiftach<\/strong> Avery Dennison offrent la plus large gamme de tailles et de couleurs pour toute application g\u00e9n\u00e9rale <strong>d&rsquo;\u00e9tiquetage<\/strong>. <\/p>\n<p>La grande T\u00caTE \u00e0 palette offre un avantage suppl\u00e9mentaire&nbsp;: elle emp\u00eache l&rsquo;\u00e9change de billets. Un \u00e9tui contient 5&nbsp;000&nbsp;attaches.<br \/>\nLes <strong>attaches Tag Easy<\/strong> sont compatibles avec tous les <strong>pistolets d&rsquo;\u00e9tiquetage<\/strong> standard.<\/p>\n<p><strong>Profitez des avantages des remises sur quantit\u00e9 !<\/strong><\/p>\n","protected":false},"excerpt":{"rendered":"<p><b>Attaches Premium SWIFTACH Blue Box NOIRES 40&nbsp;mm (PP)<\/b> pour l&rsquo;\u00e9tiquetage de tout type de produits. Les attaches Blue Box Premium sont fabriqu\u00e9es en polypropyl\u00e8ne de la plus haute qualit\u00e9. Le prix est par bo\u00eete de 5&nbsp;000&nbsp;pi\u00e8ces.  <\/p>\n","protected":false},"featured_media":12269,"template":"","meta":[],"product_cat":[315],"product_tag":[],"_links":{"self":[{"href":"https:\/\/stularplus.com\/fr\/wp-json\/wp\/v2\/product\/12268"}],"collection":[{"href":"https:\/\/stularplus.com\/fr\/wp-json\/wp\/v2\/product"}],"about":[{"href":"https:\/\/stularplus.com\/fr\/wp-json\/wp\/v2\/types\/product"}],"wp:featuredmedia":[{"embeddable":true,"href":"https:\/\/stularplus.com\/fr\/wp-json\/wp\/v2\/media\/12269"}],"wp:attachment":[{"href":"https:\/\/stularplus.com\/fr\/wp-json\/wp\/v2\/media?parent=12268"}],"wp:term":[{"taxonomy":"product_cat","embeddable":true,"href":"https:\/\/stularplus.com\/fr\/wp-json\/wp\/v2\/product_cat?post=12268"},{"taxonomy":"product_tag","embeddable":true,"href":"https:\/\/stularplus.com\/fr\/wp-json\/wp\/v2\/product_tag?post=12268"}],"curies":[{"name":"wp","href":"https:\/\/api.w.org\/{rel}","templated":true}]}}