{"id":12275,"date":"2021-12-05T02:29:24","date_gmt":"2021-12-05T01:29:24","guid":{"rendered":"https:\/\/stularplus.com\/attaches-pour-viande-20-mm-swiftach-standard-ny-bleu-meat\/"},"modified":"2025-12-20T22:42:27","modified_gmt":"2025-12-20T21:42:27","slug":"attaches-pour-viande-20-mm-swiftach-standard-ny-bleu-meat","status":"publish","type":"product","link":"https:\/\/stularplus.com\/fr\/attaches-pour-viande-20-mm-swiftach-standard-ny-bleu-meat\/","title":{"rendered":"Attaches pour viande 20 mm Swiftach Standard NY bleu &#8211; MEAT"},"content":{"rendered":"<p>Con\u00e7u pour une utilisation intensive, comme les applications d&rsquo;<strong>\u00e9tiquetage de la viande<\/strong>. Les <strong>attaches sp\u00e9ciales en nylon 6<\/strong> offrent une prise ferme pour un retrait facile et complet. <strong>Approuv\u00e9 par la FDA<\/strong> et fabriqu\u00e9 avec des mat\u00e9riaux certifi\u00e9s de qualit\u00e9 alimentaire.<\/p>\n<p>Ces <strong>attaches pour viande<\/strong> uniques ont \u00e9t\u00e9 repens\u00e9es pour \u00eatre meilleures que jamais.<\/p>\n<p>Principales caract\u00e9ristiques et avantages :<br \/>\n&#8211; le fait de doubler la quantit\u00e9 d&rsquo;attaches par clip \u00e0 50 permet une plus grande productivit\u00e9<br \/>\n&#8211; Le mat\u00e9riau en nylon 6\/6 ne contient pas de caprolactame (un irritant toxique).<br \/>\n&#8211; Les attaches ont une r\u00e9sistance \u00e0 la traction sup\u00e9rieure de 25 %.<\/p>\n<p>Pour appliquer les <strong>attaches TagFast<\/strong>, utilisez uniquement l&rsquo;<strong>outil d&rsquo;\u00e9tiquetage de la viande<\/strong> Avery Dennison.<\/p>\n<p><strong>Pour plus d&rsquo;informations et des \u00e9chantillons gratuits, veuillez nous contacter.<\/strong><\/p>\n<p>Poids : 0,07 kg\/th<\/p>\n<p><strong>Le PRIX est par bo\u00eete de 5 000 pi\u00e8ces.<\/strong><\/p>\n","protected":false},"excerpt":{"rendered":"<p><b>Attaches pour viande bleues en bo\u00eete de 20 mm (PP)<\/b> pour l&rsquo;\u00e9tiquetage de la viande et du poisson. Le prix est par bo\u00eete de 5 000 pi\u00e8ces. <\/p>\n","protected":false},"featured_media":12276,"template":"","meta":[],"product_cat":[318],"product_tag":[],"_links":{"self":[{"href":"https:\/\/stularplus.com\/fr\/wp-json\/wp\/v2\/product\/12275"}],"collection":[{"href":"https:\/\/stularplus.com\/fr\/wp-json\/wp\/v2\/product"}],"about":[{"href":"https:\/\/stularplus.com\/fr\/wp-json\/wp\/v2\/types\/product"}],"wp:featuredmedia":[{"embeddable":true,"href":"https:\/\/stularplus.com\/fr\/wp-json\/wp\/v2\/media\/12276"}],"wp:attachment":[{"href":"https:\/\/stularplus.com\/fr\/wp-json\/wp\/v2\/media?parent=12275"}],"wp:term":[{"taxonomy":"product_cat","embeddable":true,"href":"https:\/\/stularplus.com\/fr\/wp-json\/wp\/v2\/product_cat?post=12275"},{"taxonomy":"product_tag","embeddable":true,"href":"https:\/\/stularplus.com\/fr\/wp-json\/wp\/v2\/product_tag?post=12275"}],"curies":[{"name":"wp","href":"https:\/\/api.w.org\/{rel}","templated":true}]}}