{"id":12299,"date":"2021-12-05T02:29:24","date_gmt":"2021-12-05T01:29:24","guid":{"rendered":"https:\/\/stularplus.com\/attaches-tageasy-en-pp-pour-tissus-delicats-25-mm\/"},"modified":"2025-12-20T22:43:16","modified_gmt":"2025-12-20T21:43:16","slug":"attaches-tageasy-en-pp-pour-tissus-delicats-25-mm","status":"publish","type":"product","link":"https:\/\/stularplus.com\/fr\/attaches-tageasy-en-pp-pour-tissus-delicats-25-mm\/","title":{"rendered":"Attaches TagEasy en PP pour tissus d\u00e9licats, 25 mm"},"content":{"rendered":"<div class=\"elementor-element elementor-element-219ff3a elementor-widget elementor-widget-woocommerce-product-content\" data-id=\"219ff3a\" data-element_type=\"widget\" data-widget_type=\"woocommerce-product-content.default\">\n<div class=\"elementor-widget-container\">\n<div class=\"elementor-element elementor-element-93a7a1e elementor-widget elementor-widget-woocommerce-product-content\" data-id=\"93a7a1e\" data-element_type=\"widget\" data-widget_type=\"woocommerce-product-content.default\">\n<div class=\"elementor-widget-container\">\n<p>Chaque <strong>attache<\/strong> est moul\u00e9e pour avoir un profil plus petit afin de <strong>r\u00e9duire le risque de trous et d&rsquo;accrocs<\/strong>. Les <strong>attaches<\/strong> de type palette sont adapt\u00e9es \u00e0 l&rsquo;insertion dans les tissus \u00e0 mailles serr\u00e9es et d\u00e9licats, non tiss\u00e9s. <\/p>\n<p>Les <strong>attaches Tag Easy<\/strong> sont fabriqu\u00e9es \u00e0 partir du meilleur polypropyl\u00e8ne (PP) de la gamme \u00e9conomique. Les <strong>\u00e9pingles<\/strong> Tag Easy sont fabriqu\u00e9es par la marque <strong>Avery Dennison<\/strong>.  Si vous h\u00e9sitez entre le prix et la qualit\u00e9, <strong>Tag Easy<\/strong> est sans aucun doute le meilleur choix.<\/p>\n<p>Id\u00e9al pour <strong>l&rsquo;\u00e9tiquetage de tous les mat\u00e9riaux d\u00e9licats<\/strong>. Les <g id=\"gid_1\">attaches<\/g> Avery Dennison Swiftach offrent la plus large gamme de tailles et de couleurs pour toute application d&rsquo;\u00e9tiquetage g\u00e9n\u00e9rale. La grande T\u00caTE de palette offre un avantage suppl\u00e9mentaire&nbsp;: elle emp\u00eache l&rsquo;\u00e9change de tickets.  <\/p>\n<p>Les <strong>attaches Tag Easy<\/strong> sont compatibles avec tous les <strong>pistolets d&rsquo;\u00e9tiquetage pour tissus d\u00e9licats<\/strong>. Le syst\u00e8me pour tissus d\u00e9licats est id\u00e9al pour r\u00e9duire le risque de trous et d&rsquo;accrocs lors de la fixation d&rsquo;\u00e9tiquettes sur des tissus \u00e0 mailles serr\u00e9es tels que la soie, le lin fin et les v\u00eatements pour b\u00e9b\u00e9s. <\/p>\n<p><strong>Profitez des avantages des remises sur quantit\u00e9 !<\/strong><\/p>\n<p>Poids&nbsp;: 0,07 kg\/millier<\/p>\n<p>Un carton contient 5&nbsp;000 attaches.<\/p>\n<\/div>\n<\/div>\n<\/div>\n<\/div>\n","protected":false},"excerpt":{"rendered":"<p><b>Attaches \u00e0 palette fines de 25 mm (PP) pour l&rsquo;\u00e9tiquetage (gamme \u00c9conomique).<\/b> Les broches d&rsquo;\u00e9tiquetage sont id\u00e9ales <strong>pour l&rsquo;\u00e9tiquetage des mat\u00e9riaux D\u00c9LICATS<\/strong> et des tissus. Le prix est par bo\u00eete de 5 000 pi\u00e8ces. <\/p>\n","protected":false},"featured_media":12300,"template":"","meta":[],"product_cat":[319],"product_tag":[],"_links":{"self":[{"href":"https:\/\/stularplus.com\/fr\/wp-json\/wp\/v2\/product\/12299"}],"collection":[{"href":"https:\/\/stularplus.com\/fr\/wp-json\/wp\/v2\/product"}],"about":[{"href":"https:\/\/stularplus.com\/fr\/wp-json\/wp\/v2\/types\/product"}],"wp:featuredmedia":[{"embeddable":true,"href":"https:\/\/stularplus.com\/fr\/wp-json\/wp\/v2\/media\/12300"}],"wp:attachment":[{"href":"https:\/\/stularplus.com\/fr\/wp-json\/wp\/v2\/media?parent=12299"}],"wp:term":[{"taxonomy":"product_cat","embeddable":true,"href":"https:\/\/stularplus.com\/fr\/wp-json\/wp\/v2\/product_cat?post=12299"},{"taxonomy":"product_tag","embeddable":true,"href":"https:\/\/stularplus.com\/fr\/wp-json\/wp\/v2\/product_tag?post=12299"}],"curies":[{"name":"wp","href":"https:\/\/api.w.org\/{rel}","templated":true}]}}