{"id":12332,"date":"2021-12-05T02:29:16","date_gmt":"2021-12-05T01:29:16","guid":{"rendered":"https:\/\/stularplus.com\/etiquettes-adhesives-jaune-une-ligne-21x12-mm\/"},"modified":"2025-12-20T22:43:49","modified_gmt":"2025-12-20T21:43:49","slug":"etiquettes-adhesives-jaune-une-ligne-21x12-mm","status":"publish","type":"product","link":"https:\/\/stularplus.com\/fr\/etiquettes-adhesives-jaune-une-ligne-21x12-mm\/","title":{"rendered":"\u00c9TIQUETTES ADH\u00c9SIVES, jaune une ligne 21&#215;12 mm"},"content":{"rendered":"<p>Les <strong>\u00e9tiquettes<\/strong> de haute qualit\u00e9 sont fabriqu\u00e9es en Italie. <strong>\u00c9tiquettes<\/strong> pour <strong>pistolet \u00e0 \u00e9tiquettes une ligne<\/strong> tel que le LC1\/8 d&rsquo;Avery Dennison. Les <strong>\u00e9tiquettes<\/strong> sont couramment utilis\u00e9es pour l&rsquo;\u00e9tiquetage des prix, les d\u00e9marques, le r\u00e9\u00e9tiquetage, le codage des dates et le contr\u00f4le qualit\u00e9.<\/p>\n<p>Rouleau contenant : 1 000 \u00e9tiquettes<br \/>\nDimension : 21&#215;12 mm<br \/>\nCouleur : jaune<\/p>\n<p><strong>Profitez des avantages des remises de quantit\u00e9 !<\/strong><\/p>\n","protected":false},"excerpt":{"rendered":"<p><b>\u00c9tiquettes jaunes<\/b> 21&#215;12 mm, permanentes, pour pistolets \u00e0 \u00e9tiquettes une ligne. \u00c9tiquettes de haute qualit\u00e9 fabriqu\u00e9es en Italie. Les <g id=\"gid_1\">\u00e9tiquettes<\/g> sont con\u00e7ues pour les pistolets \u00e0 \u00e9tiquettes une ligne. Prix pour un rouleau (1 000 \u00e9tiquettes).  <\/p>\n","protected":false},"featured_media":12333,"template":"","meta":[],"product_cat":[323],"product_tag":[],"_links":{"self":[{"href":"https:\/\/stularplus.com\/fr\/wp-json\/wp\/v2\/product\/12332"}],"collection":[{"href":"https:\/\/stularplus.com\/fr\/wp-json\/wp\/v2\/product"}],"about":[{"href":"https:\/\/stularplus.com\/fr\/wp-json\/wp\/v2\/types\/product"}],"wp:featuredmedia":[{"embeddable":true,"href":"https:\/\/stularplus.com\/fr\/wp-json\/wp\/v2\/media\/12333"}],"wp:attachment":[{"href":"https:\/\/stularplus.com\/fr\/wp-json\/wp\/v2\/media?parent=12332"}],"wp:term":[{"taxonomy":"product_cat","embeddable":true,"href":"https:\/\/stularplus.com\/fr\/wp-json\/wp\/v2\/product_cat?post=12332"},{"taxonomy":"product_tag","embeddable":true,"href":"https:\/\/stularplus.com\/fr\/wp-json\/wp\/v2\/product_tag?post=12332"}],"curies":[{"name":"wp","href":"https:\/\/api.w.org\/{rel}","templated":true}]}}