{"id":12361,"date":"2021-12-05T02:29:40","date_gmt":"2021-12-05T01:29:40","guid":{"rendered":"https:\/\/stularplus.com\/serre-cables-300-x-36-mm-100\/"},"modified":"2025-12-20T22:44:44","modified_gmt":"2025-12-20T21:44:44","slug":"serre-cables-300-x-36-mm-100","status":"publish","type":"product","link":"https:\/\/stularplus.com\/fr\/serre-cables-300-x-36-mm-100\/","title":{"rendered":"Serre-c\u00e2bles 300 x 3,6 mm (100)"},"content":{"rendered":"<p><strong>Serre-c\u00e2bles Avery Dennison<\/strong> 300 x 3,6 mm. Un sachet contient <strong>100 serre-c\u00e2bles<\/strong> (1 cnt = 100 pi\u00e8ces). <\/p>\n<p>Les <strong>serre-c\u00e2bles<\/strong> sont utilis\u00e9s dans diverses applications dans de nombreux secteurs : \u00e9lectrique, \u00e9lectronique, t\u00e9l\u00e9communications, transport, CATV (t\u00e9l\u00e9vision par c\u00e2ble), HVAC (chauffage, ventilation et climatisation), emballage, vente au d\u00e9tail, extincteurs, boissons et bien d&rsquo;autres.<\/p>\n<p>Le prix est par sachet de 100 pi\u00e8ces.<\/p>\n<p>Longueur : 300 mm<br \/>\nLargeur : 3,6 mm<\/p>\n","protected":false},"excerpt":{"rendered":"<p><b>Serre-c\u00e2bles 300 x 3,6 mm<\/b>. Serre-c\u00e2bles de haute qualit\u00e9 fabriqu\u00e9s par Avery Dennison. <\/p>\n<p>Le prix est par sachet de 100 pi\u00e8ces.<\/p>\n","protected":false},"featured_media":12362,"template":"","meta":[],"product_cat":[297],"product_tag":[],"_links":{"self":[{"href":"https:\/\/stularplus.com\/fr\/wp-json\/wp\/v2\/product\/12361"}],"collection":[{"href":"https:\/\/stularplus.com\/fr\/wp-json\/wp\/v2\/product"}],"about":[{"href":"https:\/\/stularplus.com\/fr\/wp-json\/wp\/v2\/types\/product"}],"wp:featuredmedia":[{"embeddable":true,"href":"https:\/\/stularplus.com\/fr\/wp-json\/wp\/v2\/media\/12362"}],"wp:attachment":[{"href":"https:\/\/stularplus.com\/fr\/wp-json\/wp\/v2\/media?parent=12361"}],"wp:term":[{"taxonomy":"product_cat","embeddable":true,"href":"https:\/\/stularplus.com\/fr\/wp-json\/wp\/v2\/product_cat?post=12361"},{"taxonomy":"product_tag","embeddable":true,"href":"https:\/\/stularplus.com\/fr\/wp-json\/wp\/v2\/product_tag?post=12361"}],"curies":[{"name":"wp","href":"https:\/\/api.w.org\/{rel}","templated":true}]}}