{"id":12393,"date":"2022-03-16T12:49:46","date_gmt":"2022-03-16T11:49:46","guid":{"rendered":"https:\/\/stularplus.com\/mkiii-pg-tool-standard-premium\/"},"modified":"2025-12-20T22:45:18","modified_gmt":"2025-12-20T21:45:18","slug":"mkiii-pg-tool-standard-premium","status":"publish","type":"product","link":"https:\/\/stularplus.com\/fr\/mkiii-pg-tool-standard-premium\/","title":{"rendered":"MKIII PG TOOL Standard &#8211; Premium"},"content":{"rendered":"<p>Le pistolet d&rsquo;\u00e9tiquetage <strong>Avery Dennison Mark III Pistol Grip Tool<\/strong> est l&rsquo;un des <strong>meilleurs pistolets d&rsquo;\u00e9tiquetage Kimble<\/strong> sur le march\u00e9. Ce <g id=\"gid_2\">pistolet d&rsquo;\u00e9tiquetage Kimble<\/g> est recommand\u00e9 par la plupart des fabricants industriels. Il suffit d&rsquo;appuyer sur la g\u00e2chette pour fixer les \u00e9tiquettes rapidement et facilement.  <\/p>\n<p>Les <strong>pistolets d&rsquo;\u00e9tiquetage Kimble Avery Dennison<\/strong> sont compatibles avec la plupart des <strong>attaches en plastique<\/strong> (broches) d&rsquo;autres fabricants.<\/p>\n<p>Avery Dennison vous offre les <strong>pistolets d&rsquo;\u00e9tiquetage Kimble de la plus haute qualit\u00e9<\/strong> sur le march\u00e9. Invent\u00e9 par Dennison au d\u00e9but des ann\u00e9es 1960, il reste la pr\u00e9f\u00e9rence de l&rsquo;industrie pour la fixation d&rsquo;\u00e9tiquettes. <\/p>\n<p>Les <strong>solutions de fixation<\/strong> avec le <strong>pistolet d&rsquo;\u00e9tiquetage<\/strong> Avery Dennison offrent aux fabricants et aux d\u00e9taillants un moyen de haute qualit\u00e9 et rentable de se connecter avec leurs clients. Un outil facile \u00e0 utiliser fournit une <strong>attache en plastique<\/strong> qui leur permet de communiquer les avantages du produit, les prix, les instructions d\u00e9taill\u00e9es et m\u00eame l&rsquo;identit\u00e9 de la marque. <\/p>\n<p>Con\u00e7u de mani\u00e8re ergonomique pour un <strong>confort maximal<\/strong>, le pistolet est l\u00e9ger, mais r\u00e9siste \u00e0 une utilisation intensive. Pour une utilisation avec des tissus standard de poids moyen. Les <strong>attaches<\/strong> et les aiguilles de rechange sont vendues s\u00e9par\u00e9ment. <\/p>\n<p>-Utilise les attaches Standard et <strong>SWIFTACH PLUS<\/strong>.<br \/>\n-Fabriqu\u00e9 \u00e0 partir de mat\u00e9riaux de qualit\u00e9 pour une durabilit\u00e9 et un fonctionnement fiable et durable.<br \/>\n-Les clips de cordon s&rsquo;attachent solidement \u00e0 la poign\u00e9e, gardent le prot\u00e8ge-aiguille \u00e0 port\u00e9e de main.<br \/>\n-La forme modifi\u00e9e de la poign\u00e9e pistolet offre une meilleure sensation et une pression plus facile.<\/p>\n<p><strong>Contenu :<\/strong><br \/>\n1 pistolet d&rsquo;\u00e9tiquetage Avery Dennison Mark III avec capuchon de s\u00e9curit\u00e9<br \/>\n1 aiguille de rechange Avery Dennison<\/p>\n<p>Poids :<br \/>\n0,12 kg\/pi\u00e8ce<\/p>\n<p><strong>Besoin d&rsquo;un meilleur prix ? Veuillez nous contacter pour les remises sur quantit\u00e9.<br \/>\n<\/strong><\/p>\n","protected":false},"excerpt":{"rendered":"<p><b>MKIII PG Standard Pistol Grip Tool<\/b> &#8211; le meilleur <strong>outil d&rsquo;\u00e9tiquetage<\/strong> <b>Kimble<\/b> pour les chemises, les jeans, les chaussettes et toutes sortes d&rsquo;autres tissus et mat\u00e9riaux. <strong>Qualit\u00e9 PREMIUM.<\/strong><\/p>\n<p>&nbsp;<\/p>\n","protected":false},"featured_media":12394,"template":"","meta":[],"product_cat":[328],"product_tag":[],"_links":{"self":[{"href":"https:\/\/stularplus.com\/fr\/wp-json\/wp\/v2\/product\/12393"}],"collection":[{"href":"https:\/\/stularplus.com\/fr\/wp-json\/wp\/v2\/product"}],"about":[{"href":"https:\/\/stularplus.com\/fr\/wp-json\/wp\/v2\/types\/product"}],"wp:featuredmedia":[{"embeddable":true,"href":"https:\/\/stularplus.com\/fr\/wp-json\/wp\/v2\/media\/12394"}],"wp:attachment":[{"href":"https:\/\/stularplus.com\/fr\/wp-json\/wp\/v2\/media?parent=12393"}],"wp:term":[{"taxonomy":"product_cat","embeddable":true,"href":"https:\/\/stularplus.com\/fr\/wp-json\/wp\/v2\/product_cat?post=12393"},{"taxonomy":"product_tag","embeddable":true,"href":"https:\/\/stularplus.com\/fr\/wp-json\/wp\/v2\/product_tag?post=12393"}],"curies":[{"name":"wp","href":"https:\/\/api.w.org\/{rel}","templated":true}]}}