{"id":12560,"date":"2021-12-05T02:29:28","date_gmt":"2021-12-05T01:29:28","guid":{"rendered":"https:\/\/stularplus.com\/t-end-extra-robuste-de-61-mm\/"},"modified":"2025-12-20T22:47:02","modified_gmt":"2025-12-20T21:47:02","slug":"t-end-extra-robuste-de-61-mm","status":"publish","type":"product","link":"https:\/\/stularplus.com\/fr\/t-end-extra-robuste-de-61-mm\/","title":{"rendered":"T-END extra robuste de 61 mm"},"content":{"rendered":"<div class=\"elementor-element elementor-element-219ff3a elementor-widget elementor-widget-woocommerce-product-content\" data-id=\"219ff3a\" data-element_type=\"widget\" data-widget_type=\"woocommerce-product-content.default\">\n<div class=\"elementor-widget-container\">\n<div class=\"elementor-element elementor-element-93a7a1e elementor-widget elementor-widget-woocommerce-product-content\" data-id=\"93a7a1e\" data-element_type=\"widget\" data-widget_type=\"woocommerce-product-content.default\">\n<div class=\"elementor-widget-container\">\n<div class=\"elementor-element elementor-element-219ff3a elementor-widget elementor-widget-woocommerce-product-content\" data-id=\"219ff3a\" data-element_type=\"widget\" data-widget_type=\"woocommerce-product-content.default\">\n<div class=\"elementor-widget-container\">\n<div class=\"elementor-element elementor-element-93a7a1e elementor-widget elementor-widget-woocommerce-product-content\" data-id=\"93a7a1e\" data-element_type=\"widget\" data-widget_type=\"woocommerce-product-content.default\">\n<div class=\"elementor-widget-container\">\n<div class=\"elementor-element elementor-element-93a7a1e elementor-widget elementor-widget-woocommerce-product-content\" data-id=\"93a7a1e\" data-element_type=\"widget\" data-widget_type=\"woocommerce-product-content.default\">\n<div class=\"elementor-widget-container\">\n<div class=\"elementor-element elementor-element-219ff3a elementor-widget elementor-widget-woocommerce-product-content\" data-id=\"219ff3a\" data-element_type=\"widget\" data-widget_type=\"woocommerce-product-content.default\">\n<div class=\"elementor-widget-container\">\n<div class=\"elementor-element elementor-element-93a7a1e elementor-widget elementor-widget-woocommerce-product-content\" data-id=\"93a7a1e\" data-element_type=\"widget\" data-widget_type=\"woocommerce-product-content.default\">\n<div class=\"elementor-widget-container\">\n<p>Le <strong>syst\u00e8me T-End extra robuste<\/strong> est con\u00e7u pour simplifier le montage de chaussures en cours de fabrication et pour l&#8217;emballage.<\/p>\n<p><strong>Avery Dennison<\/strong> propose une large s\u00e9lection d&rsquo;attaches \u00e0 haute r\u00e9sistance \u00e0 la traction \u00e0 utiliser avec des \u0153illets de grande ou petite taille. Ces attaches sont \u00e9galement une alternative rapide, s\u00e8che et inodore aux colles et adh\u00e9sifs \u2013 <strong>gagnez du temps<\/strong> et <strong>de l&rsquo;argent<\/strong> avec le <strong>syst\u00e8me de fixation de matelas.<\/strong> <\/p>\n<p>Il \u00e9limine les pulv\u00e9risations salissantes, les colles thermofusibles et les adh\u00e9sifs \u00e0 base d&rsquo;eau en un seul clic.<\/p>\n<p>Poids : 0,72 kg\/pi\u00e8ce<\/p>\n<\/div>\n<\/div>\n<\/div>\n<\/div>\n<\/div>\n<\/div>\n<\/div>\n<\/div>\n<\/div>\n<\/div>\n<\/div>\n<\/div>\n<\/div>\n<\/div>\n","protected":false},"excerpt":{"rendered":"<p>Attaches T-end extra robustes originales Avery Dennison <b> 61 mm NY (Nylon). La bo\u00eete contient 3&nbsp;000&nbsp;attaches. Solution de rechange parfaite aux vaporisateurs salissants, aux colles thermofusibles et aux adh\u00e9sifs \u00e0 base d\u2019eau. LA BO\u00ceTE CONTIENT 3&nbsp;0000&nbsp;PI\u00c8CES.<\/b>   <\/p>\n","protected":false},"featured_media":12561,"template":"","meta":[],"product_cat":[309],"product_tag":[],"_links":{"self":[{"href":"https:\/\/stularplus.com\/fr\/wp-json\/wp\/v2\/product\/12560"}],"collection":[{"href":"https:\/\/stularplus.com\/fr\/wp-json\/wp\/v2\/product"}],"about":[{"href":"https:\/\/stularplus.com\/fr\/wp-json\/wp\/v2\/types\/product"}],"wp:featuredmedia":[{"embeddable":true,"href":"https:\/\/stularplus.com\/fr\/wp-json\/wp\/v2\/media\/12561"}],"wp:attachment":[{"href":"https:\/\/stularplus.com\/fr\/wp-json\/wp\/v2\/media?parent=12560"}],"wp:term":[{"taxonomy":"product_cat","embeddable":true,"href":"https:\/\/stularplus.com\/fr\/wp-json\/wp\/v2\/product_cat?post=12560"},{"taxonomy":"product_tag","embeddable":true,"href":"https:\/\/stularplus.com\/fr\/wp-json\/wp\/v2\/product_tag?post=12560"}],"curies":[{"name":"wp","href":"https:\/\/api.w.org\/{rel}","templated":true}]}}