{"id":12572,"date":"2021-12-05T02:29:27","date_gmt":"2021-12-05T01:29:27","guid":{"rendered":"https:\/\/stularplus.com\/swiftach-system-1000-pp-22-mm\/"},"modified":"2025-12-20T22:47:30","modified_gmt":"2025-12-20T21:47:30","slug":"swiftach-system-1000-pp-22-mm","status":"publish","type":"product","link":"https:\/\/stularplus.com\/fr\/swiftach-system-1000-pp-22-mm\/","title":{"rendered":"Swiftach System 1000 PP 22 mm"},"content":{"rendered":"<div class=\"elementor-element elementor-element-219ff3a elementor-widget elementor-widget-woocommerce-product-content\" data-id=\"219ff3a\" data-element_type=\"widget\" data-widget_type=\"woocommerce-product-content.default\">\n<div class=\"elementor-widget-container\">\n<div class=\"elementor-element elementor-element-93a7a1e elementor-widget elementor-widget-woocommerce-product-content\" data-id=\"93a7a1e\" data-element_type=\"widget\" data-widget_type=\"woocommerce-product-content.default\">\n<div class=\"elementor-widget-container\">\n<p>L&rsquo;utilisation du <strong>pistolet d&rsquo;\u00e9tiquetage S1000<\/strong> et des <strong>attaches<\/strong> Avery Dennison est presque vingt fois plus rapide qu&rsquo;avec des outils de fixation ordinaires.<\/p>\n<p>Toute op\u00e9ration qui mesure la productivit\u00e9 tirera profit des avantages du <strong>Swiftach System 1000<\/strong>. Les grandes <g id=\"gid_1\">fixations<\/g> de type palette emp\u00eachent l&rsquo;\u00e9change d&rsquo;\u00e9tiquettes et n&rsquo;ont pas de bande de d\u00e9chets \u00e0 jeter lorsque l&rsquo;op\u00e9rateur a termin\u00e9. Augmentez votre productivit\u00e9 avec le <strong>System 1000<\/strong> et en utilisant 1 000 <strong>attaches<\/strong> sur un clip.  <\/p>\n<p>Un rouleau contient 1&nbsp;000 <strong>attaches<\/strong>.<\/p>\n<p>Une bo\u00eete contient 5&nbsp;rouleaux de 1&nbsp;000&nbsp;attaches.<\/p>\n<p>Poids&nbsp;: 0,05&nbsp;kg\/th<\/p>\n<\/div>\n<\/div>\n<\/div>\n<\/div>\n<p><strong> <\/strong><\/p>\n","protected":false},"excerpt":{"rendered":"<p><b>Pins PP 22 mm<\/b> pour pistolet d&rsquo;\u00e9tiquetage S1000. \u00c9tiquetez 1&nbsp;000&nbsp;v\u00eatements sans recharger. Le prix est par bo\u00eete de 5&nbsp;000&nbsp;pi\u00e8ces.  <\/p>\n","protected":false},"featured_media":12242,"template":"","meta":[],"product_cat":[280],"product_tag":[],"_links":{"self":[{"href":"https:\/\/stularplus.com\/fr\/wp-json\/wp\/v2\/product\/12572"}],"collection":[{"href":"https:\/\/stularplus.com\/fr\/wp-json\/wp\/v2\/product"}],"about":[{"href":"https:\/\/stularplus.com\/fr\/wp-json\/wp\/v2\/types\/product"}],"wp:featuredmedia":[{"embeddable":true,"href":"https:\/\/stularplus.com\/fr\/wp-json\/wp\/v2\/media\/12242"}],"wp:attachment":[{"href":"https:\/\/stularplus.com\/fr\/wp-json\/wp\/v2\/media?parent=12572"}],"wp:term":[{"taxonomy":"product_cat","embeddable":true,"href":"https:\/\/stularplus.com\/fr\/wp-json\/wp\/v2\/product_cat?post=12572"},{"taxonomy":"product_tag","embeddable":true,"href":"https:\/\/stularplus.com\/fr\/wp-json\/wp\/v2\/product_tag?post=12572"}],"curies":[{"name":"wp","href":"https:\/\/api.w.org\/{rel}","templated":true}]}}