{"id":12573,"date":"2022-02-28T12:19:46","date_gmt":"2022-02-28T11:19:46","guid":{"rendered":"https:\/\/stularplus.com\/marqueur-de-viande-mkiii-p-g-outil-de-marquage-de-la-viande\/"},"modified":"2025-12-20T22:47:32","modified_gmt":"2025-12-20T21:47:32","slug":"marqueur-de-viande-mkiii-p-g-outil-de-marquage-de-la-viande","status":"publish","type":"product","link":"https:\/\/stularplus.com\/fr\/marqueur-de-viande-mkiii-p-g-outil-de-marquage-de-la-viande\/","title":{"rendered":"MARQUEUR DE VIANDE MKIII P.G. &#8211; outil de marquage de la viande"},"content":{"rendered":"<p>La meilleure solution pour le <strong>marquage de la viande<\/strong>.<br \/>\n Avery Dennison a d\u00e9velopp\u00e9 un <strong>syst\u00e8me de marquage de la viande<\/strong> &#8211; <strong>pistolet de marquage<\/strong> sp\u00e9cial pour la viande et des <strong>attaches \u00e0 viande \u00e0 double palette<\/strong>.<\/p>\n<p>Con\u00e7u pour l&rsquo;<strong>industrie alimentaire<\/strong>, il est dot\u00e9 d&rsquo;un verrou d&rsquo;aiguille renforc\u00e9 et est <strong>fabriqu\u00e9 \u00e0 partir de mat\u00e9riaux r\u00e9sistants \u00e0 la corrosion<\/strong>, notamment d&rsquo;un cordon en caoutchouc. Il comporte \u00e9galement plusieurs trous de drainage afin que les d\u00e9bris puissent \u00eatre \u00e9vacu\u00e9s rapidement et facilement. \u00c0 utiliser avec l&rsquo;<strong>aiguille sp\u00e9ciale en acier inoxydable<\/strong>.  <\/p>\n<p>Le marquage de la viande fra\u00eeche n&rsquo;est pas un probl\u00e8me. <strong>Tag Fast<\/strong> est sp\u00e9cialement con\u00e7u pour garantir que les \u00e9tiquettes de tra\u00e7abilit\u00e9 ne soient pas perdues pendant le processus. Fabriqu\u00e9es en nylon de qualit\u00e9 alimentaire et dot\u00e9es d&rsquo;une t\u00eate \u00e0 double palette, elles s&rsquo;enl\u00e8vent facilement sans laisser de r\u00e9sidus dans les aliments. Con\u00e7u pour une utilisation intensive, comme les applications de marquage de la viande.  <\/p>\n<p><strong>Les aiguilles en acier inoxydable r\u00e9sistent \u00e0 la corrosion.<\/strong><br \/>\nLes <strong>attaches \u00e0 double palette extra-r\u00e9sistantes<\/strong> offrent une prise ferme pour un retrait facile et complet.<\/p>\n<p><strong>Approuv\u00e9 par la FDA<\/strong> et fabriqu\u00e9 avec des mat\u00e9riaux certifi\u00e9s de qualit\u00e9 alimentaire.<\/p>\n<p>Poids : 0,12 kg\/pi\u00e8ce<\/p>\n","protected":false},"excerpt":{"rendered":"<p>Outil \u00e0 poign\u00e9e pistolet pour le <b>marquage de la viande<\/b>. Approuv\u00e9 par la FDA et fabriqu\u00e9 avec des mat\u00e9riaux certifi\u00e9s de qualit\u00e9 alimentaire. <\/p>\n","protected":false},"featured_media":12574,"template":"","meta":[],"product_cat":[335],"product_tag":[],"_links":{"self":[{"href":"https:\/\/stularplus.com\/fr\/wp-json\/wp\/v2\/product\/12573"}],"collection":[{"href":"https:\/\/stularplus.com\/fr\/wp-json\/wp\/v2\/product"}],"about":[{"href":"https:\/\/stularplus.com\/fr\/wp-json\/wp\/v2\/types\/product"}],"wp:featuredmedia":[{"embeddable":true,"href":"https:\/\/stularplus.com\/fr\/wp-json\/wp\/v2\/media\/12574"}],"wp:attachment":[{"href":"https:\/\/stularplus.com\/fr\/wp-json\/wp\/v2\/media?parent=12573"}],"wp:term":[{"taxonomy":"product_cat","embeddable":true,"href":"https:\/\/stularplus.com\/fr\/wp-json\/wp\/v2\/product_cat?post=12573"},{"taxonomy":"product_tag","embeddable":true,"href":"https:\/\/stularplus.com\/fr\/wp-json\/wp\/v2\/product_tag?post=12573"}],"curies":[{"name":"wp","href":"https:\/\/api.w.org\/{rel}","templated":true}]}}