{"id":12590,"date":"2021-12-05T02:29:23","date_gmt":"2021-12-05T01:29:23","guid":{"rendered":"https:\/\/stularplus.com\/attaches-swiftach-standard-ny-de-20-mm\/"},"modified":"2025-12-20T22:47:45","modified_gmt":"2025-12-20T21:47:45","slug":"attaches-swiftach-standard-ny-de-20-mm","status":"publish","type":"product","link":"https:\/\/stularplus.com\/fr\/attaches-swiftach-standard-ny-de-20-mm\/","title":{"rendered":"Attaches Swiftach Standard NY de 20 mm"},"content":{"rendered":"<p>Les attaches standard \u00e0 palette Swifach <strong>20 MM (NY)<\/strong> <strong>Blue Box ORIGINAL<\/strong> sont fabriqu\u00e9es \u00e0 <strong>100 % en nylon<\/strong>.<\/p>\n<p>Les attaches standard 20 MM NY sont utilis\u00e9es pour fixer l\u2019\u00e9tiquette tr\u00e8s pr\u00e8s du produit. Les attaches sont en nylon, ce qui offre une r\u00e9sistance maximale et \u00e9limine tout risque de rupture. <\/p>\n<p><strong>Nylon&nbsp;:<\/strong> r\u00e9sistance maximale, haute r\u00e9sistance chimique, r\u00e9sistance \u00e0 l\u2019abrasion maximale. <strong>Blue Box<\/strong> offre qualit\u00e9, uniformit\u00e9, productivit\u00e9 \u00e9lev\u00e9e et r\u00e9sistance. Invent\u00e9 par Dennison au d\u00e9but des ann\u00e9es&nbsp;1960, il reste la solution pr\u00e9f\u00e9r\u00e9e de l\u2019industrie pour la fixation des <strong>\u00e9tiquettes<\/strong>. <\/p>\n<p>Elles sont fabriqu\u00e9es avec une grande pr\u00e9cision et une qualit\u00e9 constante, lot apr\u00e8s lot. Les <strong>attaches Swiftach<\/strong> sont fabriqu\u00e9es \u00e0 partir de <strong>nylon<\/strong> (NY) de la plus haute qualit\u00e9. Id\u00e9ales pour <strong>l\u2019\u00e9tiquetage<\/strong> de tous les mat\u00e9riaux standard. Les <strong>attaches<\/strong> Swiftach <strong>Avery Dennison<\/strong> offrent la plus vaste gamme de tailles et de couleurs pour toute application g\u00e9n\u00e9rale d\u2019\u00e9tiquetage. <\/p>\n<p>La grande t\u00eate \u00e0 palette offre un avantage suppl\u00e9mentaire&nbsp;: elle emp\u00eache l\u2019\u00e9change des \u00e9tiquettes. Une caisse contient 5&nbsp;000&nbsp;attaches.<br \/>\nLes <strong>attaches<\/strong> Tag Easy sont compatibles avec tous les <strong>pistolets d\u2019\u00e9tiquetage<\/strong> standard. <\/p>\n<p><strong>Profitez des avantages des remises sur quantit\u00e9 !<\/strong><\/p>\n","protected":false},"excerpt":{"rendered":"<p><b>Attaches Swiftach Blue Box Premium 20&nbsp;mm (NY)<\/b> pour l\u2019\u00e9tiquetage de tous les types de produits. Les attaches Swiftach Blue Box Premium sont <g id=\"gid_1\">fabriqu\u00e9es en nylon<\/g> de la plus haute qualit\u00e9. Le prix est par bo\u00eete de 5&nbsp;000&nbsp;pi\u00e8ces.  <\/p>\n","protected":false},"featured_media":12265,"template":"","meta":[],"product_cat":[315],"product_tag":[],"_links":{"self":[{"href":"https:\/\/stularplus.com\/fr\/wp-json\/wp\/v2\/product\/12590"}],"collection":[{"href":"https:\/\/stularplus.com\/fr\/wp-json\/wp\/v2\/product"}],"about":[{"href":"https:\/\/stularplus.com\/fr\/wp-json\/wp\/v2\/types\/product"}],"wp:featuredmedia":[{"embeddable":true,"href":"https:\/\/stularplus.com\/fr\/wp-json\/wp\/v2\/media\/12265"}],"wp:attachment":[{"href":"https:\/\/stularplus.com\/fr\/wp-json\/wp\/v2\/media?parent=12590"}],"wp:term":[{"taxonomy":"product_cat","embeddable":true,"href":"https:\/\/stularplus.com\/fr\/wp-json\/wp\/v2\/product_cat?post=12590"},{"taxonomy":"product_tag","embeddable":true,"href":"https:\/\/stularplus.com\/fr\/wp-json\/wp\/v2\/product_tag?post=12590"}],"curies":[{"name":"wp","href":"https:\/\/api.w.org\/{rel}","templated":true}]}}