{"id":12606,"date":"2021-12-05T02:29:23","date_gmt":"2021-12-05T01:29:23","guid":{"rendered":"https:\/\/stularplus.com\/attaches-swiftach-standard-ny-25-mm\/"},"modified":"2025-12-20T22:47:57","modified_gmt":"2025-12-20T21:47:57","slug":"attaches-swiftach-standard-ny-25-mm","status":"publish","type":"product","link":"https:\/\/stularplus.com\/fr\/attaches-swiftach-standard-ny-25-mm\/","title":{"rendered":"Attaches Swiftach Standard NY 25 mm"},"content":{"rendered":"<p>Les attaches standard \u00e0 palette Swifach 25 MM (NY) <strong>Blue Box ORIGINAL pins<\/strong> sont fabriqu\u00e9es \u00e0 <strong>100 % en nylon.<\/strong><\/p>\n<p>Les attaches d&rsquo;\u00e9tiquetage de 25 mm sont utilis\u00e9es pour fixer ou \u00e9tiqueter l&rsquo;\u00e9tiquette tr\u00e8s pr\u00e8s du produit. Les attaches d&rsquo;\u00e9tiquetage 25 mm Swiftach Standard NY sont en nylon, ce qui offre la plus grande r\u00e9sistance et il n&rsquo;y a aucun risque de rupture. <\/p>\n<p>Ces attaches d&rsquo;\u00e9tiquetage sont utilis\u00e9es pour les produits robustes comme l&rsquo;\u00e9tiquetage des serviettes, des paillassons ou des tapis de bain. Normalement, vous pouvez \u00e9galement les utiliser pour tous les v\u00eatements textiles standard o\u00f9 la qualit\u00e9 de l&rsquo;\u00e9tiquetage est tr\u00e8s importante. <\/p>\n<p><strong>Le nylon pr\u00e9sente :<\/strong> la plus haute r\u00e9sistance, une haute r\u00e9sistance chimique, la plus haute r\u00e9sistance \u00e0 l&rsquo;abrasion. Blue Box pr\u00e9sente la qualit\u00e9, la coh\u00e9rence, une productivit\u00e9 \u00e9lev\u00e9e et la r\u00e9sistance. Invent\u00e9 par Dennison au d\u00e9but des ann\u00e9es 1960, il reste la pr\u00e9f\u00e9rence de l&rsquo;industrie pour la fixation des <strong>\u00e9tiquettes<\/strong>.  <\/p>\n<p>Elles sont fabriqu\u00e9es tr\u00e8s pr\u00e9cis\u00e9ment avec une qualit\u00e9 constante, lot apr\u00e8s lot. Les <strong>attaches Swiftach<\/strong> sont fabriqu\u00e9es \u00e0 partir du nylon (NY) de la plus haute qualit\u00e9. Id\u00e9al pour <g id=\"gid_1\">l&rsquo;\u00e9tiquetage<\/g> de tous les mat\u00e9riaux standard. Les <strong>attaches d&rsquo;\u00e9tiquetage<\/strong> Avery Dennison Swiftach offrent la plus large gamme de tailles et de <strong>couleurs<\/strong> <strong>pour toute application d&rsquo;\u00e9tiquetage g\u00e9n\u00e9rale<\/strong>.  <\/p>\n<p>La grande T\u00caTE \u00e0 palette offre un avantage suppl\u00e9mentaire&nbsp;: elle emp\u00eache l&rsquo;\u00e9change de billets. Un \u00e9tui contient 5&nbsp;000&nbsp;attaches.  Les attaches Tag Easy sont compatibles avec tous les <strong>pistolets d&rsquo;\u00e9tiquetage standard<\/strong>.<\/p>\n<p><strong>Profitez des avantages des remises sur quantit\u00e9 !<\/strong><\/p>\n","protected":false},"excerpt":{"rendered":"<p><b>Attaches Premium Blue Box Swiftach 25 mm (NY)<\/b> pour l&rsquo;\u00e9tiquetage de tous les types de produits en nylon. Les <b>attaches Swiftach Premium sont fabriqu\u00e9es avec une qualit\u00e9 sup\u00e9rieure<\/b>. Le prix est par bo\u00eete de 5&nbsp;000&nbsp;pi\u00e8ces. <\/p>\n","protected":false},"featured_media":12607,"template":"","meta":[],"product_cat":[315],"product_tag":[],"_links":{"self":[{"href":"https:\/\/stularplus.com\/fr\/wp-json\/wp\/v2\/product\/12606"}],"collection":[{"href":"https:\/\/stularplus.com\/fr\/wp-json\/wp\/v2\/product"}],"about":[{"href":"https:\/\/stularplus.com\/fr\/wp-json\/wp\/v2\/types\/product"}],"wp:featuredmedia":[{"embeddable":true,"href":"https:\/\/stularplus.com\/fr\/wp-json\/wp\/v2\/media\/12607"}],"wp:attachment":[{"href":"https:\/\/stularplus.com\/fr\/wp-json\/wp\/v2\/media?parent=12606"}],"wp:term":[{"taxonomy":"product_cat","embeddable":true,"href":"https:\/\/stularplus.com\/fr\/wp-json\/wp\/v2\/product_cat?post=12606"},{"taxonomy":"product_tag","embeddable":true,"href":"https:\/\/stularplus.com\/fr\/wp-json\/wp\/v2\/product_tag?post=12606"}],"curies":[{"name":"wp","href":"https:\/\/api.w.org\/{rel}","templated":true}]}}