{"id":12642,"date":"2021-12-05T02:29:23","date_gmt":"2021-12-05T01:29:23","guid":{"rendered":"https:\/\/stularplus.com\/attaches-tageasy-loop-pp-35-mm\/"},"modified":"2025-12-20T22:48:57","modified_gmt":"2025-12-20T21:48:57","slug":"attaches-tageasy-loop-pp-35-mm","status":"publish","type":"product","link":"https:\/\/stularplus.com\/fr\/attaches-tageasy-loop-pp-35-mm\/","title":{"rendered":"Attaches TagEasy Loop PP 35 mm"},"content":{"rendered":"<p>Les <strong>attaches boucles NY de 35 mm (broches)<\/strong> sont fabriqu\u00e9es en nylon et sont tr\u00e8s faciles \u00e0 utiliser.<\/p>\n<p>Fixez une <strong>\u00e9tiquette<\/strong> et fournissez un crochet pour l\u2019exposition en une seule op\u00e9ration.<br \/>\nAvec les <strong>attaches boucles<\/strong>, vous pouvez <strong>assembler des articles de mani\u00e8re l\u00e2che<\/strong> ou suspendre des produits souples. Id\u00e9al pour fixer des produits dans des applications d\u2019emballage. Doit \u00eatre d\u00e9clench\u00e9 deux fois.   Un carton contient 5&nbsp;000 attaches.<\/p>\n<p>Les <strong>attaches boucles<\/strong> sont compatibles avec tous les <strong>pistolets d\u2019\u00e9tiquetage standard<\/strong>.<br \/>\n<strong>Profitez des avantages des remises sur quantit\u00e9 !<\/strong><\/p>\n","protected":false},"excerpt":{"rendered":"<p><b>Attache EasyTag PP \u00e0 boucle de 35 mm<\/b> \u2013 pour \u00e9tiqueter les chapeaux, les casquettes, les chaussettes, les gants, etc. La solution simple et productive pour les applications d\u2019emballage, de fixation et d\u2019exposition. Fabriqu\u00e9 en polypropyl\u00e8ne. Le prix est par bo\u00eete de 5&nbsp;000 pi\u00e8ces. Du fabricant leader Avery Dennison.   <\/p>\n","protected":false},"featured_media":12643,"template":"","meta":[],"product_cat":[336],"product_tag":[],"_links":{"self":[{"href":"https:\/\/stularplus.com\/fr\/wp-json\/wp\/v2\/product\/12642"}],"collection":[{"href":"https:\/\/stularplus.com\/fr\/wp-json\/wp\/v2\/product"}],"about":[{"href":"https:\/\/stularplus.com\/fr\/wp-json\/wp\/v2\/types\/product"}],"wp:featuredmedia":[{"embeddable":true,"href":"https:\/\/stularplus.com\/fr\/wp-json\/wp\/v2\/media\/12643"}],"wp:attachment":[{"href":"https:\/\/stularplus.com\/fr\/wp-json\/wp\/v2\/media?parent=12642"}],"wp:term":[{"taxonomy":"product_cat","embeddable":true,"href":"https:\/\/stularplus.com\/fr\/wp-json\/wp\/v2\/product_cat?post=12642"},{"taxonomy":"product_tag","embeddable":true,"href":"https:\/\/stularplus.com\/fr\/wp-json\/wp\/v2\/product_tag?post=12642"}],"curies":[{"name":"wp","href":"https:\/\/api.w.org\/{rel}","templated":true}]}}