{"id":12651,"date":"2021-12-05T02:29:23","date_gmt":"2021-12-05T01:29:23","guid":{"rendered":"https:\/\/stularplus.com\/attaches-a-crochet-pp-tageasy-35-mm\/"},"modified":"2025-12-20T22:49:08","modified_gmt":"2025-12-20T21:49:08","slug":"attaches-a-crochet-pp-tageasy-35-mm","status":"publish","type":"product","link":"https:\/\/stularplus.com\/fr\/attaches-a-crochet-pp-tageasy-35-mm\/","title":{"rendered":"Attaches \u00e0 crochet PP TagEasy 35 mm"},"content":{"rendered":"<div class=\"elementor-element elementor-element-219ff3a elementor-widget elementor-widget-woocommerce-product-content\" data-id=\"219ff3a\" data-element_type=\"widget\" data-widget_type=\"woocommerce-product-content.default\">\n<div class=\"elementor-widget-container\">\n<div class=\"elementor-element elementor-element-93a7a1e elementor-widget elementor-widget-woocommerce-product-content\" data-id=\"93a7a1e\" data-element_type=\"widget\" data-widget_type=\"woocommerce-product-content.default\">\n<div class=\"elementor-widget-container\">\n<p>Les <strong>attaches \u00e0 crochet PP \u00e9conomiques de 25 mm<\/strong> sont parfaites pour \u00e9tiqueter les chapeaux, les chaussettes, etc.<\/p>\n<p>La solution simple et productive d&rsquo;Avery Dennison pour les applications d&#8217;emballage, de fixation et d&rsquo;affichage. Les articles de bonneterie et de couvre-chef sont id\u00e9aux pour ce type d&rsquo;attache. Elles peuvent \u00eatre appliqu\u00e9es \u00e0 l&rsquo;aide de n&rsquo;importe quel outil et aiguille standard.  <\/p>\n<p>Poids : 0,16 kg\/mille<\/p>\n<p><strong>Profitez des avantages des remises sur quantit\u00e9 !<\/strong><\/p>\n<\/div>\n<\/div>\n<\/div>\n<\/div>\n","protected":false},"excerpt":{"rendered":"<p><b>CROCHETS PP \u00e9conomiques de 35 mm \u2013 pour \u00e9tiqueter chapeaux, casquettes, chaussettes, gants<\/b> \u2013 Prix par bo\u00eete de 5&nbsp;000 crochets. Du fabricant leader Avery Dennison. <\/p>\n","protected":false},"featured_media":12652,"template":"","meta":[],"product_cat":[336],"product_tag":[],"_links":{"self":[{"href":"https:\/\/stularplus.com\/fr\/wp-json\/wp\/v2\/product\/12651"}],"collection":[{"href":"https:\/\/stularplus.com\/fr\/wp-json\/wp\/v2\/product"}],"about":[{"href":"https:\/\/stularplus.com\/fr\/wp-json\/wp\/v2\/types\/product"}],"wp:featuredmedia":[{"embeddable":true,"href":"https:\/\/stularplus.com\/fr\/wp-json\/wp\/v2\/media\/12652"}],"wp:attachment":[{"href":"https:\/\/stularplus.com\/fr\/wp-json\/wp\/v2\/media?parent=12651"}],"wp:term":[{"taxonomy":"product_cat","embeddable":true,"href":"https:\/\/stularplus.com\/fr\/wp-json\/wp\/v2\/product_cat?post=12651"},{"taxonomy":"product_tag","embeddable":true,"href":"https:\/\/stularplus.com\/fr\/wp-json\/wp\/v2\/product_tag?post=12651"}],"curies":[{"name":"wp","href":"https:\/\/api.w.org\/{rel}","templated":true}]}}