{"id":12730,"date":"2021-12-05T02:29:40","date_gmt":"2021-12-05T01:29:40","guid":{"rendered":"https:\/\/stularplus.com\/collier-de-serrage-100-x-25-mm-100\/"},"modified":"2025-12-20T22:51:19","modified_gmt":"2025-12-20T21:51:19","slug":"collier-de-serrage-100-x-25-mm-100","status":"publish","type":"product","link":"https:\/\/stularplus.com\/fr\/collier-de-serrage-100-x-25-mm-100\/","title":{"rendered":"Collier de serrage 100 x 2,5 mm (100)"},"content":{"rendered":"<p><strong>Collier de serrage Avery Dennison<\/strong> 100 x 2,5 mm. Un sachet contient 100 <strong>colliers de serrage<\/strong> (1 cnt = 100 pi\u00e8ces).<br \/>\nLes <strong><br \/>\ncolliers de serrage<\/strong> sont utilis\u00e9s dans diverses applications dans de nombreux secteurs : \u00e9lectricit\u00e9, \u00e9lectronique, t\u00e9l\u00e9communications, transport, CATV (t\u00e9l\u00e9vision par c\u00e2ble), HVAC (chauffage, ventilation et climatisation), emballage, vente au d\u00e9tail, extincteurs, boissons et bien d&rsquo;autres.<\/p>\n<p>Le prix est par sachet de 100 pi\u00e8ces.<\/p>\n<p>Longueur : 100 mm<br \/>\nLargeur : 2,5 mm<\/p>\n","protected":false},"excerpt":{"rendered":"<p><b>Collier de serrage 100 x 2,5 mm<\/b>. Colliers de serrage de haute qualit\u00e9 fabriqu\u00e9s par Avery Dennison. <\/p>\n<p>Le prix est par sachet de 100 pi\u00e8ces.<\/p>\n","protected":false},"featured_media":12731,"template":"","meta":[],"product_cat":[297],"product_tag":[],"_links":{"self":[{"href":"https:\/\/stularplus.com\/fr\/wp-json\/wp\/v2\/product\/12730"}],"collection":[{"href":"https:\/\/stularplus.com\/fr\/wp-json\/wp\/v2\/product"}],"about":[{"href":"https:\/\/stularplus.com\/fr\/wp-json\/wp\/v2\/types\/product"}],"wp:featuredmedia":[{"embeddable":true,"href":"https:\/\/stularplus.com\/fr\/wp-json\/wp\/v2\/media\/12731"}],"wp:attachment":[{"href":"https:\/\/stularplus.com\/fr\/wp-json\/wp\/v2\/media?parent=12730"}],"wp:term":[{"taxonomy":"product_cat","embeddable":true,"href":"https:\/\/stularplus.com\/fr\/wp-json\/wp\/v2\/product_cat?post=12730"},{"taxonomy":"product_tag","embeddable":true,"href":"https:\/\/stularplus.com\/fr\/wp-json\/wp\/v2\/product_tag?post=12730"}],"curies":[{"name":"wp","href":"https:\/\/api.w.org\/{rel}","templated":true}]}}