{"id":12865,"date":"2021-12-05T02:29:51","date_gmt":"2021-12-05T01:29:51","guid":{"rendered":"https:\/\/stularplus.com\/etiqueteuse-manuelle-monoligne-8-chiffres-premium\/"},"modified":"2025-12-20T22:53:01","modified_gmt":"2025-12-20T21:53:01","slug":"etiqueteuse-manuelle-monoligne-8-chiffres-premium","status":"publish","type":"product","link":"https:\/\/stularplus.com\/fr\/etiqueteuse-manuelle-monoligne-8-chiffres-premium\/","title":{"rendered":"\u00c9TIQUETEUSE MANUELLE MONOLIGNE &#8211; 8 chiffres Premium"},"content":{"rendered":"<p><strong>\u00c9tiqueteuse manuelle Avery Dennison CAS 1\/8<br \/>\n<\/strong><\/p>\n<p><strong>\u00c9tiqueteuse manuelle<\/strong> monoligne &#8211; 8 chiffres, avec chiffres et symboles de devise pour \u20ac, \u00a3,&#8230;<\/p>\n<p><strong>Le pistolet \u00e0 \u00e9tiquettes Avery Dennison<\/strong> offre une conception ergonomique et l\u00e9g\u00e8re combin\u00e9e \u00e0 la durabilit\u00e9 des plastiques r\u00e9sistants aux chocs. Nos \u00e9tiqueteuses sont couramment utilis\u00e9es pour l&rsquo;\u00e9tiquetage des prix, les d\u00e9marques, le r\u00e9\u00e9tiquetage, le codage des dates et le contr\u00f4le de la qualit\u00e9. Les \u00e9tiqueteuses manuelles Avery Dennison sont utilis\u00e9es par les d\u00e9taillants du monde entier pour leurs \u00e9tiquettes de prix.  <\/p>\n<p><strong>Sp\u00e9cifications g\u00e9n\u00e9rales :<\/strong><\/p>\n<p>M\u00e9thode de fonctionnement&nbsp;: <strong>Presser<\/strong>, <strong>Rel\u00e2cher<\/strong> et <strong>Appliquer<\/strong><\/p>\n<p>Sens d&rsquo;impression&nbsp;: <strong>Paysage<\/strong> (impression horizontale)<\/p>\n<p>Affichage de l&rsquo;impression&nbsp;: <strong>1234567890<\/strong><\/p>\n<p>Affichage des devises\/symboles&nbsp;: <strong>\u20ac, \u00a3, Fr, Kr,YTL, TL, KC, PY\u0411, K\u043f, \u0414NH, \u041bB, Lei, Z\u0141<\/strong><\/p>\n<p>Lignes d&rsquo;impression&nbsp;: <strong>1<\/strong><\/p>\n<p>Nombre maximal de bandes dans la rang\u00e9e&nbsp;: <strong>8<\/strong> <\/p>\n<p><strong>Caract\u00e9ristiques&nbsp;:<\/strong><\/p>\n<p><strong>Simplicit\u00e9<\/strong><\/p>\n<p>L&rsquo;\u00e9tiqueteuse manuelle Avery Dennison LC1\/8 est tr\u00e8s facile \u00e0 utiliser. Chargez simplement vos \u00e9tiquettes, composez le prix du produit et commencez \u00e0 cliquer et \u00e0 coller. <\/p>\n<p><strong>Portabilit\u00e9<\/strong><\/p>\n<p>Le pistolet \u00e0 \u00e9tiquettes Avery Dennison LC1\/8 est tr\u00e8s l\u00e9ger car il ne p\u00e8se que 0,36 kg lorsqu&rsquo;il est compl\u00e8tement charg\u00e9. Gr\u00e2ce \u00e0 sa conception compacte, il peut \u00eatre librement transf\u00e9r\u00e9 par votre magasin et facilement utilis\u00e9 dans tout votre magasin. <\/p>\n<p><strong>Polyvalence<\/strong><\/p>\n<p><span id=\"result_box\" lang=\"en\"><span class=\"hps\">L&rsquo;\u00e9tiqueteuse manuelle<\/span> <span class=\"hps\">Avery<\/span> <span class=\"hps\">Dennison<\/span> LC1\/8 <span class=\"hps\">est plus qu&rsquo;un simple<\/span> <span class=\"hps\">marqueur<\/span> de <span class=\"hps\">prix<\/span>. <span class=\"hps\">Vous pouvez l&rsquo;utiliser<\/span> <span class=\"hps\">\u00e0 diff\u00e9rentes fins<\/span>, <span class=\"hps\">action<\/span> rapide <span class=\"hps\">sur<\/span> les <span class=\"hps\">rayonnages<\/span> de <span class=\"hps\">vente au d\u00e9tail<\/span> <span class=\"hps\">comme<\/span> des <span class=\"hps\">prix inf\u00e9rieurs<\/span>, des prix de vente, par exemple.<\/span><\/p>\n<p><strong>Vari\u00e9t\u00e9<\/strong><\/p>\n<p>Vous pouvez <span id=\"result_box\" lang=\"en\"><span class=\"hps\">choisir parmi<\/span> <span class=\"hps\">notre<\/span> <span class=\"hps\">large s\u00e9lection d&rsquo;<\/span> <span class=\"hps\">\u00e9tiquettes.<\/span> <span class=\"hps\">Diff\u00e9rentes couleurs<\/span>, <span class=\"hps\">diff\u00e9rentes utilisations<\/span>, <span class=\"hps\">\u00e9tiquettes amovibles<\/span> ou non amovibles <span class=\"hps\">o\u00f9<\/span> la <span class=\"hps\">s\u00e9curit\u00e9 est importante<\/span>, par exemple.<\/span><\/p>\n<p><strong>Fiabilit\u00e9<\/strong><\/p>\n<p><span id=\"result_box\" lang=\"en\"><span class=\"hps\">Avery<\/span> <span class=\"hps\">Dennison<\/span> <span class=\"hps\">est une marque qui<\/span> <span class=\"hps\">est pr\u00e9sente<\/span> <span class=\"hps\">sur le march\u00e9<\/span> <span class=\"hps\">mondial depuis<\/span> <span class=\"hps\">1960.<\/span> <span class=\"hps\">Elle est synonyme de<\/span> <span class=\"hps\">qualit\u00e9 et<\/span> <span class=\"hps\">est indispensable<\/span> <span class=\"hps\">dans l&rsquo;industrie.<\/span><\/span><\/p>\n<p>Poids&nbsp;:<br \/>\n0,36 kg\/pi\u00e8ce<\/p>\n","protected":false},"excerpt":{"rendered":"<p>Pistolet \u00e0 \u00e9tiquettes Avery Dennison. Monoligne 8 chiffres. Parfait pour marquer les produits avec le prix, la date, le code, etc. QUALIT\u00c9 PREMIUM.   <\/p>\n","protected":false},"featured_media":12870,"template":"","meta":[],"product_cat":[350],"product_tag":[],"_links":{"self":[{"href":"https:\/\/stularplus.com\/fr\/wp-json\/wp\/v2\/product\/12865"}],"collection":[{"href":"https:\/\/stularplus.com\/fr\/wp-json\/wp\/v2\/product"}],"about":[{"href":"https:\/\/stularplus.com\/fr\/wp-json\/wp\/v2\/types\/product"}],"wp:featuredmedia":[{"embeddable":true,"href":"https:\/\/stularplus.com\/fr\/wp-json\/wp\/v2\/media\/12870"}],"wp:attachment":[{"href":"https:\/\/stularplus.com\/fr\/wp-json\/wp\/v2\/media?parent=12865"}],"wp:term":[{"taxonomy":"product_cat","embeddable":true,"href":"https:\/\/stularplus.com\/fr\/wp-json\/wp\/v2\/product_cat?post=12865"},{"taxonomy":"product_tag","embeddable":true,"href":"https:\/\/stularplus.com\/fr\/wp-json\/wp\/v2\/product_tag?post=12865"}],"curies":[{"name":"wp","href":"https:\/\/api.w.org\/{rel}","templated":true}]}}