{"id":12886,"date":"2021-12-05T02:29:51","date_gmt":"2021-12-05T01:29:51","guid":{"rendered":"https:\/\/stularplus.com\/ficelle-en-papier-100-degradable-180-mm-100-pieces\/"},"modified":"2025-12-20T22:53:23","modified_gmt":"2025-12-20T21:53:23","slug":"ficelle-en-papier-100-degradable-180-mm-100-pieces","status":"publish","type":"product","link":"https:\/\/stularplus.com\/fr\/ficelle-en-papier-100-degradable-180-mm-100-pieces\/","title":{"rendered":"Ficelle en papier 100 % d\u00e9gradable 180 mm (100 pi\u00e8ces)"},"content":{"rendered":"<p><strong>FICELLE EN PAPIER FIN<\/strong><\/p>\n<p>Ficelle 100 % d\u00e9gradable et \u00e9cologique. La ficelle est en papier et est extr\u00eamement fine. Excellente solution pour \u00e9tiqueter les produits de boutique, les v\u00eatements uniques et autres objets artisanaux. Assurez-vous que vos produits sont \u00e9l\u00e9gamment \u00e9tiquet\u00e9s tout en contribuant \u00e0 la propret\u00e9 de l&rsquo;environnement.   <\/p>\n<p>Longueur : 180 mm<\/p>\n<p>Couleur : naturelle<\/p>\n<p>Conditionnement : 100 pi\u00e8ces<\/p>\n","protected":false},"excerpt":{"rendered":"<p>Ficelle en papier 100 % d\u00e9gradable et \u00e9cologique. La ficelle est extr\u00eamement fine. <\/p>\n<p>Le prix est valable pour 100 pi\u00e8ces.<\/p>\n","protected":false},"featured_media":12887,"template":"","meta":[],"product_cat":[291,347],"product_tag":[],"_links":{"self":[{"href":"https:\/\/stularplus.com\/fr\/wp-json\/wp\/v2\/product\/12886"}],"collection":[{"href":"https:\/\/stularplus.com\/fr\/wp-json\/wp\/v2\/product"}],"about":[{"href":"https:\/\/stularplus.com\/fr\/wp-json\/wp\/v2\/types\/product"}],"wp:featuredmedia":[{"embeddable":true,"href":"https:\/\/stularplus.com\/fr\/wp-json\/wp\/v2\/media\/12887"}],"wp:attachment":[{"href":"https:\/\/stularplus.com\/fr\/wp-json\/wp\/v2\/media?parent=12886"}],"wp:term":[{"taxonomy":"product_cat","embeddable":true,"href":"https:\/\/stularplus.com\/fr\/wp-json\/wp\/v2\/product_cat?post=12886"},{"taxonomy":"product_tag","embeddable":true,"href":"https:\/\/stularplus.com\/fr\/wp-json\/wp\/v2\/product_tag?post=12886"}],"curies":[{"name":"wp","href":"https:\/\/api.w.org\/{rel}","templated":true}]}}