{"id":12903,"date":"2021-12-05T02:29:50","date_gmt":"2021-12-05T01:29:50","guid":{"rendered":"https:\/\/stularplus.com\/banok-503xl-aiguille-fine-extra-longue\/"},"modified":"2025-12-20T22:53:46","modified_gmt":"2025-12-20T21:53:46","slug":"banok-503xl-aiguille-fine-extra-longue","status":"publish","type":"product","link":"https:\/\/stularplus.com\/fr\/banok-503xl-aiguille-fine-extra-longue\/","title":{"rendered":"BANOK 503XL &#8211; Aiguille fine extra longue"},"content":{"rendered":"<p><strong>BANOK 503XL<\/strong> &#8211; le meilleur <strong>pistolet d&rsquo;\u00e9tiquetage<\/strong> pour <strong>l&#8217;emballage et l&rsquo;\u00e9tiquetage des chaussettes<\/strong>.<\/p>\n<p><span id=\"result_box\" lang=\"en\"><span class=\"hps\">Banok,<\/span> <span class=\"hps\">la<\/span> <span class=\"hps\">prestigieuse<\/span> <span class=\"hps\">marque japonaise<\/span> <span class=\"hps\">qui<\/span> <span class=\"hps\">avec son<\/span> <span class=\"hps\">innovant<\/span> <span class=\"hps\">design et<\/span> <span class=\"hps\">sup\u00e9rieure<\/span> <span class=\"hps\">qualit\u00e9<\/span> <span class=\"hps\">prouve que<\/span> <span class=\"hps\">elle<\/span> <span class=\"hps\">segment<\/span> <span class=\"hps\">l&rsquo;\u00e9tiquetage<\/span> <span class=\"hps\">ou<\/span> <span class=\"hps\">l&#8217;emballage<\/span> <span class=\"hps\">de plusieurs<\/span> <span class=\"hps\">paires de<\/span> <span class=\"hps\">chaussettes<\/span>, n&rsquo;a <span class=\"hps\">pas<\/span> de <span class=\"hps\">remplacement pour le moment.<\/span> <span class=\"hps\">Il est principalement utilis\u00e9<\/span> <span class=\"hps\">o\u00f9<\/span> h <span class=\"hps\">une productivit\u00e9 et une qualit\u00e9 \u00e9lev\u00e9es sont la norme la plus importante.<\/span><\/span><\/p>\n<p><span lang=\"en\"><span class=\"hps\"><span id=\"result_box\" lang=\"en\"><strong>Banok type 503 XL<\/strong> utilise un m\u00e9canisme de d\u00e9clenchement sophistiqu\u00e9 et, malgr\u00e9 les t\u00e2ches difficiles, ne conna\u00eet ni panne, ni blocage, etc. La forme et la manipulation du <strong>pistolet d&rsquo;\u00e9tiquetage Banok 503 XL<\/strong>, l&rsquo;\u00e9tiquetage et l&#8217;emballage des chaussettes sont ergonomiques et faciles. <\/span><\/span><\/span><\/p>\n<p><strong><span lang=\"en\"><span class=\"hps\">L&rsquo;AIGUILLE FINE EXTRA LONGUE ne laisse aucun dommage dans les chaussettes<\/span><\/span><\/strong><\/p>\n<p><span id=\"result_box\" lang=\"en\"><span class=\"hps\">Outre la<\/span> <span class=\"hps\">qualit\u00e9 sup\u00e9rieure<\/span> <span class=\"hps\">du produit,<\/span> <strong>Banok 503 XL<\/strong> <span class=\"hps\">est \u00e9quip\u00e9 d&rsquo;une<\/span> <span class=\"hps\">longue<\/span>, <span class=\"hps\">fine<\/span> <span class=\"hps\">et fine<\/span> <span class=\"hps\">aiguille<\/span>, <span class=\"hps\">qui est fabriqu\u00e9e<\/span> <span class=\"hps\">avec la<\/span> <span class=\"hps\">pr\u00e9cision<\/span> <span class=\"hps\">et<\/span> <span class=\"hps\">la perfection<\/span> suisses. C&rsquo;est pourquoi ce pistolet d&rsquo;\u00e9tiquetage est un must pour chaque producteur. Il assure tout votre \u00e9tiquetage sans stress, sans endommager le tissu et, bien s\u00fbr, il est con\u00e7u pour les tissus d\u00e9licats multicouches.   Ces performances <span class=\"hps\">donnent<\/span> au <span class=\"hps\">pistolet d&rsquo;\u00e9tiquetage<\/span> <strong><span class=\"hps\">Banok<\/span> <\/strong>un grand <span class=\"hps\">avantage.<\/span> <\/span><\/p>\n<p><span id=\"result_box\" lang=\"en\">Normalement, il peut \u00eatre utilis\u00e9 dans tous les commerces de d\u00e9tail, les magasins de v\u00eatements, la production textile, mais les meilleures performances sont d\u00e9montr\u00e9es dans les <strong>productions de chaussettes<\/strong> o\u00f9 une productivit\u00e9 \u00e9lev\u00e9e et sa qualit\u00e9 sont indispensables. Sans substitution. <span class=\"hps\">Aucun probl\u00e8me<\/span> <span class=\"hps\">ne peut \u00eatre<\/span> <span class=\"hps\">emball\u00e9 et<\/span> <span class=\"hps\">\u00e9tiquet\u00e9<\/span> <span class=\"hps\">plusieurs<\/span> <span class=\"hps\">paires de chaussettes<\/span> <span class=\"hps atn\">(<\/span>XL). <\/span><\/p>\n","protected":false},"excerpt":{"rendered":"<p>La forme et la manipulation du pistolet d&rsquo;\u00e9tiquetage <em>Banok 503 XL<\/em>, l&rsquo;\u00e9tiquetage et l&#8217;emballage des chaussettes sont ergonomiques et faciles. <strong>L&rsquo;AIGUILLE FINE EXTRA LONGUE<\/strong> ne laisse aucun dommage dans les chaussettes.<\/p>\n","protected":false},"featured_media":12902,"template":"","meta":[],"product_cat":[353],"product_tag":[],"_links":{"self":[{"href":"https:\/\/stularplus.com\/fr\/wp-json\/wp\/v2\/product\/12903"}],"collection":[{"href":"https:\/\/stularplus.com\/fr\/wp-json\/wp\/v2\/product"}],"about":[{"href":"https:\/\/stularplus.com\/fr\/wp-json\/wp\/v2\/types\/product"}],"wp:featuredmedia":[{"embeddable":true,"href":"https:\/\/stularplus.com\/fr\/wp-json\/wp\/v2\/media\/12902"}],"wp:attachment":[{"href":"https:\/\/stularplus.com\/fr\/wp-json\/wp\/v2\/media?parent=12903"}],"wp:term":[{"taxonomy":"product_cat","embeddable":true,"href":"https:\/\/stularplus.com\/fr\/wp-json\/wp\/v2\/product_cat?post=12903"},{"taxonomy":"product_tag","embeddable":true,"href":"https:\/\/stularplus.com\/fr\/wp-json\/wp\/v2\/product_tag?post=12903"}],"curies":[{"name":"wp","href":"https:\/\/api.w.org\/{rel}","templated":true}]}}