{"id":12950,"date":"2021-12-05T02:29:50","date_gmt":"2021-12-05T01:29:50","guid":{"rendered":"https:\/\/stularplus.com\/fil-noir-stringtach-200-mm-1-000-pieces\/"},"modified":"2025-12-20T22:54:42","modified_gmt":"2025-12-20T21:54:42","slug":"fil-noir-stringtach-200-mm-1-000-pieces","status":"publish","type":"product","link":"https:\/\/stularplus.com\/fr\/fil-noir-stringtach-200-mm-1-000-pieces\/","title":{"rendered":"Fil noir StringTach 200 mm (1&nbsp;000 pi\u00e8ces)"},"content":{"rendered":"<p>Fil StringTach en textile. Ils combinent l&rsquo;attrait esth\u00e9tique d&rsquo;un cordon avec la rapidit\u00e9 et la s\u00e9curit\u00e9 d&rsquo;une boucle conventionnelle. <\/p>\n<p>Une pointe de fl\u00e8che sp\u00e9ciale facilite l\u2019insertion \u00e0 travers les fermetures \u00e9clair ou les \u0153illets.<\/p>\n<p>Les cordons String Tach sont parfaits pour \u00e9tiqueter les v\u00eatements \u00e9l\u00e9gants et les produits de valeur sup\u00e9rieure. Les cordons donnent aux produits un aspect encore plus \u00e9l\u00e9gant. <\/p>\n<p>Longueur&nbsp;: 200 mm<\/p>\n<p>Couleur&nbsp;: noir<\/p>\n<p>Conditionnement&nbsp;: 1&nbsp;000&nbsp;pi\u00e8ces<\/p>\n","protected":false},"excerpt":{"rendered":"<p>Fil textile StringTach. \u00c9tiquetage facile des textiles \u00e9l\u00e9gants ainsi que des bijoux, sacs, montres, etc. <\/p>\n<p>Le prix est valable pour 1&nbsp;000&nbsp;pi\u00e8ces.<\/p>\n","protected":false},"featured_media":12951,"template":"","meta":[],"product_cat":[291,347],"product_tag":[],"_links":{"self":[{"href":"https:\/\/stularplus.com\/fr\/wp-json\/wp\/v2\/product\/12950"}],"collection":[{"href":"https:\/\/stularplus.com\/fr\/wp-json\/wp\/v2\/product"}],"about":[{"href":"https:\/\/stularplus.com\/fr\/wp-json\/wp\/v2\/types\/product"}],"wp:featuredmedia":[{"embeddable":true,"href":"https:\/\/stularplus.com\/fr\/wp-json\/wp\/v2\/media\/12951"}],"wp:attachment":[{"href":"https:\/\/stularplus.com\/fr\/wp-json\/wp\/v2\/media?parent=12950"}],"wp:term":[{"taxonomy":"product_cat","embeddable":true,"href":"https:\/\/stularplus.com\/fr\/wp-json\/wp\/v2\/product_cat?post=12950"},{"taxonomy":"product_tag","embeddable":true,"href":"https:\/\/stularplus.com\/fr\/wp-json\/wp\/v2\/product_tag?post=12950"}],"curies":[{"name":"wp","href":"https:\/\/api.w.org\/{rel}","templated":true}]}}