{"id":12954,"date":"2021-12-05T02:29:37","date_gmt":"2021-12-05T01:29:37","guid":{"rendered":"https:\/\/stularplus.com\/flexi-cart-jaune\/"},"modified":"2025-12-20T22:54:52","modified_gmt":"2025-12-20T21:54:52","slug":"flexi-cart-jaune","status":"publish","type":"product","link":"https:\/\/stularplus.com\/fr\/flexi-cart-jaune\/","title":{"rendered":"Flexi Cart Jaune"},"content":{"rendered":"<p>Les <strong>chariots de courses<\/strong> Flexi sont <strong>fabriqu\u00e9s en plastique dur et r\u00e9sistant<\/strong> et sont r\u00e9sistants aux chocs. Les <g id=\"gid_2\">chariots de courses<\/g> les plus r\u00e9cents et modernes du march\u00e9. Gr\u00e2ce \u00e0 sa <strong>grande capacit\u00e9 (64 litres)<\/strong>, il peut augmenter les ventes de 40 %, et l&rsquo;utilisateur n&rsquo;a pas l&rsquo;impression de faire de gros achats. Les grandes roues pivotantes rendent le chariot de courses maniable et convivial. Mouvement : tirer ou pousser.    <\/p>\n<p>Avantages du <strong>chariot de courses<\/strong> Flexi :<\/p>\n<p>&#8211; Mobilit\u00e9 extraordinairement l\u00e9g\u00e8re<br \/>\n&#8211; Capacit\u00e9 de 64 litres<br \/>\n&#8211; Augmentation des ventes jusqu&rsquo;\u00e0 40 %<br \/>\n&#8211; Syst\u00e8me EAS de s\u00e9curit\u00e9 int\u00e9gr\u00e9<br \/>\n&#8211; Espace pour la publicit\u00e9<br \/>\n&#8211; La poign\u00e9e renforc\u00e9e est faite d&rsquo;une seule pi\u00e8ce<br \/>\n&#8211; Plastique durable<br \/>\n&#8211; Facile \u00e0 nettoyer<br \/>\n&#8211; Garantie : 1 an<\/p>\n<p><strong>Donn\u00e9es techniques :<\/strong><br \/>\n&#8211; Volume : 64 litres<br \/>\n&#8211; Poids : 2100 g<br \/>\n&#8211; Dimensions (mm) : 480 x 455 x 860<\/p>\n<p><strong>RECYCLAGE<\/strong><br \/>\nLe chariot est con\u00e7u pour simplifier le processus de recyclage. C&rsquo;est devenu l&rsquo;un des rares chariots de courses Flexi Cart PP avec roues qui est facile et moins cher \u00e0 recycler.<br \/>\nCela signifie une garantie suppl\u00e9mentaire de qualit\u00e9 et de respect de l&rsquo;environnement. <\/p>\n<p><strong>Fabriqu\u00e9 dans l&rsquo;UE.<\/strong><\/p>\n","protected":false},"excerpt":{"rendered":"<p><b>Chariot de courses Flexi, jaune.<\/b> Capacit\u00e9 de 64 litres. Excellente alternative aux chariots m\u00e9talliques. Le chariot Flexi est facile \u00e0 utiliser, l\u00e9ger et tr\u00e8s maniable.  <\/p>\n","protected":false},"featured_media":12955,"template":"","meta":[],"product_cat":[332],"product_tag":[],"_links":{"self":[{"href":"https:\/\/stularplus.com\/fr\/wp-json\/wp\/v2\/product\/12954"}],"collection":[{"href":"https:\/\/stularplus.com\/fr\/wp-json\/wp\/v2\/product"}],"about":[{"href":"https:\/\/stularplus.com\/fr\/wp-json\/wp\/v2\/types\/product"}],"wp:featuredmedia":[{"embeddable":true,"href":"https:\/\/stularplus.com\/fr\/wp-json\/wp\/v2\/media\/12955"}],"wp:attachment":[{"href":"https:\/\/stularplus.com\/fr\/wp-json\/wp\/v2\/media?parent=12954"}],"wp:term":[{"taxonomy":"product_cat","embeddable":true,"href":"https:\/\/stularplus.com\/fr\/wp-json\/wp\/v2\/product_cat?post=12954"},{"taxonomy":"product_tag","embeddable":true,"href":"https:\/\/stularplus.com\/fr\/wp-json\/wp\/v2\/product_tag?post=12954"}],"curies":[{"name":"wp","href":"https:\/\/api.w.org\/{rel}","templated":true}]}}