{"id":13081,"date":"2021-12-05T02:29:19","date_gmt":"2021-12-05T01:29:19","guid":{"rendered":"https:\/\/stularplus.com\/outil-detiquetage-de-viande-tagfast\/"},"modified":"2025-12-22T00:13:28","modified_gmt":"2025-12-21T23:13:28","slug":"outil-detiquetage-de-viande-tagfast","status":"publish","type":"product","link":"https:\/\/stularplus.com\/fr\/outil-detiquetage-de-viande-tagfast\/","title":{"rendered":"OUTIL D&rsquo;\u00c9TIQUETAGE DE VIANDE TAGFAST"},"content":{"rendered":"<p>La meilleure solution pour l&rsquo;<strong>\u00e9tiquetage de la viande.<\/strong><br \/>\nAvery Dennison a d\u00e9velopp\u00e9 un <strong>syst\u00e8me d&rsquo;\u00e9tiquetage de viande Kimble<\/strong> &#8211; <strong>pistolet d&rsquo;\u00e9tiquetage<\/strong> de viande sp\u00e9cial et des <strong>attaches de viande \u00e0 double palette<\/strong>.<\/p>\n<p>Con\u00e7u pour l&rsquo;<strong>industrie alimentaire<\/strong>, il est dot\u00e9 d&rsquo;un verrou d&rsquo;aiguille renforc\u00e9 et est <strong>fabriqu\u00e9 \u00e0 partir de mat\u00e9riaux r\u00e9sistants \u00e0 la corrosion<\/strong>, notamment d&rsquo;un cordon en caoutchouc. Il comporte \u00e9galement plusieurs trous de drainage afin que les d\u00e9bris puissent \u00eatre \u00e9vacu\u00e9s rapidement et facilement. \u00c0 utiliser avec l&rsquo;<strong>aiguille sp\u00e9ciale en acier inoxydable<\/strong>.  <\/p>\n<p>Le marquage de la viande fra\u00eeche n&rsquo;est pas un probl\u00e8me. <strong>Tag Fast<\/strong> est sp\u00e9cialement con\u00e7u pour garantir que les \u00e9tiquettes de tra\u00e7abilit\u00e9 ne soient pas perdues pendant le processus. Fabriqu\u00e9es en nylon de qualit\u00e9 alimentaire et dot\u00e9es d&rsquo;une t\u00eate \u00e0 double palette, elles s&rsquo;enl\u00e8vent facilement sans laisser de r\u00e9sidus dans les aliments. Con\u00e7u pour une utilisation intensive, comme les applications de marquage de la viande.  <\/p>\n<p><strong>Les aiguilles en acier inoxydable r\u00e9sistent \u00e0 la corrosion.<\/strong><br \/>\nLes <strong>attaches \u00e0 double palette extra-r\u00e9sistantes<\/strong> offrent une prise ferme pour un retrait facile et complet.<\/p>\n<p><strong>Approuv\u00e9 par la FDA<\/strong> et fabriqu\u00e9 avec des mat\u00e9riaux certifi\u00e9s de qualit\u00e9 alimentaire.<\/p>\n<p>Poids : 0,12 kg\/pi\u00e8ce<\/p>\n","protected":false},"excerpt":{"rendered":"<p>NOUVEL outil \u00e0 poign\u00e9e pistolet pour l&rsquo;<b>\u00e9tiquetage de la viande avec une aiguille sp\u00e9cialement con\u00e7ue.<\/b> Approuv\u00e9 par la FDA et fabriqu\u00e9 avec des mat\u00e9riaux certifi\u00e9s de qualit\u00e9 alimentaire.<\/p>\n","protected":false},"featured_media":13082,"template":"","meta":[],"product_cat":[335],"product_tag":[],"_links":{"self":[{"href":"https:\/\/stularplus.com\/fr\/wp-json\/wp\/v2\/product\/13081"}],"collection":[{"href":"https:\/\/stularplus.com\/fr\/wp-json\/wp\/v2\/product"}],"about":[{"href":"https:\/\/stularplus.com\/fr\/wp-json\/wp\/v2\/types\/product"}],"wp:featuredmedia":[{"embeddable":true,"href":"https:\/\/stularplus.com\/fr\/wp-json\/wp\/v2\/media\/13082"}],"wp:attachment":[{"href":"https:\/\/stularplus.com\/fr\/wp-json\/wp\/v2\/media?parent=13081"}],"wp:term":[{"taxonomy":"product_cat","embeddable":true,"href":"https:\/\/stularplus.com\/fr\/wp-json\/wp\/v2\/product_cat?post=13081"},{"taxonomy":"product_tag","embeddable":true,"href":"https:\/\/stularplus.com\/fr\/wp-json\/wp\/v2\/product_tag?post=13081"}],"curies":[{"name":"wp","href":"https:\/\/api.w.org\/{rel}","templated":true}]}}