{"id":13104,"date":"2021-12-05T02:29:19","date_gmt":"2021-12-05T01:29:19","guid":{"rendered":"https:\/\/stularplus.com\/v-tool\/"},"modified":"2025-12-22T00:13:31","modified_gmt":"2025-12-21T23:13:31","slug":"v-tool","status":"publish","type":"product","link":"https:\/\/stularplus.com\/fr\/v-tool\/","title":{"rendered":"V-TOOL"},"content":{"rendered":"<p><strong>L&rsquo;outil V TOOL d&rsquo;Avery Dennison<\/strong> est l&rsquo;application qui permet d&rsquo;\u00e9conomiser de la main-d&rsquo;\u0153uvre et qui <strong>r\u00e9alise le processus en une seule \u00e9tape<\/strong>.<\/p>\n<p>Au lieu de cela, le syst\u00e8me est dot\u00e9 d&rsquo;un applicateur \u00e0 double crochet et porte-\u00e9tiquette qui r\u00e9pond aux besoins de fixation d&rsquo;\u00e9tiquettes de divers articles. L&rsquo;applicateur \u00e0 crochet s&rsquo;enroule autour des zones s\u00e9lectionn\u00e9es des articles cibl\u00e9s, comme la bandouli\u00e8re d&rsquo;un sac \u00e0 main. <\/p>\n<p>L&rsquo;applicateur porte-\u00e9tiquette est con\u00e7u pour appliquer des attaches en boucle \u00e0 des diam\u00e8tres plus petits, comme la tirette de fermeture \u00e9clair d&rsquo;un portefeuille ou d&rsquo;un sac \u00e0 main. Le processus d&rsquo;application, qui permet d&rsquo;\u00e9conomiser de la main-d&rsquo;\u0153uvre, est r\u00e9alis\u00e9 en une seule \u00e9tape. <\/p>\n<p>L&rsquo;applicateur \u00e0 crochet s&rsquo;enroule autour des zones s\u00e9lectionn\u00e9es des articles cibl\u00e9s, et est utilis\u00e9 pour \u00e9tiqueter les ceintures, les sacs \u00e0 main, les portefeuilles, les lunettes de soleil, etc. L&rsquo;<strong>applicateur porte-\u00e9tiquette<\/strong> est con\u00e7u pour appliquer des attaches en boucle \u00e0 des diam\u00e8tres plus petits, comme la tirette de fermeture \u00e9clair d&rsquo;un portefeuille ou d&rsquo;un sac \u00e0 main. <\/p>\n<p>Poids : 0,28 kg\/pi\u00e8ce<\/p>\n","protected":false},"excerpt":{"rendered":"<p>Le nouveau <b>syst\u00e8me de fixation V-Tool d&rsquo;Avery Dennison<\/b> applique efficacement les \u00e9tiquettes \u00e0 boucle sans perforer le mat\u00e9riau. <b><br \/>\n<\/b><\/p>\n","protected":false},"featured_media":13106,"template":"","meta":[],"product_cat":[365,364],"product_tag":[],"_links":{"self":[{"href":"https:\/\/stularplus.com\/fr\/wp-json\/wp\/v2\/product\/13104"}],"collection":[{"href":"https:\/\/stularplus.com\/fr\/wp-json\/wp\/v2\/product"}],"about":[{"href":"https:\/\/stularplus.com\/fr\/wp-json\/wp\/v2\/types\/product"}],"wp:featuredmedia":[{"embeddable":true,"href":"https:\/\/stularplus.com\/fr\/wp-json\/wp\/v2\/media\/13106"}],"wp:attachment":[{"href":"https:\/\/stularplus.com\/fr\/wp-json\/wp\/v2\/media?parent=13104"}],"wp:term":[{"taxonomy":"product_cat","embeddable":true,"href":"https:\/\/stularplus.com\/fr\/wp-json\/wp\/v2\/product_cat?post=13104"},{"taxonomy":"product_tag","embeddable":true,"href":"https:\/\/stularplus.com\/fr\/wp-json\/wp\/v2\/product_tag?post=13104"}],"curies":[{"name":"wp","href":"https:\/\/api.w.org\/{rel}","templated":true}]}}