{"id":13117,"date":"2021-12-05T02:29:19","date_gmt":"2021-12-05T01:29:19","guid":{"rendered":"https:\/\/stularplus.com\/outil-pg-pour-tissus-delicats-mkiii-outil-detiquetage-kimble-de-qualite-superieure-pour-tissus-delicats\/"},"modified":"2025-12-22T00:13:33","modified_gmt":"2025-12-21T23:13:33","slug":"outil-pg-pour-tissus-delicats-mkiii-outil-detiquetage-kimble-de-qualite-superieure-pour-tissus-delicats","status":"publish","type":"product","link":"https:\/\/stularplus.com\/fr\/outil-pg-pour-tissus-delicats-mkiii-outil-detiquetage-kimble-de-qualite-superieure-pour-tissus-delicats\/","title":{"rendered":"OUTIL PG POUR TISSUS D\u00c9LICATS MKIII &#8211; Outil d&rsquo;\u00e9tiquetage Kimble de qualit\u00e9 sup\u00e9rieure pour tissus d\u00e9licats"},"content":{"rendered":"<p>Les applications d\u00e9licates ne posent aucun probl\u00e8me. Le syst\u00e8me <strong>Fine Fabric<\/strong> est id\u00e9al pour r\u00e9duire le risque de trous et d&rsquo;accrocs lors de la fixation d&rsquo;<strong>\u00e9tiquettes<\/strong> sur les tissus \u00e0 mailles serr\u00e9es tels que la soie, le lin fin et les v\u00eatements pour b\u00e9b\u00e9s.<\/p>\n<p>Outil d&rsquo;<strong>\u00e9tiquetage Kimble Fine Fabric<\/strong> Avery Dennison &#8211; Pistolet d&rsquo;<strong>\u00e9tiquetage<\/strong> pour les <strong>mat\u00e9riaux d\u00e9licats<\/strong> (soie, tiss\u00e9s, sous-v\u00eatements, etc.). C&rsquo;est le syst\u00e8me id\u00e9al pour <strong>r\u00e9duire le risque de trous<\/strong> et d&rsquo;accrocs lors de la fixation d&rsquo;<strong>\u00e9tiquettes<\/strong> sur les tissages interm\u00e9diaires, que ce soit pour l&rsquo;<strong>\u00e9tiquetage<\/strong> sur l&rsquo;\u00e9tiquette tiss\u00e9e ou sur les points de couture.<\/p>\n<p>Con\u00e7u pour fonctionner avec des <strong>aiguilles Fine Fabric<\/strong> sp\u00e9ciales, les v\u00eatements co\u00fbteux sont mieux prot\u00e9g\u00e9s contre les trous. La tension optimis\u00e9e du ressort et la course courte de la g\u00e2chette offrent une sensation de douceur. <\/p>\n<p><strong>Profitez des avantages des remises sur quantit\u00e9 !<\/strong><\/p>\n<p>Poids : 0,12 kg\/pi\u00e8ce<\/p>\n","protected":false},"excerpt":{"rendered":"<p>Outil PG pour tissus d\u00e9licats MKIII de haute qualit\u00e9 pour l&rsquo;<b>\u00e9tiquetage de mat\u00e9riaux d\u00e9licats<\/b>&nbsp;: chemises, sous-v\u00eatements, soie, etc. <strong>Qualit\u00e9 PREMIUM.<\/strong><\/p>\n","protected":false},"featured_media":13119,"template":"","meta":[],"product_cat":[353],"product_tag":[],"_links":{"self":[{"href":"https:\/\/stularplus.com\/fr\/wp-json\/wp\/v2\/product\/13117"}],"collection":[{"href":"https:\/\/stularplus.com\/fr\/wp-json\/wp\/v2\/product"}],"about":[{"href":"https:\/\/stularplus.com\/fr\/wp-json\/wp\/v2\/types\/product"}],"wp:featuredmedia":[{"embeddable":true,"href":"https:\/\/stularplus.com\/fr\/wp-json\/wp\/v2\/media\/13119"}],"wp:attachment":[{"href":"https:\/\/stularplus.com\/fr\/wp-json\/wp\/v2\/media?parent=13117"}],"wp:term":[{"taxonomy":"product_cat","embeddable":true,"href":"https:\/\/stularplus.com\/fr\/wp-json\/wp\/v2\/product_cat?post=13117"},{"taxonomy":"product_tag","embeddable":true,"href":"https:\/\/stularplus.com\/fr\/wp-json\/wp\/v2\/product_tag?post=13117"}],"curies":[{"name":"wp","href":"https:\/\/api.w.org\/{rel}","templated":true}]}}