{"id":13142,"date":"2021-12-05T02:29:19","date_gmt":"2021-12-05T01:29:19","guid":{"rendered":"https:\/\/stularplus.com\/outil-detiquetage-economique-ff-pistolet-kimble-detiquetage-fin-pour-materiaux-delicats\/"},"modified":"2025-12-22T00:13:40","modified_gmt":"2025-12-21T23:13:40","slug":"outil-detiquetage-economique-ff-pistolet-kimble-detiquetage-fin-pour-materiaux-delicats","status":"publish","type":"product","link":"https:\/\/stularplus.com\/fr\/outil-detiquetage-economique-ff-pistolet-kimble-detiquetage-fin-pour-materiaux-delicats\/","title":{"rendered":"OUTIL D&rsquo;\u00c9TIQUETAGE \u00c9CONOMIQUE FF &#8211; Pistolet kimble d&rsquo;\u00e9tiquetage fin pour mat\u00e9riaux d\u00e9licats"},"content":{"rendered":"<p><strong>L&rsquo;outil \u00e0 poign\u00e9e pistolet \u00e9conomique<\/strong> est parfait pour <strong>l&rsquo;\u00e9tiquetage des mat\u00e9riaux d\u00e9licats<\/strong>. L&rsquo;aiguille courte et fine ne laisse pas de marques et n&rsquo;endommage pas les tissus d\u00e9licats tels que la soie, les sous-v\u00eatements, les chemises, etc. <\/p>\n<p>Les <strong>pistolets d&rsquo;\u00e9tiquetage kimble<\/strong> Avery Dennison sont compatibles avec la plupart des <strong>attaches en plastique fines<\/strong> d&rsquo;autres fabricants. Pistolet d&rsquo;\u00e9tiquetage \u00e9conomique pour la pose d&rsquo;attaches Swiftach sur tous types de produits textiles d\u00e9licats. <\/p>\n<p>Ce pistolet d&rsquo;\u00e9tiquetage a \u00e9t\u00e9 con\u00e7u pour tous types de petites boutiques, ateliers, etc. Lors de l&rsquo;achat d&rsquo;un pistolet d&rsquo;\u00e9tiquetage \u00e9conomique, vous recevez \u00e9galement une aiguille avec base en plastique gratuite. <\/p>\n<p>C&rsquo;est <strong>le syst\u00e8me id\u00e9al pour r\u00e9duire le risque de trous<\/strong> et d&rsquo;accrocs lors de la fixation d&rsquo;<strong>\u00e9tiquettes<\/strong> sur les tissages interm\u00e9diaires, que ce soit <strong>l&rsquo;\u00e9tiquetage<\/strong> sur l&rsquo;\u00e9tiquette tiss\u00e9e ou sur les points de couture. Con\u00e7u pour fonctionner avec des <strong>aiguilles pour tissus d\u00e9licats<\/strong> sp\u00e9ciales, les v\u00eatements co\u00fbteux sont mieux prot\u00e9g\u00e9s contre les trous. La tension optimis\u00e9e du ressort et la course courte de la g\u00e2chette offrent une sensation de douceur.<br \/>\n<strong><br \/>\nProfitez des avantages des remises sur quantit\u00e9 !<\/strong><\/p>\n<p>Poids :<br \/>\n0,12 kg\/pi\u00e8ce<\/p>\n","protected":false},"excerpt":{"rendered":"<p>Outil d&rsquo;\u00e9tiquetage Kimble GP FF \u00e9conomique pour <b>l&rsquo;\u00e9tiquetage des mat\u00e9riaux d\u00e9licats<\/b> : chemises, sous-v\u00eatements, soie, etc. <strong>Prix bas &#8211; haute qualit\u00e9.<\/strong><\/p>\n","protected":false},"featured_media":13144,"template":"","meta":[],"product_cat":[353],"product_tag":[],"_links":{"self":[{"href":"https:\/\/stularplus.com\/fr\/wp-json\/wp\/v2\/product\/13142"}],"collection":[{"href":"https:\/\/stularplus.com\/fr\/wp-json\/wp\/v2\/product"}],"about":[{"href":"https:\/\/stularplus.com\/fr\/wp-json\/wp\/v2\/types\/product"}],"wp:featuredmedia":[{"embeddable":true,"href":"https:\/\/stularplus.com\/fr\/wp-json\/wp\/v2\/media\/13144"}],"wp:attachment":[{"href":"https:\/\/stularplus.com\/fr\/wp-json\/wp\/v2\/media?parent=13142"}],"wp:term":[{"taxonomy":"product_cat","embeddable":true,"href":"https:\/\/stularplus.com\/fr\/wp-json\/wp\/v2\/product_cat?post=13142"},{"taxonomy":"product_tag","embeddable":true,"href":"https:\/\/stularplus.com\/fr\/wp-json\/wp\/v2\/product_tag?post=13142"}],"curies":[{"name":"wp","href":"https:\/\/api.w.org\/{rel}","templated":true}]}}