{"id":13151,"date":"2021-12-05T02:29:19","date_gmt":"2021-12-05T01:29:19","guid":{"rendered":"https:\/\/stularplus.com\/outil-kimble-pg-a-aiguille-longue-mkii-pistolet-avery-dennison\/"},"modified":"2025-12-22T00:13:42","modified_gmt":"2025-12-21T23:13:42","slug":"outil-kimble-pg-a-aiguille-longue-mkii-pistolet-avery-dennison","status":"publish","type":"product","link":"https:\/\/stularplus.com\/fr\/outil-kimble-pg-a-aiguille-longue-mkii-pistolet-avery-dennison\/","title":{"rendered":"OUTIL KIMBLE PG \u00c0 AIGUILLE LONGUE MKII &#8211; Pistolet Avery Dennison"},"content":{"rendered":"<p>Le <strong>pistolet \u00e0 aiguille longue Mark II d&rsquo;Avery Dennison<\/strong> est l&rsquo;un des meilleurs <strong>pistolets d&rsquo;\u00e9tiquetage KIMBLE<\/strong> pour les mat\u00e9riaux \u00e9pais. Ce pistolet d&rsquo;\u00e9tiquetage est recommand\u00e9 par la plupart des fabricants industriels. Il suffit d&rsquo;appuyer sur la g\u00e2chette pour que les \u00e9tiquettes soient fix\u00e9es rapidement et facilement.  <\/p>\n<p>Les <strong>pistolets d&rsquo;\u00e9tiquetage kimble<\/strong> Avery Dennison sont compatibles avec la plupart des attaches en plastique (<strong>\u00e9pingles<\/strong>) d&rsquo;autres fabricants.<\/p>\n<p>Les solutions de fixation avec le <strong>pistolet d&rsquo;\u00e9tiquetage kimble Avery Dennison<\/strong> offrent aux fabricants et aux d\u00e9taillants un moyen rentable et de haute qualit\u00e9 de communiquer avec leurs clients. Un outil facile \u00e0 utiliser fournit une attache en plastique qui leur permet de communiquer les avantages du produit, les prix, les instructions d\u00e9taill\u00e9es et m\u00eame l&rsquo;identit\u00e9 de la marque. <\/p>\n<p>Pour une utilisation avec des tissus standard, de poids moyen et des mat\u00e9riaux tr\u00e8s \u00e9pais. Les attaches d&rsquo;\u00e9tiquetage et les aiguilles de remplacement sont vendues s\u00e9par\u00e9ment. <\/p>\n<p>-Utilise les attaches Standard et SWIFTACH PLUS.<br \/>\n-Fabriqu\u00e9 \u00e0 partir de mat\u00e9riaux de qualit\u00e9 pour une durabilit\u00e9 et un fonctionnement long et fiable.<br \/>\n-Les clips de cordon se fixent solidement \u00e0 la poign\u00e9e, gardent le prot\u00e8ge-aiguille \u00e0 port\u00e9e de main.<br \/>\n-La forme modifi\u00e9e de la poign\u00e9e pistolet offre une meilleure sensation et une pression plus facile.<\/p>\n<p><strong>Contenu :<\/strong><br \/>\n1 pistolet d&rsquo;\u00e9tiquetage \u00e0 poign\u00e9e pistolet Mark III d&rsquo;Avery Dennison avec capuchon de s\u00e9curit\u00e9<br \/>\n1 <strong>aiguille enti\u00e8rement en acier<\/strong> Avery Dennison<\/p>\n<p>Poids :<br \/>\n0,12 kg\/pi\u00e8ce<\/p>\n","protected":false},"excerpt":{"rendered":"<p><b>Pistolet \u00e9tiqueteur \u00e0 aiguille longue<\/b> &#8211; Pistolet \u00e9tiqueteur robuste &#8211; con\u00e7u pour l&rsquo;<b>\u00e9tiquetage<\/b> de marchandises volumineuses. L&rsquo;<b>aiguille extra-longue enti\u00e8rement en acier<\/b> peut p\u00e9n\u00e9trer dans tous les types de mat\u00e9riaux \u00e9pais.<\/p>\n","protected":false},"featured_media":13155,"template":"","meta":[],"product_cat":[328],"product_tag":[],"_links":{"self":[{"href":"https:\/\/stularplus.com\/fr\/wp-json\/wp\/v2\/product\/13151"}],"collection":[{"href":"https:\/\/stularplus.com\/fr\/wp-json\/wp\/v2\/product"}],"about":[{"href":"https:\/\/stularplus.com\/fr\/wp-json\/wp\/v2\/types\/product"}],"wp:featuredmedia":[{"embeddable":true,"href":"https:\/\/stularplus.com\/fr\/wp-json\/wp\/v2\/media\/13155"}],"wp:attachment":[{"href":"https:\/\/stularplus.com\/fr\/wp-json\/wp\/v2\/media?parent=13151"}],"wp:term":[{"taxonomy":"product_cat","embeddable":true,"href":"https:\/\/stularplus.com\/fr\/wp-json\/wp\/v2\/product_cat?post=13151"},{"taxonomy":"product_tag","embeddable":true,"href":"https:\/\/stularplus.com\/fr\/wp-json\/wp\/v2\/product_tag?post=13151"}],"curies":[{"name":"wp","href":"https:\/\/api.w.org\/{rel}","templated":true}]}}