{"id":13167,"date":"2021-12-05T02:29:19","date_gmt":"2021-12-05T01:29:19","guid":{"rendered":"https:\/\/stularplus.com\/kit-de-demarrage-pour-fixations-ensemble-detiquetage\/"},"modified":"2025-12-22T00:13:45","modified_gmt":"2025-12-21T23:13:45","slug":"kit-de-demarrage-pour-fixations-ensemble-detiquetage","status":"publish","type":"product","link":"https:\/\/stularplus.com\/fr\/kit-de-demarrage-pour-fixations-ensemble-detiquetage\/","title":{"rendered":"KIT DE D\u00c9MARRAGE POUR FIXATIONS &#8211; ensemble d&rsquo;\u00e9tiquetage"},"content":{"rendered":"<p><span class=\"a-list-item\">Comprend le nouveau pistolet standard MKII, 50 \u00e9tiquettes vierges, des attaches PP de 13, 25 et 50 mm \u00e0 100\/clip, des attaches PP de 65 mm en forme de fourchette \u00e0 25\/clip <\/span><\/p>\n<ul class=\"a-unordered-list a-vertical\">\n<li><span class=\"a-list-item\">Kit de d\u00e9marrage de pistolet d&rsquo;\u00e9tiquetage Avery<\/span><\/li>\n<li><span class=\"a-list-item\">Kit de d\u00e9marrage con\u00e7u pour le nouvel utilisateur<\/span><\/li>\n<li><span class=\"a-list-item\">Le kit est livr\u00e9 complet avec un pistolet, une aiguille, trois vari\u00e9t\u00e9s d&rsquo;\u00e9tiquettes diff\u00e9rentes et des \u00e9tiquettes blanches<\/span><\/li>\n<li><span class=\"a-list-item\">Pistolet d&rsquo;\u00e9tiquetage MkIII<\/span><\/li>\n<li><span class=\"a-list-item\">La mani\u00e8re professionnelle et rapide de fixer des attaches en plastique aux v\u00eatements, aux articles souples, aux tickets et aux \u00e9tiquettes<\/span><\/li>\n<li><span class=\"a-list-item\">L&rsquo;action rapide de la g\u00e2chette n\u00e9cessite une seule pression pour fixer l&rsquo;\u00e9tiquette<\/span><\/li>\n<li><span class=\"a-list-item\">Conception ergonomique pour r\u00e9duire les TMS<\/span><\/li>\n<li><span class=\"a-list-item\">Capuchon d&rsquo;aiguille pour les p\u00e9riodes de non-utilisation<\/span><\/li>\n<\/ul>\n","protected":false},"excerpt":{"rendered":"<p id=\"title\" class=\"a-size-large a-spacing-none\"><span id=\"productTitle\" class=\"a-size-large product-title-word-break\">Kit de d\u00e9marrage d&rsquo;\u00e9tiquetage Avery Fastener avec pistolet, aiguille, 3 styles d&rsquo;\u00e9tiquettes et \u00e9tiquettes blanches R\u00e9f FASK6633 <\/span><\/p>\n","protected":false},"featured_media":13169,"template":"","meta":[],"product_cat":[328],"product_tag":[],"_links":{"self":[{"href":"https:\/\/stularplus.com\/fr\/wp-json\/wp\/v2\/product\/13167"}],"collection":[{"href":"https:\/\/stularplus.com\/fr\/wp-json\/wp\/v2\/product"}],"about":[{"href":"https:\/\/stularplus.com\/fr\/wp-json\/wp\/v2\/types\/product"}],"wp:featuredmedia":[{"embeddable":true,"href":"https:\/\/stularplus.com\/fr\/wp-json\/wp\/v2\/media\/13169"}],"wp:attachment":[{"href":"https:\/\/stularplus.com\/fr\/wp-json\/wp\/v2\/media?parent=13167"}],"wp:term":[{"taxonomy":"product_cat","embeddable":true,"href":"https:\/\/stularplus.com\/fr\/wp-json\/wp\/v2\/product_cat?post=13167"},{"taxonomy":"product_tag","embeddable":true,"href":"https:\/\/stularplus.com\/fr\/wp-json\/wp\/v2\/product_tag?post=13167"}],"curies":[{"name":"wp","href":"https:\/\/api.w.org\/{rel}","templated":true}]}}