{"id":13176,"date":"2021-12-05T02:29:19","date_gmt":"2021-12-05T01:29:19","guid":{"rendered":"https:\/\/stularplus.com\/outil-detiquetage-gp-economique\/"},"modified":"2025-12-22T00:13:50","modified_gmt":"2025-12-21T23:13:50","slug":"outil-detiquetage-gp-economique","status":"publish","type":"product","link":"https:\/\/stularplus.com\/fr\/outil-detiquetage-gp-economique\/","title":{"rendered":"OUTIL D&rsquo;\u00c9TIQUETAGE GP \u00c9CONOMIQUE"},"content":{"rendered":"<p><strong>L&rsquo;outil \u00e0 poign\u00e9e pistolet \u00e9conomique<\/strong> est parfait pour <strong>l&rsquo;\u00e9tiquetage<\/strong> de tous types de <strong>tissus standard<\/strong> tels que les chemises, pantalons, jeans, chapeaux, gants, chaussettes, T-shirts, cuir et autres produits.<\/p>\n<p><strong>Les pistolets d&rsquo;\u00e9tiquetage Avery Dennison Kimble<\/strong> sont compatibles avec la plupart des attaches en plastique d&rsquo;autres fabricants.<\/p>\n<p><strong>Pistolet d&rsquo;\u00e9tiquetage<\/strong> \u00e9conomique pour la pose <strong>d&rsquo;attaches Swiftach<\/strong> sur tous types de produits textiles.<\/p>\n<p>Ce <strong>pistolet d&rsquo;\u00e9tiquetage Kimble<\/strong> a \u00e9t\u00e9 con\u00e7u pour tous types de petites boutiques, ateliers, etc. En achetant un <strong>pistolet d&rsquo;\u00e9tiquetage \u00e9conomique<\/strong>, vous obtenez \u00e9galement <strong>une aiguille avec base en plastique<\/strong> gratuitement.<\/p>\n<p>Poids<br \/>\n0,12 kg\/pi\u00e8ce<\/p>\n","protected":false},"excerpt":{"rendered":"<p>Outil \u00e0 poign\u00e9e pistolet \u00e9conomique pour <b>l&rsquo;\u00e9tiquetage<\/b> de produits textiles : chemises, jeans, chaussettes, &#8230; <strong>Prix bas &#8211; haute qualit\u00e9 !<\/strong><\/p>\n","protected":false},"featured_media":13178,"template":"","meta":[],"product_cat":[328],"product_tag":[],"_links":{"self":[{"href":"https:\/\/stularplus.com\/fr\/wp-json\/wp\/v2\/product\/13176"}],"collection":[{"href":"https:\/\/stularplus.com\/fr\/wp-json\/wp\/v2\/product"}],"about":[{"href":"https:\/\/stularplus.com\/fr\/wp-json\/wp\/v2\/types\/product"}],"wp:featuredmedia":[{"embeddable":true,"href":"https:\/\/stularplus.com\/fr\/wp-json\/wp\/v2\/media\/13178"}],"wp:attachment":[{"href":"https:\/\/stularplus.com\/fr\/wp-json\/wp\/v2\/media?parent=13176"}],"wp:term":[{"taxonomy":"product_cat","embeddable":true,"href":"https:\/\/stularplus.com\/fr\/wp-json\/wp\/v2\/product_cat?post=13176"},{"taxonomy":"product_tag","embeddable":true,"href":"https:\/\/stularplus.com\/fr\/wp-json\/wp\/v2\/product_tag?post=13176"}],"curies":[{"name":"wp","href":"https:\/\/api.w.org\/{rel}","templated":true}]}}