{"id":13193,"date":"2021-12-05T02:29:20","date_gmt":"2021-12-05T01:29:20","guid":{"rendered":"https:\/\/stularplus.com\/aiguille-tout-acier-standard-mkii\/"},"modified":"2025-12-22T00:13:56","modified_gmt":"2025-12-21T23:13:56","slug":"aiguille-tout-acier-standard-mkii","status":"publish","type":"product","link":"https:\/\/stularplus.com\/fr\/aiguille-tout-acier-standard-mkii\/","title":{"rendered":"AIGUILLE TOUT ACIER STANDARD MKII"},"content":{"rendered":"<p>Les <strong>aiguilles TOUT ACIER<\/strong> Avery Dennison sont fabriqu\u00e9es en acier de haute qualit\u00e9.<br \/>\nL&rsquo;acier est pr\u00e9f\u00e9r\u00e9 pour la plupart des applications intensives.<\/p>\n<p>Toutes les aiguilles Avery Dennison sont fabriqu\u00e9es avec pr\u00e9cision avec une pointe arrondie et un profil lisse et exact pour \u00e9viter les accrochages.<br \/>\nLe JEU contient 5 aiguilles.<br \/>\nFabriqu\u00e9 en Suisse<\/p>\n<p><strong>Profitez des avantages des remises sur quantit\u00e9&nbsp;!<\/strong><\/p>\n","protected":false},"excerpt":{"rendered":"<p><b>Aiguilles standard Avery Dennison &#8211; Tout acier (5)<\/b>. Les aiguilles de haute qualit\u00e9 sont en acier. Le prix est pour un JEU de 5 aiguilles. Fabriqu\u00e9 en Suisse   <\/p>\n","protected":false},"featured_media":13195,"template":"","meta":[],"product_cat":[367],"product_tag":[],"_links":{"self":[{"href":"https:\/\/stularplus.com\/fr\/wp-json\/wp\/v2\/product\/13193"}],"collection":[{"href":"https:\/\/stularplus.com\/fr\/wp-json\/wp\/v2\/product"}],"about":[{"href":"https:\/\/stularplus.com\/fr\/wp-json\/wp\/v2\/types\/product"}],"wp:featuredmedia":[{"embeddable":true,"href":"https:\/\/stularplus.com\/fr\/wp-json\/wp\/v2\/media\/13195"}],"wp:attachment":[{"href":"https:\/\/stularplus.com\/fr\/wp-json\/wp\/v2\/media?parent=13193"}],"wp:term":[{"taxonomy":"product_cat","embeddable":true,"href":"https:\/\/stularplus.com\/fr\/wp-json\/wp\/v2\/product_cat?post=13193"},{"taxonomy":"product_tag","embeddable":true,"href":"https:\/\/stularplus.com\/fr\/wp-json\/wp\/v2\/product_tag?post=13193"}],"curies":[{"name":"wp","href":"https:\/\/api.w.org\/{rel}","templated":true}]}}