{"id":13330,"date":"2021-12-05T02:29:20","date_gmt":"2021-12-05T01:29:20","guid":{"rendered":"https:\/\/stularplus.com\/attaches-tageasy-standard-pp-de-65-mm\/"},"modified":"2025-12-22T00:14:23","modified_gmt":"2025-12-21T23:14:23","slug":"attaches-tageasy-standard-pp-de-65-mm","status":"publish","type":"product","link":"https:\/\/stularplus.com\/fr\/attaches-tageasy-standard-pp-de-65-mm\/","title":{"rendered":"Attaches TagEasy Standard PP de 65 mm"},"content":{"rendered":"<div class=\"elementor-element elementor-element-93a7a1e elementor-widget elementor-widget-woocommerce-product-content\" data-id=\"93a7a1e\" data-element_type=\"widget\" data-widget_type=\"woocommerce-product-content.default\">\n<div class=\"elementor-widget-container\">\n<p>Les <strong>attaches Tag Easy<\/strong> sont fabriqu\u00e9es \u00e0 partir du meilleur polypropyl\u00e8ne (PP) de la gamme \u00e9conomique. <strong>Tag Easy<\/strong> est un fabricant de la marque Avery Dennison.<br \/>\n Si vous h\u00e9sitez entre prix et qualit\u00e9, <strong>Tag Easy<\/strong> est sans aucun doute le meilleur choix.<\/p>\n<p>Id\u00e9al pour <strong>l&rsquo;\u00e9tiquetage<\/strong> de tous les mat\u00e9riaux standard. Les <g id=\"gid_1\">attaches d&rsquo;\u00e9tiquetage<\/g> Avery Dennison Swiftach offrent la plus large gamme de tailles et de couleurs pour toute application d&rsquo;\u00e9tiquetage g\u00e9n\u00e9ral. La grande t\u00eate \u00e0 palette offre un avantage suppl\u00e9mentaire : elle emp\u00eache l&rsquo;\u00e9change de tickets.  <\/p>\n<p><strong>Un carton contient 5&nbsp;000&nbsp;attaches (le prix est par bo\u00eete de 5&nbsp;000&nbsp;pi\u00e8ces).<\/strong><\/p>\n<p>Les attaches Tag Easy sont compatibles avec tous les pistolets d\u2019\u00e9tiquetage standard.<\/p>\n<p><strong>Profitez des avantages des remises sur quantit\u00e9 !<\/strong><br \/>\nPoids&nbsp;: 0,07 kg\/millier<\/p>\n<\/div>\n<\/div>\n","protected":false},"excerpt":{"rendered":"<div class=\"elementor-element elementor-element-93a7a1e elementor-widget elementor-widget-woocommerce-product-content\" data-id=\"93a7a1e\" data-element_type=\"widget\" data-widget_type=\"woocommerce-product-content.default\">\n<div class=\"elementor-widget-container\">\n<p><b>Attaches \u00e0 palette standard de 65 mm (PP)<\/b> pour l&rsquo;\u00e9tiquetage (gamme \u00e9conomique). Les <b>attaches d&rsquo;\u00e9tiquetage<\/b> sont id\u00e9ales pour <b>l&rsquo;\u00e9tiquetage<\/b> des mat\u00e9riaux et tissus standard. Le prix est par bo\u00eete de 5 000 pi\u00e8ces. <\/p>\n<\/div>\n<\/div>\n","protected":false},"featured_media":13334,"template":"","meta":[],"product_cat":[],"product_tag":[],"_links":{"self":[{"href":"https:\/\/stularplus.com\/fr\/wp-json\/wp\/v2\/product\/13330"}],"collection":[{"href":"https:\/\/stularplus.com\/fr\/wp-json\/wp\/v2\/product"}],"about":[{"href":"https:\/\/stularplus.com\/fr\/wp-json\/wp\/v2\/types\/product"}],"wp:featuredmedia":[{"embeddable":true,"href":"https:\/\/stularplus.com\/fr\/wp-json\/wp\/v2\/media\/13334"}],"wp:attachment":[{"href":"https:\/\/stularplus.com\/fr\/wp-json\/wp\/v2\/media?parent=13330"}],"wp:term":[{"taxonomy":"product_cat","embeddable":true,"href":"https:\/\/stularplus.com\/fr\/wp-json\/wp\/v2\/product_cat?post=13330"},{"taxonomy":"product_tag","embeddable":true,"href":"https:\/\/stularplus.com\/fr\/wp-json\/wp\/v2\/product_tag?post=13330"}],"curies":[{"name":"wp","href":"https:\/\/api.w.org\/{rel}","templated":true}]}}